{"id":17016,"date":"2021-02-21T14:29:04","date_gmt":"2021-02-21T14:29:04","guid":{"rendered":"https:\/\/www.autonvaraosahaku.fi\/?product=hella-9xw-358-053-161-pyyhkijansulat"},"modified":"2021-02-21T14:29:07","modified_gmt":"2021-02-21T14:29:07","slug":"hella-9xw-358-053-161-pyyhkijansulat","status":"publish","type":"product","link":"https:\/\/www.autonvaraosahaku.fi\/?product=hella-9xw-358-053-161-pyyhkijansulat","title":{"rendered":"HELLA 9XW 358 053-161 Pyyhkij\u00e4nsulat"},"content":{"rendered":"<p>Asennuspuoli: Edess\u00e4, beifahrerseitig; Pituus (mm): 400; Pituus (tuumaa): 16; Vasen \/ oikea liikenne: Ohjaus vasemmalla; M\u00e4\u00e4r\u00e4: 1; Tuotelinja: Cleantech; Pyyhkij\u00e4nsulkatyyppi: Rungottomat; VW: POLO 9N_,POLO 6R, 6C,UP,SHARAN 7N1, 7N2,POLO Stufenheck,GOLF SPORTSVAN AM1,TOURAN,POLO Van 6R,LOAD UP; MERCEDES-BENZ: G-CLASS W463; BMW: 3 Coupe E92,3 Cabriolet E93; OPEL: CORSA D,ADAM,ANTARA,COMBO Kasten\/Kombi,COMBO Tour,AGILA B H08,CORSA D Van,GT Cabriolet,COMBO Kasten\/Kombi X12,COMBO Tour X12,CORSA E,CROSSLAND X,CORSA E Van; FORD: FIESTA V JH_, JD_,FOCUS II Kombi DA_,FOCUS II DA_,KUGA I,FUSION JU_,KA RB_,RANGER TKE,FIESTA Stufenheck JA8 JR8,FOCUS II Stufenheck DA_,FOCUS II Cabriolet,FIESTA Stufenheck JAS JBS,ECOSPORT,KA Van RB,KA,KA + Stufenheck; RENAULT: CLIO III BR0\/1, CR0\/1,TWINGO II CN0_,MEGANE III Grandtour KZ0\/1,SC\u00c9NIC I JA0\/1_,LAGUNA III Grandtour KT0\/1,MEGANE III Schr\u00e4gheck BZ0_,MEGANE III Coupe DZ0\/1_,CLIO Grandtour KR0\/1_,LAGUNA III BT0\/1,MEGANE CC EZ0\/1_,LAGUNA Coupe DT0\/1,WIND E4M_,FLUENCE L30_,LATITUDE L70_,CLIO III Kasten SB_, SR_,THALIA II LU1\/2_,KADJAR,KOLEOS II,ALASKAN; FIAT: PANDA 169,PUNTO 176,CROMA 194,DOBLO Kasten\/Kombi 263,PANDA Van 169,IDEA,DOBLO Gro\u00dfraumlimousine 152, 263,PUNTO Cabriolet 176C,DOBLO Pritsche\/Fahrgestell 263,PUNTO Van 176L,TIPO Schr\u00e4gheck 356_,TIPO Stufenheck 356_; SKODA: CITIGO,RAPID Spaceback NH1,RAPID NH3,RAPID NA2; PEUGEOT: 206 Schr\u00e4gheck 2A\/C,206 CC 2D,207 WA_, WC_,207 CC WD_,207 SW WK_,206 SW 2E\/K,208,206+ T3E,PARTNER Tepee,2008,PARTNER Kasten,207 Stufenheck,206 Stufenheck,206 Van,301,207 Van,PARTNER Pritsche\/Fahrgestell,208 Kasten; SEAT: IBIZA V 6J5, 6P5,LEON 5F1,LEON ST 5F8,IBIZA V ST 6J8, 6P8,ALHAMBRA 710, 711,Mii KF1_,IBIZA V SPORTCOUPE 6J1, 6P1,LEON SC 5F5,TOLEDO IV KG3,ARONA KJ7; Tuulilasinpyyhkimet,Pyyhkij\u00e4t,Pyyhkij\u00e4nsulka<\/p>\n","protected":false},"excerpt":{"rendered":"<p>HELLA Pyyhkij\u00e4nsulat 9XW 358 053-161 Tuulilasinpyyhkimet,Pyyhkij\u00e4t VW,MERCEDES-BENZ,BMW,POLO 9N_,POLO 6R, 6C,UP,SHARAN 7N1, 7N2,POLO Stufenheck<\/p>\n","protected":false},"featured_media":0,"template":"","meta":{"site-sidebar-layout":"default","site-content-layout":"default","ast-global-header-display":"","ast-main-header-display":"","ast-hfb-above-header-display":"","ast-hfb-below-header-display":"","ast-hfb-mobile-header-display":"","site-post-title":"","ast-breadcrumbs-content":"","ast-featured-img":"","footer-sml-layout":"","theme-transparent-header-meta":"","adv-header-id-meta":"","stick-header-meta":"","header-above-stick-meta":"","header-main-stick-meta":"","header-below-stick-meta":""},"pwb-brand":[24],"product_cat":[33],"product_tag":[],"class_list":{"0":"post-17016","1":"product","2":"type-product","3":"status-publish","5":"pwb-brand-hella","6":"product_cat-pyyhkijansulat","7":"desktop-align-left","8":"tablet-align-left","9":"mobile-align-left","11":"first","12":"instock","13":"product-type-external"},"brands":[{"id":24,"name":"HELLA","slug":"hella"}],"_links":{"self":[{"href":"https:\/\/www.autonvaraosahaku.fi\/index.php?rest_route=\/wp\/v2\/product\/17016","targetHints":{"allow":["GET"]}}],"collection":[{"href":"https:\/\/www.autonvaraosahaku.fi\/index.php?rest_route=\/wp\/v2\/product"}],"about":[{"href":"https:\/\/www.autonvaraosahaku.fi\/index.php?rest_route=\/wp\/v2\/types\/product"}],"wp:attachment":[{"href":"https:\/\/www.autonvaraosahaku.fi\/index.php?rest_route=%2Fwp%2Fv2%2Fmedia&parent=17016"}],"wp:term":[{"taxonomy":"pwb-brand","embeddable":true,"href":"https:\/\/www.autonvaraosahaku.fi\/index.php?rest_route=%2Fwp%2Fv2%2Fpwb-brand&post=17016"},{"taxonomy":"product_cat","embeddable":true,"href":"https:\/\/www.autonvaraosahaku.fi\/index.php?rest_route=%2Fwp%2Fv2%2Fproduct_cat&post=17016"},{"taxonomy":"product_tag","embeddable":true,"href":"https:\/\/www.autonvaraosahaku.fi\/index.php?rest_route=%2Fwp%2Fv2%2Fproduct_tag&post=17016"}],"curies":[{"name":"wp","href":"https:\/\/api.w.org\/{rel}","templated":true}]}}