{"id":17018,"date":"2021-02-21T14:29:04","date_gmt":"2021-02-21T14:29:04","guid":{"rendered":"https:\/\/www.autonvaraosahaku.fi\/?product=hella-9xw-358-053-141-pyyhkijansulat"},"modified":"2021-02-21T14:29:07","modified_gmt":"2021-02-21T14:29:07","slug":"hella-9xw-358-053-141-pyyhkijansulat","status":"publish","type":"product","link":"https:\/\/www.autonvaraosahaku.fi\/?product=hella-9xw-358-053-141-pyyhkijansulat","title":{"rendered":"HELLA 9XW 358 053-141 Pyyhkij\u00e4nsulat"},"content":{"rendered":"<p>Asennuspuoli: Edess\u00e4, beifahrerseitig; Pituus (mm): 340; Pituus (tuumaa): 14; Vasen \/ oikea liikenne: Ohjaus vasemmalla; M\u00e4\u00e4r\u00e4: 1; Tuotelinja: Cleantech; Pyyhkij\u00e4nsulkatyyppi: Rungottomat; OPEL: MOKKA; FORD: KA RU8; RENAULT: CLIO IV,CAPTUR,CLIO Grandtour IV,ZOE,TWINGO III,CLIO IV Kasten; FIAT: 500 312,500 C 312,SEDICI,126,500X; TOYOTA: YARIS SCP9_, NSP9_, KSP9_, NCP9_, ZSP9_,AURIS NZE18_, ZRE18_,VIOS\/YARIS Stufenheck ZSP9_, NCP9_,URBAN CRUISER NSP1_, NLP1_, ZSP1_, NCP11_,COROLLA Stufenheck E15_,MATRIX ZRE14_, AZE14_,ALPHARD \/ VELLFIRE GGH2_, ANH2_, ATH2_; HYUNDAI: GETZ TB,i30 GD,ix20 JC,i30 CW GD,SANTA F\u00c9 III DM,GRAND SANTA F\u00c9,ELANTRA Stufenheck MD, UD; CITRO\u00cbN: JUMPER Kasten; NISSAN: NOTE E11,JUKE F15,MICRA IV K13,PIXO UA0,NOTE E12,TIIDA Schr\u00e4gheck,TIIDA Stufenheck SC11X,PULSAR Schr\u00e4gheck C13,MICRA V K14,SENTRA B17; MAZDA: 2 DE,2 Stufenheck DE; KIA: VENGA YN,CEE&#8217;D JD,CEE`D Sportswagon JD,PRO CEE\u00b4D JD,PICANTO JA; Tuulilasinpyyhkimet,Pyyhkij\u00e4t,Pyyhkij\u00e4nsulka<\/p>\n","protected":false},"excerpt":{"rendered":"<p>HELLA Pyyhkij\u00e4nsulat 9XW 358 053-141 Tuulilasinpyyhkimet,Pyyhkij\u00e4t OPEL,FORD,RENAULT,MOKKA,KA RU8,CLIO IV,CAPTUR,CLIO Grandtour IV,ZOE,TWINGO III<\/p>\n","protected":false},"featured_media":0,"template":"","meta":{"site-sidebar-layout":"default","site-content-layout":"default","ast-global-header-display":"","ast-main-header-display":"","ast-hfb-above-header-display":"","ast-hfb-below-header-display":"","ast-hfb-mobile-header-display":"","site-post-title":"","ast-breadcrumbs-content":"","ast-featured-img":"","footer-sml-layout":"","theme-transparent-header-meta":"","adv-header-id-meta":"","stick-header-meta":"","header-above-stick-meta":"","header-main-stick-meta":"","header-below-stick-meta":""},"pwb-brand":[24],"product_cat":[33],"product_tag":[],"class_list":{"0":"post-17018","1":"product","2":"type-product","3":"status-publish","5":"pwb-brand-hella","6":"product_cat-pyyhkijansulat","7":"desktop-align-left","8":"tablet-align-left","9":"mobile-align-left","11":"first","12":"instock","13":"product-type-external"},"brands":[{"id":24,"name":"HELLA","slug":"hella"}],"_links":{"self":[{"href":"https:\/\/www.autonvaraosahaku.fi\/index.php?rest_route=\/wp\/v2\/product\/17018","targetHints":{"allow":["GET"]}}],"collection":[{"href":"https:\/\/www.autonvaraosahaku.fi\/index.php?rest_route=\/wp\/v2\/product"}],"about":[{"href":"https:\/\/www.autonvaraosahaku.fi\/index.php?rest_route=\/wp\/v2\/types\/product"}],"wp:attachment":[{"href":"https:\/\/www.autonvaraosahaku.fi\/index.php?rest_route=%2Fwp%2Fv2%2Fmedia&parent=17018"}],"wp:term":[{"taxonomy":"pwb-brand","embeddable":true,"href":"https:\/\/www.autonvaraosahaku.fi\/index.php?rest_route=%2Fwp%2Fv2%2Fpwb-brand&post=17018"},{"taxonomy":"product_cat","embeddable":true,"href":"https:\/\/www.autonvaraosahaku.fi\/index.php?rest_route=%2Fwp%2Fv2%2Fproduct_cat&post=17018"},{"taxonomy":"product_tag","embeddable":true,"href":"https:\/\/www.autonvaraosahaku.fi\/index.php?rest_route=%2Fwp%2Fv2%2Fproduct_tag&post=17018"}],"curies":[{"name":"wp","href":"https:\/\/api.w.org\/{rel}","templated":true}]}}