{"id":17029,"date":"2021-02-21T14:29:08","date_gmt":"2021-02-21T14:29:08","guid":{"rendered":"https:\/\/www.autonvaraosahaku.fi\/?product=rotovis-automotive-electrics-9090354-laturi"},"modified":"2021-02-21T14:29:10","modified_gmt":"2021-02-21T14:29:10","slug":"rotovis-automotive-electrics-9090354-laturi","status":"publish","type":"product","link":"https:\/\/www.autonvaraosahaku.fi\/?product=rotovis-automotive-electrics-9090354-laturi","title":{"rendered":"ROTOVIS Automotive Electrics 9090354 Laturi"},"content":{"rendered":"<p>J\u00e4nnite (V): 14; Laturi varausvirta (A): 120; kiiloja: 6; Asento \/ aste: li 65; Hihnapy\u00f6r\u00e4-\u00d8[mm]: 60; Hihnapy\u00f6r\u00e4t: V\u00e4lihihnapy\u00f6r\u00e4ll\u00e4; Kiinnitysmalli: Yksitt\u00e4issaranoitu; Valmistusvuoteen: 12\/2006; HYUNDAI: TUCSON JM,SANTA F\u00c9 I SM,SANTA F\u00c9 II CM,TRAJET FO,ELANTRA XD,ELANTRA Stufenheck XD; KIA: SPORTAGE JE_, KM_,CARENS II FJ,CERATO LD,CERATO Stufenheck LD; 3730027010, 3730027011, 3730027012, 3730027013, 3730027030, 3730027031; Generaattori<\/p>\n","protected":false},"excerpt":{"rendered":"<p>ROTOVIS Automotive Electrics Laturi 9090354 Generaattori HYUNDAI,KIA,TUCSON JM,SANTA F\u00c9 I SM,SANTA F\u00c9 II CM,TRAJET FO,ELANTRA XD,ELANTRA Stufenheck XD<\/p>\n","protected":false},"featured_media":0,"template":"","meta":{"site-sidebar-layout":"default","site-content-layout":"default","ast-global-header-display":"","ast-main-header-display":"","ast-hfb-above-header-display":"","ast-hfb-below-header-display":"","ast-hfb-mobile-header-display":"","site-post-title":"","ast-breadcrumbs-content":"","ast-featured-img":"","footer-sml-layout":"","theme-transparent-header-meta":"","adv-header-id-meta":"","stick-header-meta":"","header-above-stick-meta":"","header-main-stick-meta":"","header-below-stick-meta":""},"pwb-brand":[417],"product_cat":[357],"product_tag":[],"class_list":{"0":"post-17029","1":"product","2":"type-product","3":"status-publish","5":"pwb-brand-rotovis-automotive-electrics","6":"product_cat-laturi","7":"desktop-align-left","8":"tablet-align-left","9":"mobile-align-left","11":"first","12":"instock","13":"product-type-external"},"brands":[{"id":417,"name":"ROTOVIS Automotive Electrics","slug":"rotovis-automotive-electrics"}],"_links":{"self":[{"href":"https:\/\/www.autonvaraosahaku.fi\/index.php?rest_route=\/wp\/v2\/product\/17029","targetHints":{"allow":["GET"]}}],"collection":[{"href":"https:\/\/www.autonvaraosahaku.fi\/index.php?rest_route=\/wp\/v2\/product"}],"about":[{"href":"https:\/\/www.autonvaraosahaku.fi\/index.php?rest_route=\/wp\/v2\/types\/product"}],"wp:attachment":[{"href":"https:\/\/www.autonvaraosahaku.fi\/index.php?rest_route=%2Fwp%2Fv2%2Fmedia&parent=17029"}],"wp:term":[{"taxonomy":"pwb-brand","embeddable":true,"href":"https:\/\/www.autonvaraosahaku.fi\/index.php?rest_route=%2Fwp%2Fv2%2Fpwb-brand&post=17029"},{"taxonomy":"product_cat","embeddable":true,"href":"https:\/\/www.autonvaraosahaku.fi\/index.php?rest_route=%2Fwp%2Fv2%2Fproduct_cat&post=17029"},{"taxonomy":"product_tag","embeddable":true,"href":"https:\/\/www.autonvaraosahaku.fi\/index.php?rest_route=%2Fwp%2Fv2%2Fproduct_tag&post=17029"}],"curies":[{"name":"wp","href":"https:\/\/api.w.org\/{rel}","templated":true}]}}