{"id":17031,"date":"2021-02-21T14:29:08","date_gmt":"2021-02-21T14:29:08","guid":{"rendered":"https:\/\/www.autonvaraosahaku.fi\/?product=hjs-90-60-5195-pakoputken-asennussarja"},"modified":"2021-02-21T14:29:10","modified_gmt":"2021-02-21T14:29:10","slug":"hjs-90-60-5195-pakoputken-asennussarja","status":"publish","type":"product","link":"https:\/\/www.autonvaraosahaku.fi\/?product=hjs-90-60-5195-pakoputken-asennussarja","title":{"rendered":"HJS 90 60 5195 Pakoputken asennussarja"},"content":{"rendered":"<p>L\u00e4pimitta [mm]: 50; Putkiliitokset: V-Band.kiristin; Materiaali: Ruostumaton ter\u00e4s; Pakoputkisto: ilman kierrett\u00e4 Lambdasondille; Putkenliitin, Pakoputkisto<\/p>\n","protected":false},"excerpt":{"rendered":"<p>HJS Pakoputken Kiristin 90 60 5195 Putkenliitin, Pakoputkisto<\/p>\n","protected":false},"featured_media":0,"template":"","meta":{"site-sidebar-layout":"default","site-content-layout":"default","ast-global-header-display":"","ast-main-header-display":"","ast-hfb-above-header-display":"","ast-hfb-below-header-display":"","ast-hfb-mobile-header-display":"","site-post-title":"","ast-breadcrumbs-content":"","ast-featured-img":"","footer-sml-layout":"","theme-transparent-header-meta":"","adv-header-id-meta":"","stick-header-meta":"","header-above-stick-meta":"","header-main-stick-meta":"","header-below-stick-meta":""},"pwb-brand":[344],"product_cat":[101],"product_tag":[],"class_list":{"0":"post-17031","1":"product","2":"type-product","3":"status-publish","5":"pwb-brand-hjs","6":"product_cat-pakoputken-asennussarja","7":"desktop-align-left","8":"tablet-align-left","9":"mobile-align-left","11":"first","12":"instock","13":"product-type-external"},"brands":[{"id":344,"name":"HJS","slug":"hjs"}],"_links":{"self":[{"href":"https:\/\/www.autonvaraosahaku.fi\/index.php?rest_route=\/wp\/v2\/product\/17031","targetHints":{"allow":["GET"]}}],"collection":[{"href":"https:\/\/www.autonvaraosahaku.fi\/index.php?rest_route=\/wp\/v2\/product"}],"about":[{"href":"https:\/\/www.autonvaraosahaku.fi\/index.php?rest_route=\/wp\/v2\/types\/product"}],"wp:attachment":[{"href":"https:\/\/www.autonvaraosahaku.fi\/index.php?rest_route=%2Fwp%2Fv2%2Fmedia&parent=17031"}],"wp:term":[{"taxonomy":"pwb-brand","embeddable":true,"href":"https:\/\/www.autonvaraosahaku.fi\/index.php?rest_route=%2Fwp%2Fv2%2Fpwb-brand&post=17031"},{"taxonomy":"product_cat","embeddable":true,"href":"https:\/\/www.autonvaraosahaku.fi\/index.php?rest_route=%2Fwp%2Fv2%2Fproduct_cat&post=17031"},{"taxonomy":"product_tag","embeddable":true,"href":"https:\/\/www.autonvaraosahaku.fi\/index.php?rest_route=%2Fwp%2Fv2%2Fproduct_tag&post=17031"}],"curies":[{"name":"wp","href":"https:\/\/api.w.org\/{rel}","templated":true}]}}