{"id":17036,"date":"2021-02-21T14:29:08","date_gmt":"2021-02-21T14:29:08","guid":{"rendered":"https:\/\/www.autonvaraosahaku.fi\/?product=hella-8eh-188-705-081-sytytystulpat"},"modified":"2021-02-21T14:29:11","modified_gmt":"2021-02-21T14:29:11","slug":"hella-8eh-188-705-081-sytytystulpat","status":"publish","type":"product","link":"https:\/\/www.autonvaraosahaku.fi\/?product=hella-8eh-188-705-081-sytytystulpat","title":{"rendered":"HELLA 8EH 188 705-081 Sytytystulpat"},"content":{"rendered":"<p>Kiristysmomentti: 25; K\u00e4rkiv\u00e4li (mm): 1,0; Kierteen pituus (mm): 26,5; Ulkokierre [mm]: 14; Avainv\u00e4li: 16, 16; Sytytystulppa: 1-maaelektroodi; Valmistusvuosi alkaen: 09\/2010; BMW: 3 Touring E91,3 E90,5 E60,1 E87,5 Touring E61,X3 E83,X1 E84,1 E81,X5 E70,3 Coupe E92,Z4 E85,3 Cabriolet E93,7 E65, E66, E67,1 Cabriolet E88,7 F01, F02, F03, F04,1 Coupe E82,Z4 E89,6 E63,6 Cabriolet E64; LAND ROVER: FREELANDER 2 FA_; VOLVO: V70 II SW,S60 I,V70 III BW; SAAB: 9-3 YS3F,9-3 Kombi YS3F,9-3 Cabriolet YS3F; MERCEDES-BENZ: SLK R171,SL R230,G-CLASS W463; OPEL: INSIGNIA Caravan,VECTRA C Caravan,SIGNUM,VECTRA C,VECTRA C GTS,INSIGNIA,INSIGNIA Stufenheck; SUBARU: IMPREZA Stufenheck GD,IMPREZA Schr\u00e4gheck GR, GH, G3,IMPREZA Station Wagon GG,LEGACY V Station Wagon BM, BR,TRIBECA B9,IMPREZA Stufenheck GR,LEGACY V BM, BR; FORD: MONDEO IV Turnier BA7,MONDEO IV Stufenheck BA7; MITSUBISHI: COLT VI Z3_A, Z2_A; VAUXHALL: VECTRA Mk II C CC,VECTRA Mk II C Estate,SIGNUM; 0035915, 12120032137, 12120032138, 12120035915, 12122158253, 2158253, 1351500118, A1351500118, MA848593, MN128362, MN128363, 1278884, 1351500118, 1278884; Tulpat,Sytytystulppa<\/p>\n","protected":false},"excerpt":{"rendered":"<p>HELLA Sytytystulpat Platinum 8EH 188 705-081 Tulpat,Sytytystulppa BMW,LAND ROVER,VOLVO,3 Touring E91,3 E90,5 E60,1 E87,5 Touring E61,X3 E83,X1 E84<\/p>\n","protected":false},"featured_media":0,"template":"","meta":{"site-sidebar-layout":"default","site-content-layout":"default","ast-global-header-display":"","ast-main-header-display":"","ast-hfb-above-header-display":"","ast-hfb-below-header-display":"","ast-hfb-mobile-header-display":"","site-post-title":"","ast-breadcrumbs-content":"","ast-featured-img":"","footer-sml-layout":"","theme-transparent-header-meta":"","adv-header-id-meta":"","stick-header-meta":"","header-above-stick-meta":"","header-main-stick-meta":"","header-below-stick-meta":""},"pwb-brand":[24],"product_cat":[165],"product_tag":[],"class_list":{"0":"post-17036","1":"product","2":"type-product","3":"status-publish","5":"pwb-brand-hella","6":"product_cat-sytytystulpat","7":"desktop-align-left","8":"tablet-align-left","9":"mobile-align-left","11":"first","12":"instock","13":"product-type-external"},"brands":[{"id":24,"name":"HELLA","slug":"hella"}],"_links":{"self":[{"href":"https:\/\/www.autonvaraosahaku.fi\/index.php?rest_route=\/wp\/v2\/product\/17036","targetHints":{"allow":["GET"]}}],"collection":[{"href":"https:\/\/www.autonvaraosahaku.fi\/index.php?rest_route=\/wp\/v2\/product"}],"about":[{"href":"https:\/\/www.autonvaraosahaku.fi\/index.php?rest_route=\/wp\/v2\/types\/product"}],"wp:attachment":[{"href":"https:\/\/www.autonvaraosahaku.fi\/index.php?rest_route=%2Fwp%2Fv2%2Fmedia&parent=17036"}],"wp:term":[{"taxonomy":"pwb-brand","embeddable":true,"href":"https:\/\/www.autonvaraosahaku.fi\/index.php?rest_route=%2Fwp%2Fv2%2Fpwb-brand&post=17036"},{"taxonomy":"product_cat","embeddable":true,"href":"https:\/\/www.autonvaraosahaku.fi\/index.php?rest_route=%2Fwp%2Fv2%2Fproduct_cat&post=17036"},{"taxonomy":"product_tag","embeddable":true,"href":"https:\/\/www.autonvaraosahaku.fi\/index.php?rest_route=%2Fwp%2Fv2%2Fproduct_tag&post=17036"}],"curies":[{"name":"wp","href":"https:\/\/api.w.org\/{rel}","templated":true}]}}