{"id":17038,"date":"2021-02-21T14:29:08","date_gmt":"2021-02-21T14:29:08","guid":{"rendered":"https:\/\/www.autonvaraosahaku.fi\/?product=hella-8eh-188-704-111-sytytystulpat"},"modified":"2021-02-21T14:29:11","modified_gmt":"2021-02-21T14:29:11","slug":"hella-8eh-188-704-111-sytytystulpat","status":"publish","type":"product","link":"https:\/\/www.autonvaraosahaku.fi\/?product=hella-8eh-188-704-111-sytytystulpat","title":{"rendered":"HELLA 8EH 188 704-111 Sytytystulpat"},"content":{"rendered":"<p>Kiristysmomentti: 25; K\u00e4rkiv\u00e4li (mm): 1,1; Kierteen pituus (mm): 19; Ulkokierre [mm]: 14; Avainv\u00e4li: 16; Sytytystulppa: 1-maaelektroodi; TECDOC-moottorinumero: 1960; MAZDA: 323 F VI BJ,MPV II LW,626 IV Hatchback GE,626 III GD,626 III Hatchback GD,626 III Coupe GD,626 III Station Wagon GV,929 III HC,MPV I LV; CHEVROLET: ORLANDO J309,CRUZE J300,CRUZE Station Wagon J308,CRUZE Schr\u00e4gheck J305,TRAX; FORD USA: PROBE II ECP,PROBE I; HONDA: ACCORD VI CG, CK,CIVIC VI Fastback MA, MB,CIVIC VI Aerodeck MB, MC,CR-V I RD,CIVIC V Hatchback EG,PRELUDE V BB,ACCORD VI Hatchback CH,ACCORD VI Coupe CG,ACCORD V CE, CF,PRELUDE IV BB,SHUTTLE RA,CIVIC V Coupe EJ,ACCORD IV CB,ACCORD V Aerodeck CE,ACCORD V CC, CD,ACCORD V Coupe CD,ACCORD IV Aerodeck CB,ACCORD IV Coupe CB, CC; ROVER: 600 RH; 9004851099000, 9004851100, 9004851100000, 980795515G, 980795611R00, 9807956140, 980795614B, 980795614E, 980795614G, 980795614G01, 980795615E, 980795615G, 980795714G, 0K01C18110, 2240110P16, 2240150Y06, 5860031240, 5861239520, 8943283720, 8943283740, 0K01C18110, 9009870005, 9009870040, 9009870047, 90919YZZAC, 000018BP03, 000018F285, 1A5318110, 1Y0A18110, 1Y0H18110, B66018110, B66718110, BP0318110, BP0418110, BPY318110, F26118110, F28618110, F28718110, F28818110, F2C518110, F2C718110, ZM0118110, MD358200, MD358201, MD358202, MS851357, MS851358, MS851388, MS851728, 2240110P16, 2240150Y06, 22401AA310, 22401AA320, 22401KA010, 22401KA030, 0948200494, 0948200508, 9009870005, 9009870040, 9009870047, 9009870066, 90919YZZAC; Tulpat,Sytytystulppa<\/p>\n","protected":false},"excerpt":{"rendered":"<p>HELLA Sytytystulpat Energy Pro 8EH 188 704-111 Tulpat,Sytytystulppa MAZDA,CHEVROLET,FORD USA,323 F VI BJ,MPV II LW,626 IV Hatchback GE,626 III GD<\/p>\n","protected":false},"featured_media":0,"template":"","meta":{"site-sidebar-layout":"default","site-content-layout":"default","ast-global-header-display":"","ast-main-header-display":"","ast-hfb-above-header-display":"","ast-hfb-below-header-display":"","ast-hfb-mobile-header-display":"","site-post-title":"","ast-breadcrumbs-content":"","ast-featured-img":"","footer-sml-layout":"","theme-transparent-header-meta":"","adv-header-id-meta":"","stick-header-meta":"","header-above-stick-meta":"","header-main-stick-meta":"","header-below-stick-meta":""},"pwb-brand":[24],"product_cat":[165],"product_tag":[],"class_list":{"0":"post-17038","1":"product","2":"type-product","3":"status-publish","5":"pwb-brand-hella","6":"product_cat-sytytystulpat","7":"desktop-align-left","8":"tablet-align-left","9":"mobile-align-left","11":"first","12":"instock","13":"product-type-external"},"brands":[{"id":24,"name":"HELLA","slug":"hella"}],"_links":{"self":[{"href":"https:\/\/www.autonvaraosahaku.fi\/index.php?rest_route=\/wp\/v2\/product\/17038","targetHints":{"allow":["GET"]}}],"collection":[{"href":"https:\/\/www.autonvaraosahaku.fi\/index.php?rest_route=\/wp\/v2\/product"}],"about":[{"href":"https:\/\/www.autonvaraosahaku.fi\/index.php?rest_route=\/wp\/v2\/types\/product"}],"wp:attachment":[{"href":"https:\/\/www.autonvaraosahaku.fi\/index.php?rest_route=%2Fwp%2Fv2%2Fmedia&parent=17038"}],"wp:term":[{"taxonomy":"pwb-brand","embeddable":true,"href":"https:\/\/www.autonvaraosahaku.fi\/index.php?rest_route=%2Fwp%2Fv2%2Fpwb-brand&post=17038"},{"taxonomy":"product_cat","embeddable":true,"href":"https:\/\/www.autonvaraosahaku.fi\/index.php?rest_route=%2Fwp%2Fv2%2Fproduct_cat&post=17038"},{"taxonomy":"product_tag","embeddable":true,"href":"https:\/\/www.autonvaraosahaku.fi\/index.php?rest_route=%2Fwp%2Fv2%2Fproduct_tag&post=17038"}],"curies":[{"name":"wp","href":"https:\/\/api.w.org\/{rel}","templated":true}]}}