{"id":17039,"date":"2021-02-21T14:29:12","date_gmt":"2021-02-21T14:29:12","guid":{"rendered":"https:\/\/www.autonvaraosahaku.fi\/?product=hella-8eh-188-704-091-sytytystulpat"},"modified":"2021-02-21T14:29:12","modified_gmt":"2021-02-21T14:29:12","slug":"hella-8eh-188-704-091-sytytystulpat","status":"publish","type":"product","link":"https:\/\/www.autonvaraosahaku.fi\/?product=hella-8eh-188-704-091-sytytystulpat","title":{"rendered":"HELLA 8EH 188 704-091 Sytytystulpat"},"content":{"rendered":"<p>Kiristysmomentti: 25; K\u00e4rkiv\u00e4li (mm): 0,9; Kierteen pituus (mm): 19; Ulkokierre [mm]: M14x1,25; Avainv\u00e4li: 16; Sytytystulppa: 2-maaelektroodia; Moottorinumero: M40 B16; BMW: 5 E39,5 Touring E39,3 Compact E36,3 E36,3 E30,7 E38,3 Coupe E36,Z3 E36,5 E34,3 Cabriolet E30,3 Cabriolet E36,3 Touring E36,7 E32,8 E31,5 Touring E34,3 Touring E30; DAEWOO: LEGANZA KLAV; SAAB: 900 II Cabriolet,900 II; MERCEDES-BENZ: V-CLASS 638\/2; OPEL: OMEGA A 16_, 17_, 19_,CALIBRA A 85_,KADETT E CC 33_, 34_, 43_, 44_,SENATOR B 29_,OMEGA A Caravan 66_, 67_; LANCIA: ZETA 220; DACIA: DUSTER,SANDERO,LOGAN MCV KS_,LODGY,DOKKER,LOGAN LS_,DOKKER Express,LOGAN EXPRESS FS_,LOGAN Pick-up US_; FIAT: ULYSSE 220; CITRO\u00cbN: BERLINGO MF,SAXO S0, S1,BERLINGO Kasten M_,XSARA N1,XSARA Break N2,JUMPER Kasten 244,XM Y4,XSARA Coupe N0,XANTIA X1,AX ZA-_,EVASION 22, U6,XANTIA Break X2,JUMPER Kasten 230L,JUMPER Bus 244, Z_,XM Y3,XANTIA Break X1,ZX Break N2,XM Break Y4,JUMPER Pritsche\/Fahrgestell 230; PEUGEOT: 206 Schr\u00e4gheck 2A\/C,106 II 1,306 Schr\u00e4gheck 7A, 7C, N3, N5,306 Cabriolet 7D, N3, N5,406 Break 8E\/F,PARTNER Combispace 5F,106 I 1A, 1C,205 II 20A\/C,PARTNER Kasten 5,406 Coupe 8C,306 Break 7E, N3, N5,406 8B,806 221,BOXER Kasten 230L,BOXER Kasten 244,306 7B, N3, N5,205 I Cabriolet 741B, 20D,BOXER Bus 230P,BOXER Bus 244, Z_,BOXER Pritsche\/Fahrgestell ZCT_,605 6B,405 II 4B; 101000055AA, 101000055AA, 12121704399, 12129063428, 12129064617, 12129064619, 12129064656, 12129065366, 1704399, 9063428, 9064617, 9064619, 9064656, 9065366, 5962IK, 5962OE, 5962Y8, 5962Z1, 5962ZO, 7700115827, 9626575480, 101000055AA, 12121704399, 12129063428, 12129064617, 12129064619, 12129064656, 12129065366, 1704399, 9063428, 9064617, 9064619, 9064656, 9065366, 90357729, 5962IK, 5962OE, 5962Y8, 5962Z1, 5962ZO, 7700115827, 9626575480, 101000055AA, 101000055AA, 101000055AA; Tulpat,Sytytystulppa<\/p>\n","protected":false},"excerpt":{"rendered":"<p>HELLA Sytytystulpat Energy Pro 8EH 188 704-091 Tulpat,Sytytystulppa BMW,DAEWOO,SAAB,5 E39,5 Touring E39,3 Compact E36,3 E36,3 E30,7 E38,3 Coupe E36<\/p>\n","protected":false},"featured_media":0,"template":"","meta":{"site-sidebar-layout":"default","site-content-layout":"default","ast-global-header-display":"","ast-main-header-display":"","ast-hfb-above-header-display":"","ast-hfb-below-header-display":"","ast-hfb-mobile-header-display":"","site-post-title":"","ast-breadcrumbs-content":"","ast-featured-img":"","footer-sml-layout":"","theme-transparent-header-meta":"","adv-header-id-meta":"","stick-header-meta":"","header-above-stick-meta":"","header-main-stick-meta":"","header-below-stick-meta":""},"pwb-brand":[24],"product_cat":[165],"product_tag":[],"class_list":{"0":"post-17039","1":"product","2":"type-product","3":"status-publish","5":"pwb-brand-hella","6":"product_cat-sytytystulpat","7":"desktop-align-left","8":"tablet-align-left","9":"mobile-align-left","11":"first","12":"instock","13":"product-type-external"},"brands":[{"id":24,"name":"HELLA","slug":"hella"}],"_links":{"self":[{"href":"https:\/\/www.autonvaraosahaku.fi\/index.php?rest_route=\/wp\/v2\/product\/17039","targetHints":{"allow":["GET"]}}],"collection":[{"href":"https:\/\/www.autonvaraosahaku.fi\/index.php?rest_route=\/wp\/v2\/product"}],"about":[{"href":"https:\/\/www.autonvaraosahaku.fi\/index.php?rest_route=\/wp\/v2\/types\/product"}],"wp:attachment":[{"href":"https:\/\/www.autonvaraosahaku.fi\/index.php?rest_route=%2Fwp%2Fv2%2Fmedia&parent=17039"}],"wp:term":[{"taxonomy":"pwb-brand","embeddable":true,"href":"https:\/\/www.autonvaraosahaku.fi\/index.php?rest_route=%2Fwp%2Fv2%2Fpwb-brand&post=17039"},{"taxonomy":"product_cat","embeddable":true,"href":"https:\/\/www.autonvaraosahaku.fi\/index.php?rest_route=%2Fwp%2Fv2%2Fproduct_cat&post=17039"},{"taxonomy":"product_tag","embeddable":true,"href":"https:\/\/www.autonvaraosahaku.fi\/index.php?rest_route=%2Fwp%2Fv2%2Fproduct_tag&post=17039"}],"curies":[{"name":"wp","href":"https:\/\/api.w.org\/{rel}","templated":true}]}}