{"id":17041,"date":"2021-02-21T14:29:12","date_gmt":"2021-02-21T14:29:12","guid":{"rendered":"https:\/\/www.autonvaraosahaku.fi\/?product=hella-8dz-355-209-121-muut-luokat"},"modified":"2021-02-21T14:29:13","modified_gmt":"2021-02-21T14:29:13","slug":"hella-8dz-355-209-121-muut-luokat","status":"publish","type":"product","link":"https:\/\/www.autonvaraosahaku.fi\/?product=hella-8dz-355-209-121-muut-luokat","title":{"rendered":"HELLA 8DZ 355 209-121 Muut luokat"},"content":{"rendered":"<p>Pituus (mm): 14; Kierremitta: M6x1; Materiaali: Ter\u00e4s; Pinta: Geomet\u00aerisoitu; Ruuvikanta\/mutteriprofiili: Torx, sis\u00e4; M\u00e4\u00e4r\u00e4: 2; Teknisten tietojen numero: PAG0012; Asennuspuoli: Vorderachse; ABARTH: PUNTO 199_; HONDA: CR-V III RE,CR-V II RD_,ACCORD VII CL,CIVIC VI Hatchback EJ, EK,CR-V IV RE,ACCORD VIII CU,ACCORD VII Tourer CM,ACCORD VIII Kombi,CIVIC VIII Stufenheck FD, FA,INTEGRA Coupe DC2, DC4,CIVIC VII Stufenheck ES,CIVIC IX Stufenheck FB, FG,ACCORD VII CM,ODYSSEY RB_,CIVIC IX Tourer FK,CITY Stufenheck GM,HR-V RU,ACCORD Coupe CM,ACCORD III Coupe,CIVIC X Stufenheck FC_,CIVIC X Coupe,CITY Stufenheck GM6,ACCORD IX Stufenheck,CROSSTOUR; SUZUKI: SWIFT IV FZ, NZ; TOYOTA: PROACE Bus MPY_,PROACE Kasten MDZ_,PROACE Pritsche\/Fahrgestell MDZ_; SMART: FORTWO Coupe 451,FORTWO Cabrio 451,FORTWO Coupe 450,FORTWO Cabrio 450; FIAT: GRANDE PUNTO 199,PUNTO EVO 199,SCUDO 270_,PUNTO 199,SCUDO Kasten 270_,PUNTO Van 199,SCUDO Pritsche\/Fahrgestell 270_,PUNTO EVO Van 199_; CITRO\u00cbN: BERLINGO MF,XSARA PICASSO N68,C2 JM_,C3 I FC_,BERLINGO B9,C5 III Break TD_,C4 Picasso I UD_,C4 Grand Picasso I UA_,C4 I LC_,SAXO S0, S1,DS3,BERLINGO Kasten M_,C5 II Break RE_,C3 Picasso,C5 I DC_,C5 I Break DE_,C5 III RD_,C3 II,XSARA N1,C4 Coupe LA_,C3 Pluriel HB_,C4 II B7,C5 II RC_,XSARA Break N2,JUMPY,BERLINGO Kasten B9,C6 TD_,JUMPY Kasten,C4 Grand Picasso II,C4 Picasso II,XANTIA X2,DS4,XSARA Coupe N0,AX ZA-_,DS5,C4 Stufenheck L,ZX N2,BX XB-_,DS3 Cabriolet,ZX Break N2,C2 ENTERPRISE,BX Break XB-_,C15 VD-_,BERLINGO Pritsche\/Fahrgestell B9,C-ELYSEE,C4 CACTUS,C15 Kombi,XSARA Kasten,SPACETOURER,C3 III SX,C3 AIRCROSS II,C4 Stufenheck N,JUMPY Pritsche\/Fahrgestell,SAXO Hatchback van S3_,XSARA Kasten\/Schr\u00e4gheck,C3 AIRCROSS; PEUGEOT: 206 Schr\u00e4gheck 2A\/C,206 CC 2D,207 WA_, WC_,307 SW 3H,207 CC WD_,307 CC 3B,407 SW 6E_,307 3A\/C,207 SW WK_,308 SW,206 SW 2E\/K,208,106 II 1,206+ T3E,308 4A_, 4C_,5008,307 Break 3E,508 SW,306 Schr\u00e4gheck 7A, 7C, N3, N5,607 9D, 9U,306 Cabriolet 7D, N3, N5,407 6D_,3008,406 Break 8E\/F,PARTNER Tepee,RCZ,308 CC,1007 KM_,PARTNER Combispace 5F,106 I 1A, 1C,205 II 20A\/C,2008,PARTNER Kasten 5,406 Coupe 8C,306 Break 7E, N3, N5,406 8B,508,407 Coupe 6C_,EXPERT Tepee VF3V_,EXPERT Kasten VF3A_, VF3U_, VF3X_,306 7B, N3, N5,205 I Cabriolet 741B, 20D,307 Stufenheck,PARTNER Kasten,207 Stufenheck,206 Stufenheck,308 II,309 II 3C, 3A,205 I 741A\/C,405 I 15B,206 Van,605 6B,405 II 4B,106 Van 1_,309 I 10C, 10A,306 Van N_, 7_,405 II Break 4E,405 I Break 15E,301,308 SW II,205 Kasten,207 Van,EXPERT Pritsche\/Fahrgestell,PARTNER Pritsche\/Fahrgestell,3008 SUV,EXPERT Kasten,5008 II,TRAVELLER,306 Kasten\/Schr\u00e4gheck,208 Kasten; DS: DS 3,DS5,DS7 Crossback,DS 4 \/ DS 4 CROSSBACK,DS 3 Cabriolet; ACURA: MDX YD2; 690536, 51741440, 93600060140H, 690536, 0009908502, 021220612A, 021220612A000<\/p>\n","protected":false},"excerpt":{"rendered":"<p>HELLA Ruuvi, Jarrulevy 8DZ 355 209-121  ABARTH,HONDA,SUZUKI,PUNTO 199_,CR-V III RE,CR-V II RD_,ACCORD VII CL,CIVIC VI Hatchback EJ, EK,CR-V IV RE<\/p>\n","protected":false},"featured_media":0,"template":"","meta":{"site-sidebar-layout":"default","site-content-layout":"default","ast-global-header-display":"","ast-main-header-display":"","ast-hfb-above-header-display":"","ast-hfb-below-header-display":"","ast-hfb-mobile-header-display":"","site-post-title":"","ast-breadcrumbs-content":"","ast-featured-img":"","footer-sml-layout":"","theme-transparent-header-meta":"","adv-header-id-meta":"","stick-header-meta":"","header-above-stick-meta":"","header-main-stick-meta":"","header-below-stick-meta":""},"pwb-brand":[24],"product_cat":[37],"product_tag":[],"class_list":{"0":"post-17041","1":"product","2":"type-product","3":"status-publish","5":"pwb-brand-hella","6":"product_cat-muut-luokat","7":"desktop-align-left","8":"tablet-align-left","9":"mobile-align-left","11":"first","12":"instock","13":"product-type-external"},"brands":[{"id":24,"name":"HELLA","slug":"hella"}],"_links":{"self":[{"href":"https:\/\/www.autonvaraosahaku.fi\/index.php?rest_route=\/wp\/v2\/product\/17041","targetHints":{"allow":["GET"]}}],"collection":[{"href":"https:\/\/www.autonvaraosahaku.fi\/index.php?rest_route=\/wp\/v2\/product"}],"about":[{"href":"https:\/\/www.autonvaraosahaku.fi\/index.php?rest_route=\/wp\/v2\/types\/product"}],"wp:attachment":[{"href":"https:\/\/www.autonvaraosahaku.fi\/index.php?rest_route=%2Fwp%2Fv2%2Fmedia&parent=17041"}],"wp:term":[{"taxonomy":"pwb-brand","embeddable":true,"href":"https:\/\/www.autonvaraosahaku.fi\/index.php?rest_route=%2Fwp%2Fv2%2Fpwb-brand&post=17041"},{"taxonomy":"product_cat","embeddable":true,"href":"https:\/\/www.autonvaraosahaku.fi\/index.php?rest_route=%2Fwp%2Fv2%2Fproduct_cat&post=17041"},{"taxonomy":"product_tag","embeddable":true,"href":"https:\/\/www.autonvaraosahaku.fi\/index.php?rest_route=%2Fwp%2Fv2%2Fproduct_tag&post=17041"}],"curies":[{"name":"wp","href":"https:\/\/api.w.org\/{rel}","templated":true}]}}