{"id":17055,"date":"2021-02-21T14:29:12","date_gmt":"2021-02-21T14:29:12","guid":{"rendered":"https:\/\/www.autonvaraosahaku.fi\/?product=valeo-832263-kytkinpaketti"},"modified":"2021-02-21T14:29:14","modified_gmt":"2021-02-21T14:29:14","slug":"valeo-832263-kytkinpaketti","status":"publish","type":"product","link":"https:\/\/www.autonvaraosahaku.fi\/?product=valeo-832263-kytkinpaketti","title":{"rendered":"VALEO 832263 Kytkinpaketti"},"content":{"rendered":"<p>Uusi osa: ; Lis\u00e4tarvike\/lis\u00e4tieto: Painelevyll\u00e4; Ulkol\u00e4pimitta [mm]: 200; Ty\u00f6nt\u00f6voima [N]: 4200; Korvaava tuote\/korvaava tiedote 2: Kytkinlevyll\u00e4, irroitinlaakerilla; Ulkol\u00e4pimitta 1 [mm]: 200; Hammasluku: 18; Napaprofiili: 21,8 x 18,2; K\u00e4ytt\u00f6tapa: Painekytkin; Paino [kg]: 5,03; Tuotelinja: KIT3P; Valmistusvuoteen: 09\/2015; OPEL: CROSSLAND X; CITRO\u00cbN: C2 JM_,C3 I FC_,DS3,C3 II,C3 Pluriel HB_,NEMO Kasten AA_,NEMO Kombi,DS3 Cabriolet,C2 ENTERPRISE,C-ELYSEE,C1 II,C4 CACTUS,C3 III SX,C3 AIRCROSS II; PEUGEOT: 206 Schr\u00e4gheck 2A\/C,207 WA_, WC_,207 CC WD_,207 SW WK_,206 SW 2E\/K,208,206+ T3E,1007 KM_,2008,206 Stufenheck,BIPPER AA_,BIPPER Tepee,206 Van,301,207 Van,108,208 Kasten; DS: DS 3,DS 3 Cabriolet; VAUXHALL: CROSSLAND X; 1607870480, 1610922580, 1611266580, 1611284580, 1611284980, 2050N5, 2051E4, 2051W0, 2051Z8, 205285, 2052E1, 2052Q0, 2052T3, 205301, 205309, 205315, 205808, 1611284980, 1611284980, 1607870480, 1610922580, 1611266580, 1611284580, 1611284980, 2050K8, 205152, 2051H9, 2051R9, 2051W0, 2051Z8, 205284, 205290, 2052E0, 2052Q0, 2052T3, 205301, 205309, 205315, 205801, 205808, 1611284980; Kytkinsarja<\/p>\n","protected":false},"excerpt":{"rendered":"<p>VALEO Kytkinpaketti 832263 Kytkinsarja OPEL,CITRO\u00cbN,PEUGEOT,CROSSLAND X,C2 JM_,C3 I FC_,DS3,C3 II,C3 Pluriel HB_,NEMO Kasten AA_,NEMO Kombi<\/p>\n","protected":false},"featured_media":0,"template":"","meta":{"site-sidebar-layout":"default","site-content-layout":"default","ast-global-header-display":"","ast-main-header-display":"","ast-hfb-above-header-display":"","ast-hfb-below-header-display":"","ast-hfb-mobile-header-display":"","site-post-title":"","ast-breadcrumbs-content":"","ast-featured-img":"","footer-sml-layout":"","theme-transparent-header-meta":"","adv-header-id-meta":"","stick-header-meta":"","header-above-stick-meta":"","header-main-stick-meta":"","header-below-stick-meta":""},"pwb-brand":[28],"product_cat":[21],"product_tag":[],"class_list":{"0":"post-17055","1":"product","2":"type-product","3":"status-publish","5":"pwb-brand-valeo","6":"product_cat-kytkinpaketti","7":"desktop-align-left","8":"tablet-align-left","9":"mobile-align-left","11":"first","12":"instock","13":"product-type-external"},"brands":[{"id":28,"name":"VALEO","slug":"valeo"}],"_links":{"self":[{"href":"https:\/\/www.autonvaraosahaku.fi\/index.php?rest_route=\/wp\/v2\/product\/17055","targetHints":{"allow":["GET"]}}],"collection":[{"href":"https:\/\/www.autonvaraosahaku.fi\/index.php?rest_route=\/wp\/v2\/product"}],"about":[{"href":"https:\/\/www.autonvaraosahaku.fi\/index.php?rest_route=\/wp\/v2\/types\/product"}],"wp:attachment":[{"href":"https:\/\/www.autonvaraosahaku.fi\/index.php?rest_route=%2Fwp%2Fv2%2Fmedia&parent=17055"}],"wp:term":[{"taxonomy":"pwb-brand","embeddable":true,"href":"https:\/\/www.autonvaraosahaku.fi\/index.php?rest_route=%2Fwp%2Fv2%2Fpwb-brand&post=17055"},{"taxonomy":"product_cat","embeddable":true,"href":"https:\/\/www.autonvaraosahaku.fi\/index.php?rest_route=%2Fwp%2Fv2%2Fproduct_cat&post=17055"},{"taxonomy":"product_tag","embeddable":true,"href":"https:\/\/www.autonvaraosahaku.fi\/index.php?rest_route=%2Fwp%2Fv2%2Fproduct_tag&post=17055"}],"curies":[{"name":"wp","href":"https:\/\/api.w.org\/{rel}","templated":true}]}}