{"id":17064,"date":"2021-02-21T14:29:16","date_gmt":"2021-02-21T14:29:16","guid":{"rendered":"https:\/\/www.autonvaraosahaku.fi\/?product=maxgear-78-0111-lamput-hehkulamppu"},"modified":"2021-02-21T14:29:17","modified_gmt":"2021-02-21T14:29:17","slug":"maxgear-78-0111-lamput-hehkulamppu","status":"publish","type":"product","link":"https:\/\/www.autonvaraosahaku.fi\/?product=maxgear-78-0111-lamput-hehkulamppu","title":{"rendered":"MAXGEAR 78-0111 Lamput (hehkulamppu)"},"content":{"rendered":"<p>Lamppumalli: D2R (kaasupurkauslamppu); Kantamalli: P32d-3; Nimellisteho (W): 35; J\u00e4nnite (V): 85; V\u00e4ril\u00e4mp\u00f6 [K]: 4300; Lyhdyn muoto: Bi-Xenon; AUDI: A8 4D2, 4D8; NISSAN: QASHQAI \/ QASHQAI +2 J10, JJ10,X-TRAIL T30,PATHFINDER R51,PRIMERA Kombi WP12,PRIMERA P12,350 Z Z33,MURANO Z50,PRIMERA Hatchback P12,350 Z Roadster Z33,MAXIMA QX A33,MAXIMA QX A32,TEANA II J32; LEXUS: GS UZS161, JZS160,LS UCF20,LS UCF30,ES MCV_, VZV_; HONDA: CIVIC VIII Hatchback FN, FK,CIVIC VIII Stufenheck FD, FA; VOLVO: V40 Kombi VW,V70 II SW,XC90 I,S60 I,S80 I TS, XY,XC70 CROSS COUNTRY,S40 I VS; MERCEDES-BENZ: C-CLASS W203,C-CLASS T-Model S203,C-CLASS W202,SLK R170,E-CLASS W210,M-CLASS W163,E-CLASS Kombi S210,C-CLASS Kombi S202,S-CLASS W220,CLK Cabriolet A208,S-CLASS W140,S-CLASS Coupe C126,S-CLASS Coupe C215,SL Coupe C107,S-CLASS Coupe C140,ACTROS MP2 \/ MP3; MINI: MINI R50, R53,MINI Cabriolet R52; SUBARU: FORESTER SG,FORESTER SH,XV,IMPREZA Schr\u00e4gheck GP,IMPREZA Stufenheck GJ; FIAT: STILO 192,STILO Multi Wagon 192; CITRO\u00cbN: C5 I DC_,C5 I Break DE_; 81259010109, 0025443294, A0025443294, N910139000000<\/p>\n","protected":false},"excerpt":{"rendered":"<p>MAXGEAR Polttimo, Kaukovalo 78-0111  AUDI,NISSAN,LEXUS,A8 4D2, 4D8,QASHQAI \/ QASHQAI +2 J10, JJ10,X-TRAIL T30,PATHFINDER R51,PRIMERA Kombi WP12<\/p>\n","protected":false},"featured_media":0,"template":"","meta":{"site-sidebar-layout":"default","site-content-layout":"default","ast-global-header-display":"","ast-main-header-display":"","ast-hfb-above-header-display":"","ast-hfb-below-header-display":"","ast-hfb-mobile-header-display":"","site-post-title":"","ast-breadcrumbs-content":"","ast-featured-img":"","footer-sml-layout":"","theme-transparent-header-meta":"","adv-header-id-meta":"","stick-header-meta":"","header-above-stick-meta":"","header-main-stick-meta":"","header-below-stick-meta":""},"pwb-brand":[48],"product_cat":[151],"product_tag":[],"class_list":{"0":"post-17064","1":"product","2":"type-product","3":"status-publish","5":"pwb-brand-maxgear","6":"product_cat-lamput-hehkulamppu","7":"desktop-align-left","8":"tablet-align-left","9":"mobile-align-left","11":"first","12":"instock","13":"product-type-external"},"brands":[{"id":48,"name":"MAXGEAR","slug":"maxgear"}],"_links":{"self":[{"href":"https:\/\/www.autonvaraosahaku.fi\/index.php?rest_route=\/wp\/v2\/product\/17064","targetHints":{"allow":["GET"]}}],"collection":[{"href":"https:\/\/www.autonvaraosahaku.fi\/index.php?rest_route=\/wp\/v2\/product"}],"about":[{"href":"https:\/\/www.autonvaraosahaku.fi\/index.php?rest_route=\/wp\/v2\/types\/product"}],"wp:attachment":[{"href":"https:\/\/www.autonvaraosahaku.fi\/index.php?rest_route=%2Fwp%2Fv2%2Fmedia&parent=17064"}],"wp:term":[{"taxonomy":"pwb-brand","embeddable":true,"href":"https:\/\/www.autonvaraosahaku.fi\/index.php?rest_route=%2Fwp%2Fv2%2Fpwb-brand&post=17064"},{"taxonomy":"product_cat","embeddable":true,"href":"https:\/\/www.autonvaraosahaku.fi\/index.php?rest_route=%2Fwp%2Fv2%2Fproduct_cat&post=17064"},{"taxonomy":"product_tag","embeddable":true,"href":"https:\/\/www.autonvaraosahaku.fi\/index.php?rest_route=%2Fwp%2Fv2%2Fproduct_tag&post=17064"}],"curies":[{"name":"wp","href":"https:\/\/api.w.org\/{rel}","templated":true}]}}