{"id":17066,"date":"2021-02-21T14:29:16","date_gmt":"2021-02-21T14:29:16","guid":{"rendered":"https:\/\/www.autonvaraosahaku.fi\/?product=monroe-742248sp-iskunvaimennin"},"modified":"2021-02-21T14:29:17","modified_gmt":"2021-02-21T14:29:17","slug":"monroe-742248sp-iskunvaimennin","status":"publish","type":"product","link":"https:\/\/www.autonvaraosahaku.fi\/?product=monroe-742248sp-iskunvaimennin","title":{"rendered":"MONROE 742248SP Iskunvaimennin"},"content":{"rendered":"<p>Iskunvaimennin tyyppi: Kaasupaine; Iskunvaimennin malli: Joustintuki; Iskunvaimennusj\u00e4rjestelm\u00e4: Kaksiputki; Iskunvaimennin asennustapa: Tappi ylh\u00e4\u00e4ll\u00e4, Purisitin alhaalla; Paino [kg]: 4,100; Reik\u00e4-\u00d8 [mm]: 32; suurin pituus [mm]: 553; v\u00e4h. pituus [mm]: 392; Pakkauspituus [cm]: 51,5; Pakkausleveys [cm]: 16,1; Pakkauskorkeus [mm]: 16,1; Tullitariffinumero: 87088035; Tappil\u00e4pimitta [mm]: 22; Asennuspuoli: Vorderachse; VW: TOURAN 1T1, 1T2,GOLF VI 5K1,TIGUAN 5N_,TOURAN 1T3,EOS 1F7, 1F8,SCIROCCO 137, 138,GOLF VI Cabriolet 517; 1T0413031HP, 1T0413031FD, 1T0413031FK, 1T0413031FL, 1T0413031FM, 1T0413031FN, 1T0413031HK, 1T0413031HL, 1T0413031HM, 1T0413031HN, 1T0413031HP, 1T0413031JD, 1T0413031AS, 1T0413031AT, 1T0413031BA, 1T0413031BB, 1T0413031BC, 1T0413031BP, 1T0413031BQ, 1T0413031BR, 1T0413031BS, 1T0413031BT, 1T0413031EM, 1T0413031FD, 1T0413031FK, 1T0413031FL, 1T0413031FM, 1T0413031FN, 1T0413031GN, 1T0413031GP, 1T0413031GQ, 1T0413031GR, 1T0413031HK, 1T0413031HL, 1T0413031HM, 1T0413031HN, 1T0413031HP, 5N0413031AA, 5N0413031AC, 5N0413031AD, 5N0413031AH, 5N0413031AJ, 5N0413031AK, 5N0413031K, 5N0413031L, 5N0413031T; Iskarit,Iskunvaimennin<\/p>\n","protected":false},"excerpt":{"rendered":"<p>MONROE Iskunvaimentimet OESpectrum Premium 742248SP Iskarit,Iskunvaimennin VW,TOURAN 1T1, 1T2,GOLF VI 5K1,TIGUAN 5N_,TOURAN 1T3,EOS 1F7, 1F8<\/p>\n","protected":false},"featured_media":0,"template":"","meta":{"site-sidebar-layout":"default","site-content-layout":"default","ast-global-header-display":"","ast-main-header-display":"","ast-hfb-above-header-display":"","ast-hfb-below-header-display":"","ast-hfb-mobile-header-display":"","site-post-title":"","ast-breadcrumbs-content":"","ast-featured-img":"","footer-sml-layout":"","theme-transparent-header-meta":"","adv-header-id-meta":"","stick-header-meta":"","header-above-stick-meta":"","header-main-stick-meta":"","header-below-stick-meta":""},"pwb-brand":[79],"product_cat":[80],"product_tag":[],"class_list":{"0":"post-17066","1":"product","2":"type-product","3":"status-publish","5":"pwb-brand-monroe","6":"product_cat-iskunvaimennin","7":"desktop-align-left","8":"tablet-align-left","9":"mobile-align-left","11":"first","12":"instock","13":"product-type-external"},"brands":[{"id":79,"name":"MONROE","slug":"monroe"}],"_links":{"self":[{"href":"https:\/\/www.autonvaraosahaku.fi\/index.php?rest_route=\/wp\/v2\/product\/17066","targetHints":{"allow":["GET"]}}],"collection":[{"href":"https:\/\/www.autonvaraosahaku.fi\/index.php?rest_route=\/wp\/v2\/product"}],"about":[{"href":"https:\/\/www.autonvaraosahaku.fi\/index.php?rest_route=\/wp\/v2\/types\/product"}],"wp:attachment":[{"href":"https:\/\/www.autonvaraosahaku.fi\/index.php?rest_route=%2Fwp%2Fv2%2Fmedia&parent=17066"}],"wp:term":[{"taxonomy":"pwb-brand","embeddable":true,"href":"https:\/\/www.autonvaraosahaku.fi\/index.php?rest_route=%2Fwp%2Fv2%2Fpwb-brand&post=17066"},{"taxonomy":"product_cat","embeddable":true,"href":"https:\/\/www.autonvaraosahaku.fi\/index.php?rest_route=%2Fwp%2Fv2%2Fproduct_cat&post=17066"},{"taxonomy":"product_tag","embeddable":true,"href":"https:\/\/www.autonvaraosahaku.fi\/index.php?rest_route=%2Fwp%2Fv2%2Fproduct_tag&post=17066"}],"curies":[{"name":"wp","href":"https:\/\/api.w.org\/{rel}","templated":true}]}}