{"id":17067,"date":"2021-02-21T14:29:16","date_gmt":"2021-02-21T14:29:16","guid":{"rendered":"https:\/\/www.autonvaraosahaku.fi\/?product=monroe-742217sp-iskunvaimennin"},"modified":"2021-02-21T14:29:17","modified_gmt":"2021-02-21T14:29:17","slug":"monroe-742217sp-iskunvaimennin","status":"publish","type":"product","link":"https:\/\/www.autonvaraosahaku.fi\/?product=monroe-742217sp-iskunvaimennin","title":{"rendered":"MONROE 742217SP Iskunvaimennin"},"content":{"rendered":"<p>Iskunvaimennin tyyppi: Kaasupaine; Iskunvaimennin malli: Joustintuki; Iskunvaimennusj\u00e4rjestelm\u00e4: Kaksiputki; Iskunvaimennin asennustapa: Tappi ylh\u00e4\u00e4ll\u00e4, Purisitin alhaalla; Paino [kg]: 5,980; Reik\u00e4-\u00d8 [mm]: 32; suurin pituus [mm]: 548; v\u00e4h. pituus [mm]: 370; Pakkauspituus [cm]: 57,3; Pakkausleveys [cm]: 20,4; Pakkauskorkeus [mm]: 20,4; Tullitariffinumero: 87088035; Tappil\u00e4pimitta [mm]: 22; Asennuspuoli: Vorderachse; RENAULT: ESPACE IV JK0\/1_,VEL SATIS BJ0_; 8200149048, 8200206966, 8200329944, 8200329945, 8200513158, 8200519160, 8200519161, 8200519162, 8200620346, 8200620347, 8200620348, 8200657078, 8200657081; Iskarit,Iskunvaimennin<\/p>\n","protected":false},"excerpt":{"rendered":"<p>MONROE Iskunvaimentimet OESpectrum Premium 742217SP Iskarit,Iskunvaimennin RENAULT,ESPACE IV JK0\/1_,VEL SATIS BJ0_<\/p>\n","protected":false},"featured_media":0,"template":"","meta":{"site-sidebar-layout":"default","site-content-layout":"default","ast-global-header-display":"","ast-main-header-display":"","ast-hfb-above-header-display":"","ast-hfb-below-header-display":"","ast-hfb-mobile-header-display":"","site-post-title":"","ast-breadcrumbs-content":"","ast-featured-img":"","footer-sml-layout":"","theme-transparent-header-meta":"","adv-header-id-meta":"","stick-header-meta":"","header-above-stick-meta":"","header-main-stick-meta":"","header-below-stick-meta":""},"pwb-brand":[79],"product_cat":[80],"product_tag":[],"class_list":{"0":"post-17067","1":"product","2":"type-product","3":"status-publish","5":"pwb-brand-monroe","6":"product_cat-iskunvaimennin","7":"desktop-align-left","8":"tablet-align-left","9":"mobile-align-left","11":"first","12":"instock","13":"product-type-external"},"brands":[{"id":79,"name":"MONROE","slug":"monroe"}],"_links":{"self":[{"href":"https:\/\/www.autonvaraosahaku.fi\/index.php?rest_route=\/wp\/v2\/product\/17067","targetHints":{"allow":["GET"]}}],"collection":[{"href":"https:\/\/www.autonvaraosahaku.fi\/index.php?rest_route=\/wp\/v2\/product"}],"about":[{"href":"https:\/\/www.autonvaraosahaku.fi\/index.php?rest_route=\/wp\/v2\/types\/product"}],"wp:attachment":[{"href":"https:\/\/www.autonvaraosahaku.fi\/index.php?rest_route=%2Fwp%2Fv2%2Fmedia&parent=17067"}],"wp:term":[{"taxonomy":"pwb-brand","embeddable":true,"href":"https:\/\/www.autonvaraosahaku.fi\/index.php?rest_route=%2Fwp%2Fv2%2Fpwb-brand&post=17067"},{"taxonomy":"product_cat","embeddable":true,"href":"https:\/\/www.autonvaraosahaku.fi\/index.php?rest_route=%2Fwp%2Fv2%2Fproduct_cat&post=17067"},{"taxonomy":"product_tag","embeddable":true,"href":"https:\/\/www.autonvaraosahaku.fi\/index.php?rest_route=%2Fwp%2Fv2%2Fproduct_tag&post=17067"}],"curies":[{"name":"wp","href":"https:\/\/api.w.org\/{rel}","templated":true}]}}