{"id":17082,"date":"2021-02-21T14:29:20","date_gmt":"2021-02-21T14:29:20","guid":{"rendered":"https:\/\/www.autonvaraosahaku.fi\/?product=master-sport-719-14-of-pcs-ms-oljynsuodatin"},"modified":"2021-02-21T14:29:21","modified_gmt":"2021-02-21T14:29:21","slug":"master-sport-719-14-of-pcs-ms-oljynsuodatin","status":"publish","type":"product","link":"https:\/\/www.autonvaraosahaku.fi\/?product=master-sport-719-14-of-pcs-ms-oljynsuodatin","title":{"rendered":"MASTER-SPORT 719\/14-OF-PCS-MS \u00d6ljynsuodatin"},"content":{"rendered":"<p>Ulkol\u00e4pimitta [mm]: 76; Korvaava tuote\/korvaava tiedote 2: 2 peruutuksenestoventtiilill\u00e4; Avauspaine ohitusventtiili [bar]: 2,5; Ulkol\u00e4pimitta 2 [mm]: 71; Korkeus (mm): 123; Sis\u00e4l\u00e4pimitta 2 [mm]: 62; Kierremitta: 3\/4-16 UNF; Nettopaino [kg]: 0,34; Bruttopaino [kg]: 0,34; Vasen \/ oikea liikenne: f\u00fcr Linkslenker; JEEP: CHEROKEE KJ,GRAND CHEROKEE I ZJ,CHEROKEE XJ; CHRYSLER: VOYAGER IV RG, RS,VOYAGER III GS,VOYAGER II ES; BMC: MEGASTAR; 05003558AA, 05003558AB, 4720364, 4778838, 5003558AA, 5135109AA, 68052142AA, K68052142AA, P4720364, 46795125<\/p>\n","protected":false},"excerpt":{"rendered":"<p>MASTER-SPORT \u00d6ljynsuodatin 719\/14-OF-PCS-MS  JEEP,CHRYSLER,BMC,CHEROKEE KJ,GRAND CHEROKEE I ZJ,CHEROKEE XJ,VOYAGER IV RG, RS,VOYAGER III GS<\/p>\n","protected":false},"featured_media":0,"template":"","meta":{"site-sidebar-layout":"default","site-content-layout":"default","ast-global-header-display":"","ast-main-header-display":"","ast-hfb-above-header-display":"","ast-hfb-below-header-display":"","ast-hfb-mobile-header-display":"","site-post-title":"","ast-breadcrumbs-content":"","ast-featured-img":"","footer-sml-layout":"","theme-transparent-header-meta":"","adv-header-id-meta":"","stick-header-meta":"","header-above-stick-meta":"","header-main-stick-meta":"","header-below-stick-meta":""},"pwb-brand":[61],"product_cat":[30],"product_tag":[],"class_list":{"0":"post-17082","1":"product","2":"type-product","3":"status-publish","5":"pwb-brand-master-sport","6":"product_cat-oljynsuodatin","7":"desktop-align-left","8":"tablet-align-left","9":"mobile-align-left","11":"first","12":"instock","13":"product-type-external"},"brands":[{"id":61,"name":"MASTER-SPORT","slug":"master-sport"}],"_links":{"self":[{"href":"https:\/\/www.autonvaraosahaku.fi\/index.php?rest_route=\/wp\/v2\/product\/17082","targetHints":{"allow":["GET"]}}],"collection":[{"href":"https:\/\/www.autonvaraosahaku.fi\/index.php?rest_route=\/wp\/v2\/product"}],"about":[{"href":"https:\/\/www.autonvaraosahaku.fi\/index.php?rest_route=\/wp\/v2\/types\/product"}],"wp:attachment":[{"href":"https:\/\/www.autonvaraosahaku.fi\/index.php?rest_route=%2Fwp%2Fv2%2Fmedia&parent=17082"}],"wp:term":[{"taxonomy":"pwb-brand","embeddable":true,"href":"https:\/\/www.autonvaraosahaku.fi\/index.php?rest_route=%2Fwp%2Fv2%2Fpwb-brand&post=17082"},{"taxonomy":"product_cat","embeddable":true,"href":"https:\/\/www.autonvaraosahaku.fi\/index.php?rest_route=%2Fwp%2Fv2%2Fproduct_cat&post=17082"},{"taxonomy":"product_tag","embeddable":true,"href":"https:\/\/www.autonvaraosahaku.fi\/index.php?rest_route=%2Fwp%2Fv2%2Fproduct_tag&post=17082"}],"curies":[{"name":"wp","href":"https:\/\/api.w.org\/{rel}","templated":true}]}}