{"id":17092,"date":"2021-02-21T14:29:20","date_gmt":"2021-02-21T14:29:20","guid":{"rendered":"https:\/\/www.autonvaraosahaku.fi\/?product=maxgear-70-0010-tiivisteet"},"modified":"2021-02-21T14:29:22","modified_gmt":"2021-02-21T14:29:22","slug":"maxgear-70-0010-tiivisteet","status":"publish","type":"product","link":"https:\/\/www.autonvaraosahaku.fi\/?product=maxgear-70-0010-tiivisteet","title":{"rendered":"MAXGEAR 70-0010 Tiivisteet"},"content":{"rendered":"<p>Sis\u00e4l\u00e4pimitta 1 [mm]: 40; Ulkol\u00e4pimitta 1 [mm]: 55; Korkeus 1 (mm): 13; Ulkol\u00e4pimitta 2 [mm]: 62; Materiaali: ACM (polyakryyli-kautsu); Suojavaippa: Suojakumilla; Rihlamalli: Vaihdettava kierre; Asennuspuoli: Poisto; Moottorinumero: PNDA; VOLVO: V50 MW,V70 III BW,C30,V60,S40 II MS,C70 II Cabriolet,V40 Schr\u00e4gheck,S80 II AS,S60 II; FORD: MONDEO III Kombi BWY,FOCUS II Kombi DA_,FIESTA VI,MONDEO IV Turnier BA7,FOCUS Kombi DNW,FOCUS II DA_,FOCUS DAW, DBW,S-MAX WA6,FOCUS III Turnier,GALAXY WGR,FOCUS C-MAX,GALAXY WA6,KUGA I,MONDEO III B5Y,C-MAX DM2,FOCUS III,TRANSIT MK-7 Kasten,C-MAX II,MONDEO IV BA7,MONDEO III Stufenheck B4Y,KUGA II DM2,FOCUS Stufenheck DFW,TRANSIT MK-7 Bus,MONDEO II Kombi BNP,TRANSIT Kasten FA_ _,TRANSIT CONNECT P65_, P70_, P80_,FOCUS II Stufenheck DA_,TRANSIT Bus FD_ _, FB_ _, FS_ _, FZ_ _, FC_ _,B-MAX JK,FOCUS II Cabriolet,COUGAR EC_,MONDEO II BAP,TRANSIT MK-7 Pritsche\/Fahrgestell,TRANSIT Pritsche\/Fahrgestell FM_ _, FN_ _,FOCUS III Stufenheck,MONDEO IV Stufenheck BA7,ESCORT VII GAL, AAL, ABL,MONDEO II Stufenheck BFP,MONDEO I Kombi BNP,MONDEO I GBP,ESCORT VII Kombi GAL, ANL,ESCORT VII Cabriolet ALL,FIESTA VI Van,ESCORT VI GAL,MONDEO I Stufenheck GBP,TRANSIT CONNECT Kasten,ESCORT VII Stufenheck GAL, AFL,ESCORT VI Kombi GAL,ESCORT VI Stufenheck GAL,ORION III GAL,TRANSIT CONNECT Ko; 1065148, 1543933, 6193087, 6756195, 93ZT3K169A9A, 93ZT3K169A9B, 93ZT3K169A9C, 30651787<\/p>\n","protected":false},"excerpt":{"rendered":"<p>MAXGEAR Akselitiiviste, Tasauspy\u00f6r\u00e4st\u00f6 70-0010  VOLVO,FORD,V50 MW,V70 III BW,C30,V60,S40 II MS,C70 II Cabriolet,V40 Schr\u00e4gheck,S80 II AS,S60 II<\/p>\n","protected":false},"featured_media":0,"template":"","meta":{"site-sidebar-layout":"default","site-content-layout":"default","ast-global-header-display":"","ast-main-header-display":"","ast-hfb-above-header-display":"","ast-hfb-below-header-display":"","ast-hfb-mobile-header-display":"","site-post-title":"","ast-breadcrumbs-content":"","ast-featured-img":"","footer-sml-layout":"","theme-transparent-header-meta":"","adv-header-id-meta":"","stick-header-meta":"","header-above-stick-meta":"","header-main-stick-meta":"","header-below-stick-meta":""},"pwb-brand":[48],"product_cat":[27],"product_tag":[],"class_list":{"0":"post-17092","1":"product","2":"type-product","3":"status-publish","5":"pwb-brand-maxgear","6":"product_cat-tiivisteet","7":"desktop-align-left","8":"tablet-align-left","9":"mobile-align-left","11":"first","12":"instock","13":"product-type-external"},"brands":[{"id":48,"name":"MAXGEAR","slug":"maxgear"}],"_links":{"self":[{"href":"https:\/\/www.autonvaraosahaku.fi\/index.php?rest_route=\/wp\/v2\/product\/17092","targetHints":{"allow":["GET"]}}],"collection":[{"href":"https:\/\/www.autonvaraosahaku.fi\/index.php?rest_route=\/wp\/v2\/product"}],"about":[{"href":"https:\/\/www.autonvaraosahaku.fi\/index.php?rest_route=\/wp\/v2\/types\/product"}],"wp:attachment":[{"href":"https:\/\/www.autonvaraosahaku.fi\/index.php?rest_route=%2Fwp%2Fv2%2Fmedia&parent=17092"}],"wp:term":[{"taxonomy":"pwb-brand","embeddable":true,"href":"https:\/\/www.autonvaraosahaku.fi\/index.php?rest_route=%2Fwp%2Fv2%2Fpwb-brand&post=17092"},{"taxonomy":"product_cat","embeddable":true,"href":"https:\/\/www.autonvaraosahaku.fi\/index.php?rest_route=%2Fwp%2Fv2%2Fproduct_cat&post=17092"},{"taxonomy":"product_tag","embeddable":true,"href":"https:\/\/www.autonvaraosahaku.fi\/index.php?rest_route=%2Fwp%2Fv2%2Fproduct_tag&post=17092"}],"curies":[{"name":"wp","href":"https:\/\/api.w.org\/{rel}","templated":true}]}}