{"id":17096,"date":"2021-02-21T14:29:20","date_gmt":"2021-02-21T14:29:20","guid":{"rendered":"https:\/\/www.autonvaraosahaku.fi\/?product=pierburg-7-02671-48-0-muut-luokat"},"modified":"2021-02-21T14:29:23","modified_gmt":"2021-02-21T14:29:23","slug":"pierburg-7-02671-48-0-muut-luokat","status":"publish","type":"product","link":"https:\/\/www.autonvaraosahaku.fi\/?product=pierburg-7-02671-48-0-muut-luokat","title":{"rendered":"PIERBURG 7.02671.48.0 Muut luokat"},"content":{"rendered":"<p>K\u00e4ytt\u00f6: S\u00e4hk\u00f6inen; J\u00e4nnite (V): 12; TECDOC-moottorinumero: 24449; VW: GOLF V 1K1,TOURAN 1T1, 1T2,GOLF VI 5K1,GOLF PLUS 5M1, 521,TIGUAN 5N_,GOLF VII 5G1, BE1,CADDY III Kombi 2KB, 2KJ, 2CB, 2CJ,TOURAN 1T3,GOLF VI Variant AJ5,GOLF V Variant 1K5,CADDY III Kasten 2KA, 2KH, 2CA, 2CH,GOLF VII Kombi BA5,EOS 1F7, 1F8,SHARAN 7N1, 7N2,JETTA III 1K2,GOLF VI Cabriolet 517,JETTA IV 162, 163,GOLF ALLTRACK BA5; AUDI: A3 8P1,A3 Sportback 8PA,A3 Cabriolet 8P7; SKODA: OCTAVIA Combi 1Z5,OCTAVIA Combi 1U5,OCTAVIA Combi 5E5,YETI 5L,SUPERB Kombi 3T5,OCTAVIA 1Z3,OCTAVIA 1U2,SUPERB 3T4,OCTAVIA 5E3; SEAT: ALHAMBRA 710, 711; 1K0965561, 1K0965561A, 7N0965561, 7N0965561A, 7N0965561B, 1K0965561, 1K0965561A, 7N0965561, 7N0965561A, 7N0965561B, 1K0965561, 1K0965561A, 7N0965561, 7N0965561A, 7N0965561B, 1K0965561, 1K0965561A, 7N0965561, 7N0965561A, 7N0965561B<\/p>\n","protected":false},"excerpt":{"rendered":"<p>PIERBURG Vesipumppu, Taukol\u00e4mp\u00f6 7.02671.48.0  VW,AUDI,SKODA,GOLF V 1K1,TOURAN 1T1, 1T2,GOLF VI 5K1,GOLF PLUS 5M1, 521,TIGUAN 5N_,GOLF VII 5G1, BE1<\/p>\n","protected":false},"featured_media":0,"template":"","meta":{"site-sidebar-layout":"default","site-content-layout":"default","ast-global-header-display":"","ast-main-header-display":"","ast-hfb-above-header-display":"","ast-hfb-below-header-display":"","ast-hfb-mobile-header-display":"","site-post-title":"","ast-breadcrumbs-content":"","ast-featured-img":"","footer-sml-layout":"","theme-transparent-header-meta":"","adv-header-id-meta":"","stick-header-meta":"","header-above-stick-meta":"","header-main-stick-meta":"","header-below-stick-meta":""},"pwb-brand":[380],"product_cat":[37],"product_tag":[],"class_list":{"0":"post-17096","1":"product","2":"type-product","3":"status-publish","5":"pwb-brand-pierburg","6":"product_cat-muut-luokat","7":"desktop-align-left","8":"tablet-align-left","9":"mobile-align-left","11":"first","12":"instock","13":"product-type-external"},"brands":[{"id":380,"name":"PIERBURG","slug":"pierburg"}],"_links":{"self":[{"href":"https:\/\/www.autonvaraosahaku.fi\/index.php?rest_route=\/wp\/v2\/product\/17096","targetHints":{"allow":["GET"]}}],"collection":[{"href":"https:\/\/www.autonvaraosahaku.fi\/index.php?rest_route=\/wp\/v2\/product"}],"about":[{"href":"https:\/\/www.autonvaraosahaku.fi\/index.php?rest_route=\/wp\/v2\/types\/product"}],"wp:attachment":[{"href":"https:\/\/www.autonvaraosahaku.fi\/index.php?rest_route=%2Fwp%2Fv2%2Fmedia&parent=17096"}],"wp:term":[{"taxonomy":"pwb-brand","embeddable":true,"href":"https:\/\/www.autonvaraosahaku.fi\/index.php?rest_route=%2Fwp%2Fv2%2Fpwb-brand&post=17096"},{"taxonomy":"product_cat","embeddable":true,"href":"https:\/\/www.autonvaraosahaku.fi\/index.php?rest_route=%2Fwp%2Fv2%2Fproduct_cat&post=17096"},{"taxonomy":"product_tag","embeddable":true,"href":"https:\/\/www.autonvaraosahaku.fi\/index.php?rest_route=%2Fwp%2Fv2%2Fproduct_tag&post=17096"}],"curies":[{"name":"wp","href":"https:\/\/api.w.org\/{rel}","templated":true}]}}