{"id":17110,"date":"2021-02-21T14:29:24","date_gmt":"2021-02-21T14:29:24","guid":{"rendered":"https:\/\/www.autonvaraosahaku.fi\/?product=maxgear-66-0001-hehkutulppa"},"modified":"2021-02-21T14:29:26","modified_gmt":"2021-02-21T14:29:26","slug":"maxgear-66-0001-hehkutulppa","status":"publish","type":"product","link":"https:\/\/www.autonvaraosahaku.fi\/?product=maxgear-66-0001-hehkutulppa","title":{"rendered":"MAXGEAR 66-0001 Hehkutulppa"},"content":{"rendered":"<p>J\u00e4nnite (V): 11; Hehkutulppatyyppi: j\u00e4lkihehkutuksenkest\u00e4v\u00e4, Hehkutulppa, puikko; Kierremitta: M 12&#215;1,25; Virta (A): 14; Avainv\u00e4li: 12 mm; Kokonaispituus (mm): 71; Asennussyvyys (mm): 25; Kartionousu: 63-; Liittimet: M5\/3Nm; Katkeamismomentti [Nm]: 45; Kiristysmomentti: 22; Valmistusvuoteen: 01\/1989; BMW: 5 E39,5 Touring E39,3 Compact E36,3 E36,3 E30,7 E38,5 E34,3 Touring E36,5 Touring E34,5 E28,3 Touring E30; SEAT: IBIZA I 021A,MALAGA 023A; JEEP: CHEROKEE XJ; LADA: NIVA 2121; LAND ROVER: RANGE ROVER II LP; HYUNDAI: LANTRA II Wagon J-2,LANTRA II J-2; ROVER: 800 XS,200 Hatchback XW,800 Hatchback XS,400 Tourer XW,800 Coupe,400 XW,MONTEGO Estate XE; SUZUKI: SAMURAI SJ,VITARA ET, TA,VITARA Cabrio ET, TA,BALENO Kombi EG,BALENO EG,BALENO Schr\u00e4gheck EG; MERCEDES-BENZ: 190 W201,Stufenheck W124,Stufenheck W123,KOMBI Kombi S124,G-CLASS W460,COUPE C123,SPRINTER 3-t Kasten 903,SPRINTER 2-t Bus 901, 902,SPRINTER 2-t Kasten 901, 902,SPRINTER 3-t Bus 903,KOMBI Kombi S123,SPRINTER 3-t Pritsche\/Fahrgestell 903,T1 Bus 601,100 Bus 631,T1 Pritsche\/Fahrgestell 602,T1 Kasten 602,100 Kasten 631,SPRINTER 4-t Pritsche\/Fahrgestell 904,T1 Pritsche\/Fahrgestell 601,SPRINTER 2-t Pritsche\/Fahrgestell 901, 902,T1 Kasten 601,SPRINTER 4-t Kasten 904; OPEL: ASTRA G CC F48_, F08_,OMEGA A 16_, 17_, 19_,ASTRA G Caravan F35_,ASTRA F CC 53_, 54_, 58_, 59_,OMEGA B Caravan 21_, 22_, 23_,OMEGA B 25_, 26_, 27_,ASTRA F Caravan 51_, 52_,ASTRA G Stufenheck F69_,VECTRA A 86_, 87_,ASTRA F 56_, 57_,KADETT E CC 33_, 34_, 43_, 44_,FRONTERA A 5_MWL4,VECTRA A CC 88_, 89_,ASCONA C 81_, 86_, 87_, 88_,REKORD E 17_-19_, 11_, 14_, 16_,SENATOR A 29_,OMEGA A Caravan 66_, 67_,KADETT D 31_-34_, 41_-44_,KADETT E 39_, 49_,ASCONA C CC 84_, 89_,ASTRA G Kasten F70,KADETT E Caravan 35_, 36_, 45_, 46_,ASTRA F Van 55_,REKORD E Caravan 61_, 66_, 67_,KADETT D 32_,37_,39, _42,KADETT D Caravan 35_, 36_, 45_, 46_,KADETT E Kasten 37_, 47_,ARENA Kasten TB, TF,KADETT E Combo 38_, 48_; 12232241387, 12232241388, 12232241389, 12239061354, 1214317, 1214324, 90487858, 7701414108<\/p>\n","protected":false},"excerpt":{"rendered":"<p>MAXGEAR Hehkutulppa 66-0001  BMW,SEAT,JEEP,5 E39,5 Touring E39,3 Compact E36,3 E36,3 E30,7 E38,5 E34,3 Touring E36,5 Touring E34,5 E28,3 Touring E30<\/p>\n","protected":false},"featured_media":0,"template":"","meta":{"site-sidebar-layout":"default","site-content-layout":"default","ast-global-header-display":"","ast-main-header-display":"","ast-hfb-above-header-display":"","ast-hfb-below-header-display":"","ast-hfb-mobile-header-display":"","site-post-title":"","ast-breadcrumbs-content":"","ast-featured-img":"","footer-sml-layout":"","theme-transparent-header-meta":"","adv-header-id-meta":"","stick-header-meta":"","header-above-stick-meta":"","header-main-stick-meta":"","header-below-stick-meta":""},"pwb-brand":[48],"product_cat":[52],"product_tag":[],"class_list":{"0":"post-17110","1":"product","2":"type-product","3":"status-publish","5":"pwb-brand-maxgear","6":"product_cat-hehkutulppa","7":"desktop-align-left","8":"tablet-align-left","9":"mobile-align-left","11":"first","12":"instock","13":"product-type-external"},"brands":[{"id":48,"name":"MAXGEAR","slug":"maxgear"}],"_links":{"self":[{"href":"https:\/\/www.autonvaraosahaku.fi\/index.php?rest_route=\/wp\/v2\/product\/17110","targetHints":{"allow":["GET"]}}],"collection":[{"href":"https:\/\/www.autonvaraosahaku.fi\/index.php?rest_route=\/wp\/v2\/product"}],"about":[{"href":"https:\/\/www.autonvaraosahaku.fi\/index.php?rest_route=\/wp\/v2\/types\/product"}],"wp:attachment":[{"href":"https:\/\/www.autonvaraosahaku.fi\/index.php?rest_route=%2Fwp%2Fv2%2Fmedia&parent=17110"}],"wp:term":[{"taxonomy":"pwb-brand","embeddable":true,"href":"https:\/\/www.autonvaraosahaku.fi\/index.php?rest_route=%2Fwp%2Fv2%2Fpwb-brand&post=17110"},{"taxonomy":"product_cat","embeddable":true,"href":"https:\/\/www.autonvaraosahaku.fi\/index.php?rest_route=%2Fwp%2Fv2%2Fproduct_cat&post=17110"},{"taxonomy":"product_tag","embeddable":true,"href":"https:\/\/www.autonvaraosahaku.fi\/index.php?rest_route=%2Fwp%2Fv2%2Fproduct_tag&post=17110"}],"curies":[{"name":"wp","href":"https:\/\/api.w.org\/{rel}","templated":true}]}}