{"id":17113,"date":"2021-02-21T14:29:24","date_gmt":"2021-02-21T14:29:24","guid":{"rendered":"https:\/\/www.autonvaraosahaku.fi\/?product=valeo-632205-peruutustutka-anturit"},"modified":"2021-02-21T14:29:26","modified_gmt":"2021-02-21T14:29:26","slug":"valeo-632205-peruutustutka-anturit","status":"publish","type":"product","link":"https:\/\/www.autonvaraosahaku.fi\/?product=valeo-632205-peruutustutka-anturit","title":{"rendered":"VALEO 632205 Peruutustutka anturit"},"content":{"rendered":"<p>V\u00e4ri: Musta, Matta; Ulkol\u00e4pimitta [mm]: 23; L\u00e4pimitta [mm]: 18,4; Pituus (mm): 14; Tunnistinmalli: Ultra\u00e4\u00e4nitunnistin; Nimellisj\u00e4nnite (V): 12; M\u00e4\u00e4r\u00e4: 1; Verkkokaapelin pituus [m]: 0,11; Asennusmalli: Pinta-asennus; Paino [kg]: 0,03; Tunnistin, Et\u00e4isyystunnistin<\/p>\n","protected":false},"excerpt":{"rendered":"<p>VALEO Peruutustutka Anturit 632205 Tunnistin, Et\u00e4isyystunnistin<\/p>\n","protected":false},"featured_media":0,"template":"","meta":{"site-sidebar-layout":"default","site-content-layout":"default","ast-global-header-display":"","ast-main-header-display":"","ast-hfb-above-header-display":"","ast-hfb-below-header-display":"","ast-hfb-mobile-header-display":"","site-post-title":"","ast-breadcrumbs-content":"","ast-featured-img":"","footer-sml-layout":"","theme-transparent-header-meta":"","adv-header-id-meta":"","stick-header-meta":"","header-above-stick-meta":"","header-main-stick-meta":"","header-below-stick-meta":""},"pwb-brand":[28],"product_cat":[217],"product_tag":[],"class_list":{"0":"post-17113","1":"product","2":"type-product","3":"status-publish","5":"pwb-brand-valeo","6":"product_cat-peruutustutka-anturit","7":"desktop-align-left","8":"tablet-align-left","9":"mobile-align-left","11":"first","12":"instock","13":"product-type-external"},"brands":[{"id":28,"name":"VALEO","slug":"valeo"}],"_links":{"self":[{"href":"https:\/\/www.autonvaraosahaku.fi\/index.php?rest_route=\/wp\/v2\/product\/17113","targetHints":{"allow":["GET"]}}],"collection":[{"href":"https:\/\/www.autonvaraosahaku.fi\/index.php?rest_route=\/wp\/v2\/product"}],"about":[{"href":"https:\/\/www.autonvaraosahaku.fi\/index.php?rest_route=\/wp\/v2\/types\/product"}],"wp:attachment":[{"href":"https:\/\/www.autonvaraosahaku.fi\/index.php?rest_route=%2Fwp%2Fv2%2Fmedia&parent=17113"}],"wp:term":[{"taxonomy":"pwb-brand","embeddable":true,"href":"https:\/\/www.autonvaraosahaku.fi\/index.php?rest_route=%2Fwp%2Fv2%2Fpwb-brand&post=17113"},{"taxonomy":"product_cat","embeddable":true,"href":"https:\/\/www.autonvaraosahaku.fi\/index.php?rest_route=%2Fwp%2Fv2%2Fproduct_cat&post=17113"},{"taxonomy":"product_tag","embeddable":true,"href":"https:\/\/www.autonvaraosahaku.fi\/index.php?rest_route=%2Fwp%2Fv2%2Fproduct_tag&post=17113"}],"curies":[{"name":"wp","href":"https:\/\/api.w.org\/{rel}","templated":true}]}}