{"id":17119,"date":"2021-02-21T14:29:28","date_gmt":"2021-02-21T14:29:28","guid":{"rendered":"https:\/\/www.autonvaraosahaku.fi\/?product=alca-537000-antenni"},"modified":"2021-02-21T14:29:28","modified_gmt":"2021-02-21T14:29:28","slug":"alca-537000-antenni","status":"publish","type":"product","link":"https:\/\/www.autonvaraosahaku.fi\/?product=alca-537000-antenni","title":{"rendered":"ALCA 537000 Antenni"},"content":{"rendered":"<p>Pituus (cm): 40; Kierremitta: M5, M6; Ylin ymp\u00e4rist\u00f6lamp\u00f6tila enint\u00e4\u00e4n [\u00b0C]: -50; V\u00e4ri: Musta; Materiaali: PVC, lasikuitu, Kupari; Paino [g]: 60; Korvaava tuote\/korvaava tiedote 2: adapterilla; Yleisk\u00e4ytt\u00f6inen: Kyll\u00e4; Tuotelinja: Replacement; Versio: M; Asennuspuoli: Ulompi<\/p>\n","protected":false},"excerpt":{"rendered":"<p>ALCA Antenni 537000<\/p>\n","protected":false},"featured_media":0,"template":"","meta":{"site-sidebar-layout":"default","site-content-layout":"default","ast-global-header-display":"","ast-main-header-display":"","ast-hfb-above-header-display":"","ast-hfb-below-header-display":"","ast-hfb-mobile-header-display":"","site-post-title":"","ast-breadcrumbs-content":"","ast-featured-img":"","footer-sml-layout":"","theme-transparent-header-meta":"","adv-header-id-meta":"","stick-header-meta":"","header-above-stick-meta":"","header-main-stick-meta":"","header-below-stick-meta":""},"pwb-brand":[351],"product_cat":[164],"product_tag":[],"class_list":{"0":"post-17119","1":"product","2":"type-product","3":"status-publish","5":"pwb-brand-alca","6":"product_cat-antenni","7":"desktop-align-left","8":"tablet-align-left","9":"mobile-align-left","11":"first","12":"instock","13":"product-type-external"},"brands":[{"id":351,"name":"ALCA","slug":"alca"}],"_links":{"self":[{"href":"https:\/\/www.autonvaraosahaku.fi\/index.php?rest_route=\/wp\/v2\/product\/17119","targetHints":{"allow":["GET"]}}],"collection":[{"href":"https:\/\/www.autonvaraosahaku.fi\/index.php?rest_route=\/wp\/v2\/product"}],"about":[{"href":"https:\/\/www.autonvaraosahaku.fi\/index.php?rest_route=\/wp\/v2\/types\/product"}],"wp:attachment":[{"href":"https:\/\/www.autonvaraosahaku.fi\/index.php?rest_route=%2Fwp%2Fv2%2Fmedia&parent=17119"}],"wp:term":[{"taxonomy":"pwb-brand","embeddable":true,"href":"https:\/\/www.autonvaraosahaku.fi\/index.php?rest_route=%2Fwp%2Fv2%2Fpwb-brand&post=17119"},{"taxonomy":"product_cat","embeddable":true,"href":"https:\/\/www.autonvaraosahaku.fi\/index.php?rest_route=%2Fwp%2Fv2%2Fproduct_cat&post=17119"},{"taxonomy":"product_tag","embeddable":true,"href":"https:\/\/www.autonvaraosahaku.fi\/index.php?rest_route=%2Fwp%2Fv2%2Fproduct_tag&post=17119"}],"curies":[{"name":"wp","href":"https:\/\/api.w.org\/{rel}","templated":true}]}}