{"id":17122,"date":"2021-02-21T14:29:28","date_gmt":"2021-02-21T14:29:28","guid":{"rendered":"https:\/\/www.autonvaraosahaku.fi\/?product=ridex-298w0416-pyyhkijansulat"},"modified":"2021-02-21T14:29:28","modified_gmt":"2021-02-21T14:29:28","slug":"ridex-298w0416-pyyhkijansulat","status":"publish","type":"product","link":"https:\/\/www.autonvaraosahaku.fi\/?product=ridex-298w0416-pyyhkijansulat","title":{"rendered":"RIDEX 298W0416 Pyyhkij\u00e4nsulat"},"content":{"rendered":"<p>M\u00e4\u00e4r\u00e4: 1; Pituus (mm): 340; Pituus (tuumaa): 13; Paino [kg]: 0,08; Pyyhkij\u00e4nsulkatyyppi: Tavallinen; Asennuspuoli: beifahrerseitig; VW: GOLF IV 1J1,PASSAT Variant 3B6,LUPO 6X1, 6E1,GOLF III 1H1,POLO 6N2,POLO 6N1,PASSAT Variant 3B5,GOLF III Variant 1H5,POLO 86C, 80,POLO Variant 6KV5,PASSAT Variant 32B,POLO Kasten 6NF,GOL III; AUDI: A3 8P1,A3 Sportback 8PA,A4 Avant 8ED, B7,A4 Avant 8E5, B6; MAZDA: 2 DE,626 V Station Wagon GW,FAMILIA VI BJ; SKODA: OCTAVIA Combi 1U5; BMW: 3 Touring E36; SEAT: IBIZA IV 6L1,IBIZA V 6J5, 6P5,ALTEA 5P1,IBIZA V ST 6J8, 6P8,IBIZA II 6K1,IBIZA V SPORTCOUPE 6J1, 6P1,MARBELLA 28,FURA 025A; CHEVROLET: MATIZ M200, M250; JEEP: GRAND CHEROKEE I ZJ,WRANGLER II TJ,WRANGLER I YJ, SJ_; DAEWOO: MATIZ KLYA,TICO KLY3; LADA: NIVA 2121,NIVA II 2123,1200-1600,1200-1500 Kombi,NOVA 2105,TOSCANA 2107,NOVA Kombi 2104; 6426CN, 6426LZ, MZ690097, 091132007, 09195157, 91132007, 9195157, 6426HF, 1J6955425C, 6L6955425, 1J6955425C, 1J6955427; Tuulilasinpyyhkimet,Pyyhkij\u00e4t,Pyyhkij\u00e4nsulka<\/p>\n","protected":false},"excerpt":{"rendered":"<p>RIDEX Pyyhkij\u00e4nsulat 298W0416 Tuulilasinpyyhkimet,Pyyhkij\u00e4t VW,AUDI,MAZDA,GOLF IV 1J1,PASSAT Variant 3B6,LUPO 6X1, 6E1,GOLF III 1H1,POLO 6N2,POLO 6N1<\/p>\n","protected":false},"featured_media":0,"template":"","meta":{"site-sidebar-layout":"default","site-content-layout":"default","ast-global-header-display":"","ast-main-header-display":"","ast-hfb-above-header-display":"","ast-hfb-below-header-display":"","ast-hfb-mobile-header-display":"","site-post-title":"","ast-breadcrumbs-content":"","ast-featured-img":"","footer-sml-layout":"","theme-transparent-header-meta":"","adv-header-id-meta":"","stick-header-meta":"","header-above-stick-meta":"","header-main-stick-meta":"","header-below-stick-meta":""},"pwb-brand":[157],"product_cat":[33],"product_tag":[],"class_list":{"0":"post-17122","1":"product","2":"type-product","3":"status-publish","5":"pwb-brand-ridex","6":"product_cat-pyyhkijansulat","7":"desktop-align-left","8":"tablet-align-left","9":"mobile-align-left","11":"first","12":"instock","13":"product-type-external"},"brands":[{"id":157,"name":"RIDEX","slug":"ridex"}],"_links":{"self":[{"href":"https:\/\/www.autonvaraosahaku.fi\/index.php?rest_route=\/wp\/v2\/product\/17122","targetHints":{"allow":["GET"]}}],"collection":[{"href":"https:\/\/www.autonvaraosahaku.fi\/index.php?rest_route=\/wp\/v2\/product"}],"about":[{"href":"https:\/\/www.autonvaraosahaku.fi\/index.php?rest_route=\/wp\/v2\/types\/product"}],"wp:attachment":[{"href":"https:\/\/www.autonvaraosahaku.fi\/index.php?rest_route=%2Fwp%2Fv2%2Fmedia&parent=17122"}],"wp:term":[{"taxonomy":"pwb-brand","embeddable":true,"href":"https:\/\/www.autonvaraosahaku.fi\/index.php?rest_route=%2Fwp%2Fv2%2Fpwb-brand&post=17122"},{"taxonomy":"product_cat","embeddable":true,"href":"https:\/\/www.autonvaraosahaku.fi\/index.php?rest_route=%2Fwp%2Fv2%2Fproduct_cat&post=17122"},{"taxonomy":"product_tag","embeddable":true,"href":"https:\/\/www.autonvaraosahaku.fi\/index.php?rest_route=%2Fwp%2Fv2%2Fproduct_tag&post=17122"}],"curies":[{"name":"wp","href":"https:\/\/api.w.org\/{rel}","templated":true}]}}