{"id":17129,"date":"2021-02-21T14:29:28","date_gmt":"2021-02-21T14:29:28","guid":{"rendered":"https:\/\/www.autonvaraosahaku.fi\/?product=mannol-mn7505-1-moottorioljy"},"modified":"2021-02-21T14:29:29","modified_gmt":"2021-02-21T14:29:29","slug":"mannol-mn7505-1-moottorioljy","status":"publish","type":"product","link":"https:\/\/www.autonvaraosahaku.fi\/?product=mannol-mn7505-1-moottorioljy","title":{"rendered":"MANNOL MN7505-1 Moottori\u00f6ljy"},"content":{"rendered":"<p>Viskositeettiluokka SAE: 10W-40; Erittely: API SL, ACEA A3, API CF, ACEA B3; Tilavuus (litra): 1; Tuotelinja: MOLIBDEN BENZIN; \u00d6ljy: Osasynteettinen \u00f6ljy; API-m\u00e4\u00e4rittely: CF, SL; ACEA-m\u00e4\u00e4rittely: Aktivointi peruutusvaihteella; VW: GOLF I Cabriolet 155; OPEL: ZAFIRA A F75_,OMEGA A 16_, 17_, 19_,CORSA B 73_, 78_, 79_,VECTRA C Caravan,SIGNUM,VECTRA C,AGILA A H00,VECTRA B 36_,ASTRA F CC 53_, 54_, 58_, 59_,OMEGA B Caravan 21_, 22_, 23_,OMEGA B 25_, 26_, 27_,VECTRA C GTS,VECTRA B Caravan 31_,VIVARO Kasten F7,ASTRA F Caravan 51_, 52_,FRONTERA B 6B_,COMBO Kasten\/Kombi,VIVARO Combi J7,VECTRA B CC 38_,COMBO Tour,ASTRA F 56_, 57_,KADETT E CC 33_, 34_, 43_, 44_,SINTRA,FRONTERA A Sport 5_SUD2,CORSA A CC 93_, 94_, 98_, 99_,FRONTERA A 5_MWL4,COMBO 71_,OMEGA A Caravan 66_, 67_,CORSA A TR 91_, 92_, 96_, 97_,SPEEDSTER,MONTEREY A UBS_,KADETT E 39_, 49_,CORSA B Kasten 73_,VIVARO Pritsche\/Fahrgestell E7,KADETT E Caravan 35_, 36_, 45_, 46_,MONTEREY B,ASTRA F Van 55_,CORSA A Kasten,KADETT E Kasten 37_, 47_,KADETT E Combo 38_, 48_; FORD: GALAXY WGR,TRANSIT MK-7 Kasten,FIESTA III GFJ,TRANSIT MK-7 Pritsche\/Fahrgestell,ESCORT IV Cabriolet ALF,MONDEO I Kombi BNP,SIERRA GBG, GB4,MONDEO I GBP,TRANSIT  MK-5 Bus E_ _,SIERRA Schr\u00e4gheck GBC, GBG,ESCORT IV GAF, AWF, ABFT,SCORPIO I GAE, GGE,MAVERICK UDS, UNS,MONDEO I Stufenheck GBP,TRANSIT Bus MK-4 E_ _,SCORPIO I Stufenheck GGE,SIERRA Kombi BNG,FIESTA Kasten F3L, F5L,SCORPIO I Kombi GGE,ESCORT IV Kombi AWF, AVF,ESCORT &#8217;86 Express AVF; RENAULT: CLIO II BB0\/1\/2_, CB0\/1\/2_,ESPACE IV JK0\/1_,SC\u00c9NIC I JA0\/1_,MEGANE I BA0\/1_,MEGANE I Cabriolet EA0\/1_,LAGUNA I B56_, 556_,CLIO I B\/C57_, 5\/357_,LAGUNA I Grandtour K56_,MEGANE I Classic LA0\/1_,MEGANE I Coach DA0\/1_,VEL SATIS BJ0_,ESPACE II J\/S63_,AVANTIME DE0_; FIAT: PUNTO 188,STILO 192,SEICENTO 187,DUCATO Pritsche\/Fahrgestell 230,DUCATO Bus 230,DUCATO Kasten 244,BARCHETTA 183,DOBLO Cargo 223,PUNTO 176,STILO Multi Wagon 192,DOBLO 119,DUCATO Pritsche\/Fahrgestell 244,DUCATO Kasten 230L,ULYSSE 179AX,DUCATO Bus 244, Z_,COUPE FA\/175,STRADA Pick-up 178E,MULTIPLA 186,PUNTO Van 188AX,BRAVO I 182,ULYSSE 220,BRAVA 182,SCUDO Kasten 220L,MAREA Weekend 185,SCUDO Combinato 220P,PALIO Weekend 178DX,FIORINO Kasten 146,TIPO 160,MAREA 185,PUNTO Van 176L,FIORINO Pick up 146; SKODA: FELICIA I 6U1,FELICIA II 6U1,FELICIA I Kombi 6U5,FELICIA II Kombi 6U5; PEUGEOT: 206 Schr\u00e4gheck 2A\/C,307 SW 3H,307 CC 3B,307 3A\/C,106 II 1,307 Break 3E,306 Schr\u00e4gheck 7A, 7C, N3, N5,306 Cabriolet 7D, N3, N5,406 Break 8E\/F,PARTNER Combispace 5F,205 II 20A\/C,PARTNER Kasten 5,406 Coupe 8C,306 Break 7E, N3, N5,406 8B,J5 Pritsche\/Fahrgestell 290L,806 221,BOXER Kasten 230L,BOXER Kasten 244,306 7B, N3, N5,EXPERT Kasten 222,J5 Bus 290P,309 II 3C, 3A,205 I 741A\/C,J5 Kasten 290L,405 I 15B,BOXER Bus 230P,BOXER Bus 244, Z_,BOXER Pritsche\/Fahrgestell ZCT_,605 6B,EXPERT 224,405 II 4B,309 I 10C, 10A,BOXER Pritsche\/Fahrgestell 244,405 II Break 4E,405 I Break 15E,305 II 581M,305 II Break 581E,EXPERT Pritsche\/Fahrgestell 223,205 Kasten; TOYOTA: YARIS SCP9_, NSP9_, KSP9_, NCP9_, ZSP9_,YARIS SCP1_, NLP1_, NCP1_,AVENSIS Kombi T25,COROLLA Verso ZER_, ZZE12_, R1_,AYGO WNB1_, KGB1_,AURIS NRE15_, ZZE15_, ADE15_, ZRE15_, NDE15_,RAV 4 III ACA3_, ACE_, ALA3_, GSA3_, ZSA3_,RAV 4 II CLA2_, XA2_, ZCA2_, ACA2_,COROLLA ZZE12_, NDE12_, ZDE12_,AVENSIS Station Wagon ZRT27, ADT27,VERSO _AUR2_, _ZGR2_,AVENSIS T25_,YARIS VERSO _NLP2_, _NCP2_,YARIS NHP13_, NSP13_, NCP13_, KSP13_, NLP13_,AURIS NZE18_, ZRE18_,STARLET EP91,COROLLA Kombi _E12J_, _E12T_,PRIUS Liftback NHW20_,AVENSIS Stufenheck T25,AVENSIS _T22_,COROLLA Liftback _E11_,AURIS TOURING SPORTS ADE18_, ZWE18_, ZRE18_,IQ KPJ1_, NGJ1_, KGJ1_, NUJ1_,COROLLA Compact _E11_,AVENSIS Station Wagon _T22_,COROLLA Verso ZDE12_, CDE12_,CELICA ZZT23_,PRIUS ZVW3_,GT 86 Coupe ZN6_,AVENSIS Stufenheck ZRT27, ADT27,RAV 4 IV ZSA4_, ALA4_,PREVIA MCR3_, ACR3_, CLR3_,LAND CRUISER KDJ12_, GRJ12_,HILUX III Pick-up TGN1_, GGN2_, GGN1_, KUN2_, KUN1_,VERSO S NLP12_, NCP12_, NSP12_,COROLLA Stufenheck _E12J_, ; HYUNDAI: i30 FD,GETZ TB,i10 PA,i20 PB, PBT,TUCSON JM,i30 CW FD,SANTA F\u00c9 I SM,SANTA F\u00c9 II CM,TERRACAN HP,COUPE GK,SONATA V NF,ix55,GENESIS Coupe,ACCENT II LC,ACCENT III MC,ACCENT III Stufenheck MC,ACCENT II Stufenheck LC,GRANDEUR TG,XG XG,LANTRA I J-1,TUCSON,i20 GB,i20 ACTIVE GB,i20 Coupe; CITRO\u00cbN: XSARA PICASSO N68,C8 EA_, EB_,SAXO S0, S1,C5 II Break RE_,C5 I DC_,C5 I Break DE_,XSARA N1,C5 II RC_,XSARA Break N2,JUMPER Kasten 244,XM Y4,XANTIA X2,XSARA Coupe N0,XANTIA X1,2 CV,EVASION 22, U6,XANTIA Break X2,ZX N2,JUMPY U6U,JUMPY Kasten BS_, BT_, BY_, BZ_,JUMPER Kasten 230L,JUMPER Bus 244, Z_,XANTIA Break X1,JUMPER Bus 230P,JUMPER Pritsche\/Fahrgestell 244,XM Break Y4,JUMPER Pritsche\/Fahrgestell 230,C15 VD-_,JUMPY Pritsche\/Fahrgestell BU_, BV_, BW_, BX_<\/p>\n","protected":false},"excerpt":{"rendered":"<p>MANNOL Moottori\u00f6ljy MN7505-1<\/p>\n","protected":false},"featured_media":0,"template":"","meta":{"site-sidebar-layout":"default","site-content-layout":"default","ast-global-header-display":"","ast-main-header-display":"","ast-hfb-above-header-display":"","ast-hfb-below-header-display":"","ast-hfb-mobile-header-display":"","site-post-title":"","ast-breadcrumbs-content":"","ast-featured-img":"","footer-sml-layout":"","theme-transparent-header-meta":"","adv-header-id-meta":"","stick-header-meta":"","header-above-stick-meta":"","header-main-stick-meta":"","header-below-stick-meta":""},"pwb-brand":[167],"product_cat":[129],"product_tag":[],"class_list":{"0":"post-17129","1":"product","2":"type-product","3":"status-publish","5":"pwb-brand-mannol","6":"product_cat-moottorioljy","7":"desktop-align-left","8":"tablet-align-left","9":"mobile-align-left","11":"first","12":"instock","13":"product-type-external"},"brands":[{"id":167,"name":"MANNOL","slug":"mannol"}],"_links":{"self":[{"href":"https:\/\/www.autonvaraosahaku.fi\/index.php?rest_route=\/wp\/v2\/product\/17129","targetHints":{"allow":["GET"]}}],"collection":[{"href":"https:\/\/www.autonvaraosahaku.fi\/index.php?rest_route=\/wp\/v2\/product"}],"about":[{"href":"https:\/\/www.autonvaraosahaku.fi\/index.php?rest_route=\/wp\/v2\/types\/product"}],"wp:attachment":[{"href":"https:\/\/www.autonvaraosahaku.fi\/index.php?rest_route=%2Fwp%2Fv2%2Fmedia&parent=17129"}],"wp:term":[{"taxonomy":"pwb-brand","embeddable":true,"href":"https:\/\/www.autonvaraosahaku.fi\/index.php?rest_route=%2Fwp%2Fv2%2Fpwb-brand&post=17129"},{"taxonomy":"product_cat","embeddable":true,"href":"https:\/\/www.autonvaraosahaku.fi\/index.php?rest_route=%2Fwp%2Fv2%2Fproduct_cat&post=17129"},{"taxonomy":"product_tag","embeddable":true,"href":"https:\/\/www.autonvaraosahaku.fi\/index.php?rest_route=%2Fwp%2Fv2%2Fproduct_tag&post=17129"}],"curies":[{"name":"wp","href":"https:\/\/api.w.org\/{rel}","templated":true}]}}