{"id":17138,"date":"2021-02-21T14:29:28","date_gmt":"2021-02-21T14:29:28","guid":{"rendered":"https:\/\/www.autonvaraosahaku.fi\/?product=ridex-686s0052-sytytystulpat"},"modified":"2021-02-21T14:29:30","modified_gmt":"2021-02-21T14:29:30","slug":"ridex-686s0052-sytytystulpat","status":"publish","type":"product","link":"https:\/\/www.autonvaraosahaku.fi\/?product=ridex-686s0052-sytytystulpat","title":{"rendered":"RIDEX 686S0052 Sytytystulpat"},"content":{"rendered":"<p>K\u00e4rkiv\u00e4li (mm): 0,8; Kiristysmomentti: 20; Kiristyskulma [Grad]: 90; Ulkokierre [mm]: 14; Kierrenousu (mm): 1,25; Kierteen pituus (mm): 12,7; Avainv\u00e4li: 20,8; Kipin\u00e4et\u00e4isyys [mm]: 3; Napojen m\u00e4\u00e4r\u00e4: 1; TECDOC-moottorinumero: 4809; SKODA: 105,120 742,105,120 744,130; OPEL: OMEGA A 16_, 17_, 19_,KADETT E CC 33_, 34_, 43_, 44_,CORSA A CC 93_, 94_, 98_, 99_,FRONTERA A 5_MWL4,KADETT C Coupe,MANTA B 58_, 59_,KADETT B,MONZA A 22_,KADETT C,OPEL,ASCONA B 81_, 86_, 87_, 88_,REKORD E 17_-19_, 11_, 14_, 16_,SENATOR B 29_,SENATOR A 29_,MANTA A 58_, 59_,OMEGA A Caravan 66_, 67_,CORSA A TR 91_, 92_, 96_, 97_,REKORD C,KADETT D 31_-34_, 41_-44_,DIPLOMAT B,ADMIRAL B,KADETT E 39_, 49_,ADMIRAL A,KADETT B Coupe,REKORD D,COMMODORE A,COMMODORE A Coupe,KADETT E Caravan 35_, 36_, 45_, 46_,ASCONA A 81_, 86_, 87_, 88_,MANTA B CC 53_, 55_,KADETT C City,COMMODORE B Coupe,COMMODORE C 14_, 19_,COMMODORE B,REKORD C Coupe,KADETT A,REKORD B,REKORD E Caravan 61_, 66_, 67_,KADETT D 32_,37_,39, _42,REKORD D Coupe,KADETT C Caravan,KADETT B Caravan,REKORD C Caravan,KADETT A Coupe,KADETT D Caravan 35_, 36_, 45_, 46_,CORSA A Kasten,COMMODORE C Caravan 61,KADETT E Kasten 37_, 47_,REKORD D Caravan,REKORD B Coupe,ASCONA A Voyage 84_, 89_,REKORD B Caravan,KADETT A Carav; DACIA: 1310 Stufenheck U, X,1300,1410 Kombi,1100,PICK UP; VOLVO: 240 Kombi P245,240 P242, P244,P 544,140 142, 144,66,P 122 S AMAZON,140 Kombi 145,P 122 S AMAZON Kombi,66 Kombi; FORD: TAUNUS 15M 21G,TAUNUS 15M 22G,TAUNUS 15M Turnier 25G; RENAULT: 4 112_,5 122_,4 Kasten R21_, R23_,12,8 113_,6 118_,10 119_,5 Kasten 238_,12 Variable 117_,ESTAFETTE 213_,RODEO 6,15 130_,12 Kasten,RODEO 4,RODEO 5; MG: MGB GT; FIAT: PANDA 141A_,500; CITRO\u00cbN: DS; PORSCHE: 356 Cabriolet\/Speedster; 59625Z, 596280, 5962F3, 5962F4, 5962N9, 95618380, CPC12, DV212207A, DX2127A, DX2127C, MKP00094, 6000539311, 4361799, 4361800, 4378107, 5882087, 7554447, 7554448, V4NS, 1214805, 3490155, 3490175, 3490184, 5505819, 9807655717, 9807656717, 9807656719, 9807656747, 9807656917, 4361799, 4361800, 4378107, 5882087, 7554447, 7554448, V4NS, 0001594303, 0001596503, 0001597203, 0021597203, 00215972030064, A0001594303, A0001596503, A0001597203, A0021597203, A00215972030064, 03490258, 1214044, 1214111, 1214118, 1214121, 1214131, 1214138, 1214701, 1214800, 1214801, 1214805, 3490228, 90239569, 90297143, 59625Z, 596280, 5962F3, 5962F4, 5962N9, 95618380, CPC12, DV212207A, DX2127A, DX2127C, MKP00094, 0855836400, 0855836500, 7700616459, 7700647267, 7700647270, 7700664569, 7701366057, 7701366267, 7701366515, 7701414144, 0948200084, 0948200124, 0948200141, 0948200262, 0948200264, 0948200316, 0948200359, 9050712, 0013695600, NR15YC, 90239569, 90297143, 91143773, VSP805; Tulpat,Sytytystulppa<\/p>\n","protected":false},"excerpt":{"rendered":"<p>RIDEX Sytytystulpat 686S0052 Tulpat,Sytytystulppa SKODA,OPEL,DACIA,105,120 742,105,120 744,130,OMEGA A 16_, 17_, 19_,KADETT E CC 33_, 34_, 43_, 44_<\/p>\n","protected":false},"featured_media":0,"template":"","meta":{"site-sidebar-layout":"default","site-content-layout":"default","ast-global-header-display":"","ast-main-header-display":"","ast-hfb-above-header-display":"","ast-hfb-below-header-display":"","ast-hfb-mobile-header-display":"","site-post-title":"","ast-breadcrumbs-content":"","ast-featured-img":"","footer-sml-layout":"","theme-transparent-header-meta":"","adv-header-id-meta":"","stick-header-meta":"","header-above-stick-meta":"","header-main-stick-meta":"","header-below-stick-meta":""},"pwb-brand":[157],"product_cat":[165],"product_tag":[],"class_list":{"0":"post-17138","1":"product","2":"type-product","3":"status-publish","5":"pwb-brand-ridex","6":"product_cat-sytytystulpat","7":"desktop-align-left","8":"tablet-align-left","9":"mobile-align-left","11":"first","12":"instock","13":"product-type-external"},"brands":[{"id":157,"name":"RIDEX","slug":"ridex"}],"_links":{"self":[{"href":"https:\/\/www.autonvaraosahaku.fi\/index.php?rest_route=\/wp\/v2\/product\/17138","targetHints":{"allow":["GET"]}}],"collection":[{"href":"https:\/\/www.autonvaraosahaku.fi\/index.php?rest_route=\/wp\/v2\/product"}],"about":[{"href":"https:\/\/www.autonvaraosahaku.fi\/index.php?rest_route=\/wp\/v2\/types\/product"}],"wp:attachment":[{"href":"https:\/\/www.autonvaraosahaku.fi\/index.php?rest_route=%2Fwp%2Fv2%2Fmedia&parent=17138"}],"wp:term":[{"taxonomy":"pwb-brand","embeddable":true,"href":"https:\/\/www.autonvaraosahaku.fi\/index.php?rest_route=%2Fwp%2Fv2%2Fpwb-brand&post=17138"},{"taxonomy":"product_cat","embeddable":true,"href":"https:\/\/www.autonvaraosahaku.fi\/index.php?rest_route=%2Fwp%2Fv2%2Fproduct_cat&post=17138"},{"taxonomy":"product_tag","embeddable":true,"href":"https:\/\/www.autonvaraosahaku.fi\/index.php?rest_route=%2Fwp%2Fv2%2Fproduct_tag&post=17138"}],"curies":[{"name":"wp","href":"https:\/\/api.w.org\/{rel}","templated":true}]}}