{"id":17140,"date":"2021-02-21T14:29:31","date_gmt":"2021-02-21T14:29:31","guid":{"rendered":"https:\/\/www.autonvaraosahaku.fi\/?product=master-sport-719-27-of-pcs-ms-oljynsuodatin"},"modified":"2021-02-21T14:29:32","modified_gmt":"2021-02-21T14:29:32","slug":"master-sport-719-27-of-pcs-ms-oljynsuodatin","status":"publish","type":"product","link":"https:\/\/www.autonvaraosahaku.fi\/?product=master-sport-719-27-of-pcs-ms-oljynsuodatin","title":{"rendered":"MASTER-SPORT 719\/27-OF-PCS-MS \u00d6ljynsuodatin"},"content":{"rendered":"<p>Ulkol\u00e4pimitta [mm]: 76; Korvaava tuote\/korvaava tiedote 2: yhdell\u00e4 peruutuksenestoventtiilill\u00e4; Avauspaine ohitusventtiili [bar]: 1,0; Ulkol\u00e4pimitta 2 [mm]: 71; Korkeus (mm): 123; Sis\u00e4l\u00e4pimitta 2 [mm]: 62; Kierremitta: 3\/4-16 UNF; Nettopaino [kg]: 0,36; Bruttopaino [kg]: 0,36; Valmistusvuosi alkaen: 10\/2002; MAZDA: 2 DY,TRIBUTE EP,CX-9 TB; JEEP: GRAND CHEROKEE III WH, WK,CHEROKEE KJ,COMMANDER XK,CHEROKEE KK; FORD USA: WINDSTAR A3,MUSTANG Coupe C,MUSTANG Convertible C,TAURUS P5_,TAURUS Wagon P5_; CHRYSLER: PT CRUISER PT_,PT CRUISER Cabriolet; FORD: FIESTA V JH_, JD_,FOCUS II Kombi DA_,FOCUS Kombi DNW,FOCUS II DA_,FOCUS DAW, DBW,GALAXY WGR,FIESTA IV JA_, JB_,FUSION JU_,KA RB_,MAVERICK,FOCUS Stufenheck DFW,STREET KA RL2,MONDEO II Kombi BNP,FIESTA III GFJ,TRANSIT Kasten FA_ _,TRANSIT CONNECT P65_, P70_, P80_,FOCUS II Stufenheck DA_,TRANSIT Bus FD_ _, FB_ _, FS_ _, FZ_ _, FC_ _,COUGAR EC_,MONDEO II BAP,TOURNEO CONNECT,PUMA EC_,TRANSIT Pritsche\/Fahrgestell FM_ _, FN_ _,ESCORT VII GAL, AAL, ABL,MONDEO II Stufenheck BFP,MONDEO I Kombi BNP,MONDEO I GBP,ESCORT VII Kombi GAL, ANL,FIESTA V Van,TRANSIT  MK-5 Bus E_ _,ESCORT VII Cabriolet ALL,ESCORT VI Cabriolet ALL,ESCORT VI GAL,SCORPIO II GFR, GGR,TRANSIT MK-5 Pritsche\/Fahrgestell E_ _,ESCORT V Cabriolet ALL,MONDEO I Stufenheck GBP,TRANSIT MK-5 Kasten E_ _,SCORPIO II Kombi GNR, GGR,ESCORT V GAL,ESCORT VII Stufenheck GAL, AFL,KA Van RB,ESCORT VI Kombi GAL,ESCORT CLASSIC AAL, ABL,ESCORT CLASSIC Turnier ANL,ESCORT VI Stufenheck GAL,TRANSIT TOURNEO E_,ESCORT V Kombi GAL, ; MORGAN: PLUS FOUR,FOUR FOUR,ROADSTER Cabriolet; 04781452AA, 04781452AB, 04781452BB, 4781452AA, 4781452BB, K04781452AB, K04781452BB, K4781452AA, K4781452BB, 1037678, 1043147, 1047169, 1066071, 1071746, 1097077, 1119421, 1663050, 1663051, 1S7Z6731DA, 3652059, 4454116, 6937011, 978M6714A2A, 978M6714B2A, 978M6714B4A, BFL200, E1FZ6731A, E4FZ6731ABMR, F8CZ6731AA, XS6E6714B1A, XS6E6714D1A, YN2G6714B2A, E4FZ6731AB, C60114302, CA0214302, YF0914302, YF0914302A<\/p>\n","protected":false},"excerpt":{"rendered":"<p>MASTER-SPORT \u00d6ljynsuodatin 719\/27-OF-PCS-MS  MAZDA,JEEP,FORD USA,2 DY,TRIBUTE EP,CX-9 TB,GRAND CHEROKEE III WH, WK,CHEROKEE KJ,COMMANDER XK<\/p>\n","protected":false},"featured_media":0,"template":"","meta":{"site-sidebar-layout":"default","site-content-layout":"default","ast-global-header-display":"","ast-main-header-display":"","ast-hfb-above-header-display":"","ast-hfb-below-header-display":"","ast-hfb-mobile-header-display":"","site-post-title":"","ast-breadcrumbs-content":"","ast-featured-img":"","footer-sml-layout":"","theme-transparent-header-meta":"","adv-header-id-meta":"","stick-header-meta":"","header-above-stick-meta":"","header-main-stick-meta":"","header-below-stick-meta":""},"pwb-brand":[61],"product_cat":[30],"product_tag":[],"class_list":{"0":"post-17140","1":"product","2":"type-product","3":"status-publish","5":"pwb-brand-master-sport","6":"product_cat-oljynsuodatin","7":"desktop-align-left","8":"tablet-align-left","9":"mobile-align-left","11":"first","12":"instock","13":"product-type-external"},"brands":[{"id":61,"name":"MASTER-SPORT","slug":"master-sport"}],"_links":{"self":[{"href":"https:\/\/www.autonvaraosahaku.fi\/index.php?rest_route=\/wp\/v2\/product\/17140","targetHints":{"allow":["GET"]}}],"collection":[{"href":"https:\/\/www.autonvaraosahaku.fi\/index.php?rest_route=\/wp\/v2\/product"}],"about":[{"href":"https:\/\/www.autonvaraosahaku.fi\/index.php?rest_route=\/wp\/v2\/types\/product"}],"wp:attachment":[{"href":"https:\/\/www.autonvaraosahaku.fi\/index.php?rest_route=%2Fwp%2Fv2%2Fmedia&parent=17140"}],"wp:term":[{"taxonomy":"pwb-brand","embeddable":true,"href":"https:\/\/www.autonvaraosahaku.fi\/index.php?rest_route=%2Fwp%2Fv2%2Fpwb-brand&post=17140"},{"taxonomy":"product_cat","embeddable":true,"href":"https:\/\/www.autonvaraosahaku.fi\/index.php?rest_route=%2Fwp%2Fv2%2Fproduct_cat&post=17140"},{"taxonomy":"product_tag","embeddable":true,"href":"https:\/\/www.autonvaraosahaku.fi\/index.php?rest_route=%2Fwp%2Fv2%2Fproduct_tag&post=17140"}],"curies":[{"name":"wp","href":"https:\/\/api.w.org\/{rel}","templated":true}]}}