{"id":17141,"date":"2021-02-21T14:29:31","date_gmt":"2021-02-21T14:29:31","guid":{"rendered":"https:\/\/www.autonvaraosahaku.fi\/?product=ridex-686s0031-sytytystulpat"},"modified":"2021-02-21T14:29:32","modified_gmt":"2021-02-21T14:29:32","slug":"ridex-686s0031-sytytystulpat","status":"publish","type":"product","link":"https:\/\/www.autonvaraosahaku.fi\/?product=ridex-686s0031-sytytystulpat","title":{"rendered":"RIDEX 686S0031 Sytytystulpat"},"content":{"rendered":"<p>L\u00e4pimitta [mm]: 14; Avainv\u00e4li: 16; Kiristysmomentti: 22; Kierre 1: 19; Paino [g]: 43; Sytytystulppa: 1-maaelektroodi; Tarvittava kappalem\u00e4\u00e4r\u00e4: 4; VW: POLO 9N_,FOX 5Z1, 5Z3,NEW BEETLE 9C1, 1C1,NEW BEETLE Cabriolet 1Y7; MAZDA: 929 III HC,MPV I LV; JEEP: GRAND CHEROKEE III WH, WK,GRAND CHEROKEE II WJ, WG,CHEROKEE XJ,COMMANDER XK,WRANGLER II TJ,WRANGLER I YJ, SJ_,CJ5 &#8211; CJ8,COMANCHE MJ; SKODA: FABIA Combi 6Y5,FABIA,FABIA 6Y2,FABIA Combi,ROOMSTER 5J,FABIA Stufenheck 6Y3,ROOMSTER Praktik 5J,FABIA Praktik; SUZUKI: WAGON R; SEAT: IBIZA IV 6L1,IBIZA V 6J5, 6P5,IBIZA V ST 6J8, 6P8,IBIZA V SPORTCOUPE 6J1, 6P1,CORDOBA 6L2; CHEVROLET: CRUZE J300; HONDA: CIVIC VII Hatchback EU, EP, EV,CIVIC VI Hatchback EJ, EK,ACCORD VI CG, CK,CIVIC VI Fastback MA, MB,CRX III EH, EG,LOGO GA3,CIVIC VI Aerodeck MB, MC,CR-V I RD,HR-V GH,CIVIC V Hatchback EG,CIVIC VII Coupe EM2,ACCORD VI Hatchback CH,ACCORD VI Coupe CG,ACCORD V CE, CF,CIVIC VI Stufenheck EJ, EK,PRELUDE IV BB,CIVIC VI Coupe EJ, EM1,SHUTTLE RA,INTEGRA Coupe DC2, DC4,CIVIC V Coupe EJ,CIVIC VII Stufenheck ES,ACCORD IV CB,CIVIC V Stufenheck EG, EH,ACCORD V Aerodeck CE,ACCORD V CC, CD,ACCORD V Coupe CD,ACCORD IV Aerodeck CB,ODYSSEY RB_,ODYSSEY RA_; FORD USA: PROBE II ECP; OPEL: CORSA D,CORSA C F08, F68,ZAFIRA B A05,ASTRA H Caravan L35,MERIVA,ZAFIRA A F75_,ASTRA G CC F48_, F08_,ASTRA H L48,ASTRA G Caravan F35_,INSIGNIA Caravan,VECTRA C Caravan,ASTRA H GTC L08,SIGNUM,VECTRA C,AGILA A H00,ZAFIRA TOURER C P12,MOKKA,VECTRA C GTS,TIGRA TwinTop,ASTRA H TwinTop L67,INSIGNIA,ASTRA G Cabriolet F67,INSIGNIA Stufenheck,ASTRA G Coupe F07_,COMBO Kasten\/Kombi,ASTRA G Stufenheck F69_,ZAFIRA B Van,COMBO Tour,CORSA D Van,CORSA C Kasten F08, W5L,ASTRA H Stufenheck L69; 56041402AB, 5149177AB, 3588254, 3899252, 980795514P, 980795515G, 980795515G01, 5860076360, 56027275, 56028236AA, SP000ZFR5N, SP0RC12ECC, SPRC12MCC4, F20318110, F28818110, F2Y218110, H28818110, 1214031, 1214041, 1214120, 8304504277, NLP007666EVA, 1119284E00, 101905601B, 101905603B, 101905617, 101905617A, 101905618, 101905618A; Tulpat,Sytytystulppa<\/p>\n","protected":false},"excerpt":{"rendered":"<p>RIDEX Sytytystulpat 686S0031 Tulpat,Sytytystulppa VW,MAZDA,JEEP,POLO 9N_,FOX 5Z1, 5Z3,NEW BEETLE 9C1, 1C1,NEW BEETLE Cabriolet 1Y7,929 III HC,MPV I LV<\/p>\n","protected":false},"featured_media":0,"template":"","meta":{"site-sidebar-layout":"default","site-content-layout":"default","ast-global-header-display":"","ast-main-header-display":"","ast-hfb-above-header-display":"","ast-hfb-below-header-display":"","ast-hfb-mobile-header-display":"","site-post-title":"","ast-breadcrumbs-content":"","ast-featured-img":"","footer-sml-layout":"","theme-transparent-header-meta":"","adv-header-id-meta":"","stick-header-meta":"","header-above-stick-meta":"","header-main-stick-meta":"","header-below-stick-meta":""},"pwb-brand":[157],"product_cat":[165],"product_tag":[],"class_list":{"0":"post-17141","1":"product","2":"type-product","3":"status-publish","5":"pwb-brand-ridex","6":"product_cat-sytytystulpat","7":"desktop-align-left","8":"tablet-align-left","9":"mobile-align-left","11":"first","12":"instock","13":"product-type-external"},"brands":[{"id":157,"name":"RIDEX","slug":"ridex"}],"_links":{"self":[{"href":"https:\/\/www.autonvaraosahaku.fi\/index.php?rest_route=\/wp\/v2\/product\/17141","targetHints":{"allow":["GET"]}}],"collection":[{"href":"https:\/\/www.autonvaraosahaku.fi\/index.php?rest_route=\/wp\/v2\/product"}],"about":[{"href":"https:\/\/www.autonvaraosahaku.fi\/index.php?rest_route=\/wp\/v2\/types\/product"}],"wp:attachment":[{"href":"https:\/\/www.autonvaraosahaku.fi\/index.php?rest_route=%2Fwp%2Fv2%2Fmedia&parent=17141"}],"wp:term":[{"taxonomy":"pwb-brand","embeddable":true,"href":"https:\/\/www.autonvaraosahaku.fi\/index.php?rest_route=%2Fwp%2Fv2%2Fpwb-brand&post=17141"},{"taxonomy":"product_cat","embeddable":true,"href":"https:\/\/www.autonvaraosahaku.fi\/index.php?rest_route=%2Fwp%2Fv2%2Fproduct_cat&post=17141"},{"taxonomy":"product_tag","embeddable":true,"href":"https:\/\/www.autonvaraosahaku.fi\/index.php?rest_route=%2Fwp%2Fv2%2Fproduct_tag&post=17141"}],"curies":[{"name":"wp","href":"https:\/\/api.w.org\/{rel}","templated":true}]}}