{"id":17166,"date":"2021-02-21T14:29:35","date_gmt":"2021-02-21T14:29:35","guid":{"rendered":"https:\/\/www.autonvaraosahaku.fi\/?product=ridex-7o0213-oljynsuodatin"},"modified":"2021-02-21T14:29:36","modified_gmt":"2021-02-21T14:29:36","slug":"ridex-7o0213-oljynsuodatin","status":"publish","type":"product","link":"https:\/\/www.autonvaraosahaku.fi\/?product=ridex-7o0213-oljynsuodatin","title":{"rendered":"RIDEX 7O0213 \u00d6ljynsuodatin"},"content":{"rendered":"<p>Suodatintyyppi: Suodatinpanos; L\u00e4pimitta [mm]: 91; L\u00e4pimitta 2 [mm]: 91; L\u00e4pimitta 4 [mm]: 91; Korkeus (mm): 63; Valmistusvuoteen: 12\/2016; NISSAN: JUKE F15,QASHQAI J11, J11_,PULSAR Schr\u00e4gheck C13,MICRA V K14; MERCEDES-BENZ: CITAN Kasten 415,CITAN Kombi 415; DACIA: DUSTER,SANDERO II,LODGY,LOGAN MCV II,DOKKER,DOKKER Express,LOGAN II,DUSTER Kasten; SMART: FORTWO Coupe 453,FORFOUR Schr\u00e4gheck 453,FORTWO Cabriolet 453; RENAULT: MEGANE III Grandtour KZ0\/1,SC\u00c9NIC III JZ0\/1_,CLIO IV,MEGANE III Schr\u00e4gheck BZ0_,GRAND SC\u00c9NIC III JZ0\/1_,MEGANE III Coupe DZ0\/1_,KANGOO \/ GRAND KANGOO KW0\/1_,CAPTUR,KANGOO Express FW0\/1_,CLIO Grandtour IV,MEGANE CC EZ0\/1_,TWINGO III,THALIA II LU1\/2_,KADJAR,MEGANE IV B9A\/M_,MEGANE IV Grandtour K9A\/M_,CLIO IV Kasten,GRAND SC\u00c9NIC IV R9_,SC\u00c9NIC IV J9_,MEGANE IV Stufenheck,SANDERO\/STEPWAY II; 152095084R, 2001800009, 2811800210, A2001800009, 1520800Q1E, 1520900Q0F, 152082327R, 152095084R, 8660003780, 2001800009<\/p>\n","protected":false},"excerpt":{"rendered":"<p>RIDEX \u00d6ljynsuodatin 7O0213  NISSAN,MERCEDES-BENZ,DACIA,JUKE F15,QASHQAI J11, J11_,PULSAR Schr\u00e4gheck C13,MICRA V K14,CITAN Kasten 415,CITAN Kombi 415<\/p>\n","protected":false},"featured_media":0,"template":"","meta":{"site-sidebar-layout":"default","site-content-layout":"default","ast-global-header-display":"","ast-main-header-display":"","ast-hfb-above-header-display":"","ast-hfb-below-header-display":"","ast-hfb-mobile-header-display":"","site-post-title":"","ast-breadcrumbs-content":"","ast-featured-img":"","footer-sml-layout":"","theme-transparent-header-meta":"","adv-header-id-meta":"","stick-header-meta":"","header-above-stick-meta":"","header-main-stick-meta":"","header-below-stick-meta":""},"pwb-brand":[157],"product_cat":[30],"product_tag":[],"class_list":{"0":"post-17166","1":"product","2":"type-product","3":"status-publish","5":"pwb-brand-ridex","6":"product_cat-oljynsuodatin","7":"desktop-align-left","8":"tablet-align-left","9":"mobile-align-left","11":"first","12":"instock","13":"product-type-external"},"brands":[{"id":157,"name":"RIDEX","slug":"ridex"}],"_links":{"self":[{"href":"https:\/\/www.autonvaraosahaku.fi\/index.php?rest_route=\/wp\/v2\/product\/17166","targetHints":{"allow":["GET"]}}],"collection":[{"href":"https:\/\/www.autonvaraosahaku.fi\/index.php?rest_route=\/wp\/v2\/product"}],"about":[{"href":"https:\/\/www.autonvaraosahaku.fi\/index.php?rest_route=\/wp\/v2\/types\/product"}],"wp:attachment":[{"href":"https:\/\/www.autonvaraosahaku.fi\/index.php?rest_route=%2Fwp%2Fv2%2Fmedia&parent=17166"}],"wp:term":[{"taxonomy":"pwb-brand","embeddable":true,"href":"https:\/\/www.autonvaraosahaku.fi\/index.php?rest_route=%2Fwp%2Fv2%2Fpwb-brand&post=17166"},{"taxonomy":"product_cat","embeddable":true,"href":"https:\/\/www.autonvaraosahaku.fi\/index.php?rest_route=%2Fwp%2Fv2%2Fproduct_cat&post=17166"},{"taxonomy":"product_tag","embeddable":true,"href":"https:\/\/www.autonvaraosahaku.fi\/index.php?rest_route=%2Fwp%2Fv2%2Fproduct_tag&post=17166"}],"curies":[{"name":"wp","href":"https:\/\/api.w.org\/{rel}","templated":true}]}}