{"id":17172,"date":"2021-02-21T14:29:35","date_gmt":"2021-02-21T14:29:35","guid":{"rendered":"https:\/\/www.autonvaraosahaku.fi\/?product=ridex-13d0103-vetoakseli"},"modified":"2021-02-21T14:29:37","modified_gmt":"2021-02-21T14:29:37","slug":"ridex-13d0103-vetoakseli","status":"publish","type":"product","link":"https:\/\/www.autonvaraosahaku.fi\/?product=ridex-13d0103-vetoakseli","title":{"rendered":"RIDEX 13D0103 Vetoakseli"},"content":{"rendered":"<p>Pituus (mm): 968.3; Kierremitta: M24x1.5; Ulkohammastus, py\u00f6r\u00e4npuoli: 28; Ulkohammastus tasauspy\u00f6r\u00e4st\u00f6puoli: 37; Tiivisteen l\u00e4pimitta [mm]: 58.5; Pituus 2 (mm): 383; Korvaava tuote\/korvaava tiedote 2: laakerilla; Nivelen l\u00e4pimitta py\u00f6r\u00e4puoli [mm]: 96.5; Nivelen l\u00e4pimitta vaihteistopuoli [mm]: 84; Rakennemalli: ML6C; FIAT: SCUDO 270_,SCUDO Kasten 270_,SCUDO Pritsche\/Fahrgestell 270_; CITRO\u00cbN: C5 III Break TD_,C5 III RD_,JUMPY,C6 TD_,JUMPY Kasten,DS5; PEUGEOT: 407 SW 6E_,508 SW,407 6D_,RCZ,508,407 Coupe 6C_,EXPERT Tepee VF3V_,EXPERT Kasten VF3A_, VF3U_, VF3X_,EXPERT Pritsche\/Fahrgestell; 3273NP, 3273NQ, 3273SH, 3273SJ, 3273SK, 3273SL, 3273SV, 3273SW, 1497188080, 1497188088, 71791561, 71792561, 3273GC, 3273GE, 3273LL, 3273LN, 3273NP, 3273NQ, 3273SV, 9653263880<\/p>\n","protected":false},"excerpt":{"rendered":"<p>RIDEX Vetoakseli 13D0103  FIAT,CITRO\u00cbN,PEUGEOT,SCUDO 270_,SCUDO Kasten 270_,SCUDO Pritsche\/Fahrgestell 270_,C5 III Break TD_,C5 III RD_,JUMPY,C6 TD_<\/p>\n","protected":false},"featured_media":0,"template":"","meta":{"site-sidebar-layout":"default","site-content-layout":"default","ast-global-header-display":"","ast-main-header-display":"","ast-hfb-above-header-display":"","ast-hfb-below-header-display":"","ast-hfb-mobile-header-display":"","site-post-title":"","ast-breadcrumbs-content":"","ast-featured-img":"","footer-sml-layout":"","theme-transparent-header-meta":"","adv-header-id-meta":"","stick-header-meta":"","header-above-stick-meta":"","header-main-stick-meta":"","header-below-stick-meta":""},"pwb-brand":[157],"product_cat":[215],"product_tag":[],"class_list":{"0":"post-17172","1":"product","2":"type-product","3":"status-publish","5":"pwb-brand-ridex","6":"product_cat-vetoakseli","7":"desktop-align-left","8":"tablet-align-left","9":"mobile-align-left","11":"first","12":"instock","13":"product-type-external"},"brands":[{"id":157,"name":"RIDEX","slug":"ridex"}],"_links":{"self":[{"href":"https:\/\/www.autonvaraosahaku.fi\/index.php?rest_route=\/wp\/v2\/product\/17172","targetHints":{"allow":["GET"]}}],"collection":[{"href":"https:\/\/www.autonvaraosahaku.fi\/index.php?rest_route=\/wp\/v2\/product"}],"about":[{"href":"https:\/\/www.autonvaraosahaku.fi\/index.php?rest_route=\/wp\/v2\/types\/product"}],"wp:attachment":[{"href":"https:\/\/www.autonvaraosahaku.fi\/index.php?rest_route=%2Fwp%2Fv2%2Fmedia&parent=17172"}],"wp:term":[{"taxonomy":"pwb-brand","embeddable":true,"href":"https:\/\/www.autonvaraosahaku.fi\/index.php?rest_route=%2Fwp%2Fv2%2Fpwb-brand&post=17172"},{"taxonomy":"product_cat","embeddable":true,"href":"https:\/\/www.autonvaraosahaku.fi\/index.php?rest_route=%2Fwp%2Fv2%2Fproduct_cat&post=17172"},{"taxonomy":"product_tag","embeddable":true,"href":"https:\/\/www.autonvaraosahaku.fi\/index.php?rest_route=%2Fwp%2Fv2%2Fproduct_tag&post=17172"}],"curies":[{"name":"wp","href":"https:\/\/api.w.org\/{rel}","templated":true}]}}