{"id":17176,"date":"2021-02-21T14:29:35","date_gmt":"2021-02-21T14:29:35","guid":{"rendered":"https:\/\/www.autonvaraosahaku.fi\/?product=daco-germany-434710-iskunvaimennin"},"modified":"2021-02-21T14:29:37","modified_gmt":"2021-02-21T14:29:37","slug":"daco-germany-434710-iskunvaimennin","status":"publish","type":"product","link":"https:\/\/www.autonvaraosahaku.fi\/?product=daco-germany-434710-iskunvaimennin","title":{"rendered":"DACO Germany 434710 Iskunvaimennin"},"content":{"rendered":"<p>Asennuspuoli: Etuakseli; Iskunvaimennin tyyppi: \u00d6ljypaine; Iskunvaimennin asennustapa: Tappi ylh\u00e4\u00e4ll\u00e4, Silmukka alhaalla, Tappi ylh\u00e4\u00e4ll\u00e4; Valmistusvuosi alkaen: 01\/1993; VW: TRANSPORTER IV Bus 70XB, 70XC, 7DB, 7DW,TRANSPORTER IV Kasten 70XA,TRANSPORTER IV Pritsche\/Fahrgestell 70XD,POLO Variant 6KV5; OPEL: ASTRA G CC F48_, F08_,ASTRA G Caravan F35_,OMEGA B 25_, 26_, 27_,ASTRA G Coupe F07_,ASTRA G Stufenheck F69_,COMBO Tour X12; FORD: ESCORT VII GAL, AAL, ABL,ESCORT VII Stufenheck GAL, AFL; PEUGEOT: 206 Schr\u00e4gheck 2A\/C; SEAT: CORDOBA 6K1, 6K2,CORDOBA Vario 6K1; DAEWOO: LANOS Stufenheck KLAT; 701413031B, 701413031C, 701413031E, 701513031, 701513031A, 701513031L, 701513031Q, 7D0413031A, 7D0413031B, 701413031, 701413031A, 701413031F, 701413031G, 701513031N, 7D0413031C; Iskarit,Iskunvaimennin<\/p>\n","protected":false},"excerpt":{"rendered":"<p>DACO Germany Iskunvaimentimet 434710 Iskarit,Iskunvaimennin VW,OPEL,FORD,TRANSPORTER IV Bus 70XB, 70XC, 7DB, 7DW,TRANSPORTER IV Kasten 70XA<\/p>\n","protected":false},"featured_media":0,"template":"","meta":{"site-sidebar-layout":"default","site-content-layout":"default","ast-global-header-display":"","ast-main-header-display":"","ast-hfb-above-header-display":"","ast-hfb-below-header-display":"","ast-hfb-mobile-header-display":"","site-post-title":"","ast-breadcrumbs-content":"","ast-featured-img":"","footer-sml-layout":"","theme-transparent-header-meta":"","adv-header-id-meta":"","stick-header-meta":"","header-above-stick-meta":"","header-main-stick-meta":"","header-below-stick-meta":""},"pwb-brand":[349],"product_cat":[80],"product_tag":[],"class_list":{"0":"post-17176","1":"product","2":"type-product","3":"status-publish","5":"pwb-brand-daco-germany","6":"product_cat-iskunvaimennin","7":"desktop-align-left","8":"tablet-align-left","9":"mobile-align-left","11":"first","12":"instock","13":"product-type-external"},"brands":[{"id":349,"name":"DACO Germany","slug":"daco-germany"}],"_links":{"self":[{"href":"https:\/\/www.autonvaraosahaku.fi\/index.php?rest_route=\/wp\/v2\/product\/17176","targetHints":{"allow":["GET"]}}],"collection":[{"href":"https:\/\/www.autonvaraosahaku.fi\/index.php?rest_route=\/wp\/v2\/product"}],"about":[{"href":"https:\/\/www.autonvaraosahaku.fi\/index.php?rest_route=\/wp\/v2\/types\/product"}],"wp:attachment":[{"href":"https:\/\/www.autonvaraosahaku.fi\/index.php?rest_route=%2Fwp%2Fv2%2Fmedia&parent=17176"}],"wp:term":[{"taxonomy":"pwb-brand","embeddable":true,"href":"https:\/\/www.autonvaraosahaku.fi\/index.php?rest_route=%2Fwp%2Fv2%2Fpwb-brand&post=17176"},{"taxonomy":"product_cat","embeddable":true,"href":"https:\/\/www.autonvaraosahaku.fi\/index.php?rest_route=%2Fwp%2Fv2%2Fproduct_cat&post=17176"},{"taxonomy":"product_tag","embeddable":true,"href":"https:\/\/www.autonvaraosahaku.fi\/index.php?rest_route=%2Fwp%2Fv2%2Fproduct_tag&post=17176"}],"curies":[{"name":"wp","href":"https:\/\/api.w.org\/{rel}","templated":true}]}}