{"id":17181,"date":"2021-02-21T14:29:39","date_gmt":"2021-02-21T14:29:39","guid":{"rendered":"https:\/\/www.autonvaraosahaku.fi\/?product=master-sport-711-80-of-pcs-ms-oljynsuodatin"},"modified":"2021-02-21T14:29:39","modified_gmt":"2021-02-21T14:29:39","slug":"master-sport-711-80-of-pcs-ms-oljynsuodatin","status":"publish","type":"product","link":"https:\/\/www.autonvaraosahaku.fi\/?product=master-sport-711-80-of-pcs-ms-oljynsuodatin","title":{"rendered":"MASTER-SPORT 711\/80-OF-PCS-MS \u00d6ljynsuodatin"},"content":{"rendered":"<p>Ulkol\u00e4pimitta [mm]: 76; Korvaava tuote\/korvaava tiedote 2: yhdell\u00e4 peruutuksenestoventtiilill\u00e4; Avauspaine ohitusventtiili [bar]: 0,8; Ulkol\u00e4pimitta 2 [mm]: 72; Korkeus (mm): 79; Sis\u00e4l\u00e4pimitta 2 [mm]: 63; Kierremitta: 3\/4-16 UNF; Nettopaino [kg]: 0,28; Bruttopaino [kg]: 0,3; Valmistusvuosi alkaen: 10\/1985; VW: TARO; LEXUS: RX MHU3_, GSU3_, MCU3_,IS I JCE1_, GXE1_,GS GRS19_, UZS19_, GWS19_,GS UZS161, JZS160,IS SportCross,RX MCU15,LS UCF20,SC UZZ40_,LS UCF30,LS UCF10,GS JZS147,LX UZJ100,GX _J12_,ES F1, F2,ES MCV_, VZV_; DAIHATSU: CHARMANT A; MINI: MINI R50, R53; TOYOTA: YARIS SCP9_, NSP9_, KSP9_, NCP9_, ZSP9_,YARIS SCP1_, NLP1_, NCP1_,AURIS NRE15_, ZZE15_, ADE15_, ZRE15_, NDE15_,COROLLA ZZE12_, NDE12_, ZDE12_,YARIS VERSO _NLP2_, _NCP2_,COROLLA Kombi _E12J_, _E12T_,LAND CRUISER KDJ12_, GRJ12_,HILUX III Pick-up TGN1_, GGN2_, GGN1_, KUN2_, KUN1_,COROLLA Stufenheck _E12J_, _E12T_,LAND CRUISER 90 _J9_,SUPRA JZA70_, GA70_, MA70,LAND CRUISER PZJ7_, KZJ7_, HZJ7_, BJ7_, LJ7_, RJ7_,LAND CRUISER 100 UZJ100,CELICA Coupe AT18_, ST18_,SUPRA JZA80,PREVIA TCR2_, TCR1_,LAND CRUISER 150 KDJ15_, GRJ15_,HILUX VI Pick-up _N1_,CAMRY MCV3_, ACV3_, _XV3_,HILUX III Pritsche\/Fahrgestell KUN1_, TGN3_, TGN2_, TGN1_,,CAMRY _CV2_, _XV2_,HILUX V Pick-up LN_, KZN1_, VZN1_,4 RUNNER RN10_, VZN13_, VZN10_, RN13_,HIACE IV Bus LH1_,CELICA RA2_, TA2_,LAND CRUISER VDJ20_, UZJ20_,HIACE IV Kasten LXH1_, RZH1_, LH1_,COROLLA Stufenheck E15_,CAMRY _CV1_, _XV1_, _V1_,HIACE III Wagon LH1_, RZH1_,FJ CRUISER GSJ1_,HIACE IV Kasten TRH2_, KDH2_,CAMRY Station Wagon _XV1_, _CV1_, _V10,CELICA C; LOTUS: ESPRIT S3; 11427791059, 1560025010, 1560087104, 1560087307, 1560187307, 1560187705, 40111834, 59030255, 74434793, 74434794, 74446335, 0415203002, 0415264010, 0892202011, 1560025010, 156002501083, 1560125010, 1560176009, 156017600971, 1560178001, 156017800171, 1560196006, 401503037071, 9091503002, 9091503005, 9091520001, 9091520002, 9091520003, 9091520004, 9091533021, 9091540001, 90915TB001, 90915TB00100, 90915YZZD2, 90915YZZG1, 90915YZZJ3, 90915YZZJ4<\/p>\n","protected":false},"excerpt":{"rendered":"<p>MASTER-SPORT \u00d6ljynsuodatin 711\/80-OF-PCS-MS  VW,LEXUS,DAIHATSU,TARO,RX MHU3_, GSU3_, MCU3_,IS I JCE1_, GXE1_,GS GRS19_, UZS19_, GWS19_<\/p>\n","protected":false},"featured_media":0,"template":"","meta":{"site-sidebar-layout":"default","site-content-layout":"default","ast-global-header-display":"","ast-main-header-display":"","ast-hfb-above-header-display":"","ast-hfb-below-header-display":"","ast-hfb-mobile-header-display":"","site-post-title":"","ast-breadcrumbs-content":"","ast-featured-img":"","footer-sml-layout":"","theme-transparent-header-meta":"","adv-header-id-meta":"","stick-header-meta":"","header-above-stick-meta":"","header-main-stick-meta":"","header-below-stick-meta":""},"pwb-brand":[61],"product_cat":[30],"product_tag":[],"class_list":{"0":"post-17181","1":"product","2":"type-product","3":"status-publish","5":"pwb-brand-master-sport","6":"product_cat-oljynsuodatin","7":"desktop-align-left","8":"tablet-align-left","9":"mobile-align-left","11":"first","12":"instock","13":"product-type-external"},"brands":[{"id":61,"name":"MASTER-SPORT","slug":"master-sport"}],"_links":{"self":[{"href":"https:\/\/www.autonvaraosahaku.fi\/index.php?rest_route=\/wp\/v2\/product\/17181","targetHints":{"allow":["GET"]}}],"collection":[{"href":"https:\/\/www.autonvaraosahaku.fi\/index.php?rest_route=\/wp\/v2\/product"}],"about":[{"href":"https:\/\/www.autonvaraosahaku.fi\/index.php?rest_route=\/wp\/v2\/types\/product"}],"wp:attachment":[{"href":"https:\/\/www.autonvaraosahaku.fi\/index.php?rest_route=%2Fwp%2Fv2%2Fmedia&parent=17181"}],"wp:term":[{"taxonomy":"pwb-brand","embeddable":true,"href":"https:\/\/www.autonvaraosahaku.fi\/index.php?rest_route=%2Fwp%2Fv2%2Fpwb-brand&post=17181"},{"taxonomy":"product_cat","embeddable":true,"href":"https:\/\/www.autonvaraosahaku.fi\/index.php?rest_route=%2Fwp%2Fv2%2Fproduct_cat&post=17181"},{"taxonomy":"product_tag","embeddable":true,"href":"https:\/\/www.autonvaraosahaku.fi\/index.php?rest_route=%2Fwp%2Fv2%2Fproduct_tag&post=17181"}],"curies":[{"name":"wp","href":"https:\/\/api.w.org\/{rel}","templated":true}]}}