{"id":17182,"date":"2021-02-21T14:29:39","date_gmt":"2021-02-21T14:29:39","guid":{"rendered":"https:\/\/www.autonvaraosahaku.fi\/?product=ridex-854s1613-iskunvaimennin"},"modified":"2021-02-21T14:29:39","modified_gmt":"2021-02-21T14:29:39","slug":"ridex-854s1613-iskunvaimennin","status":"publish","type":"product","link":"https:\/\/www.autonvaraosahaku.fi\/?product=ridex-854s1613-iskunvaimennin","title":{"rendered":"RIDEX 854S1613 Iskunvaimennin"},"content":{"rendered":"<p>Lukum\u00e4\u00e4r\u00e4 akselille: 1; Asennuspuoli: Etuakseli, Vorderachse; Iskunvaimennin tyyppi: Kaasupaine; Iskunvaimennin malli: Joustintuki; Iskunvaimennusj\u00e4rjestelm\u00e4: Kaksiputki; Iskunvaimennin asennustapa: Tappi ylh\u00e4\u00e4ll\u00e4; L\u00e4pimitta [mm]: 45; Kierremitta: M12x1,25; Pituus 1 (mm): 497; Pituus 2 (mm): 333; M\u00e4nn\u00e4nvarren l\u00e4pimitta [mm]: 20; OPEL: CORSA C F08, F68,MERIVA,TIGRA TwinTop,COMBO Kasten\/Kombi,COMBO Tour,CORSA C Kasten F08, W5L; VAUXHALL: CORSA Mk II C W5L, F08,CORSAVAN Mk II C,MERIVA Mk I A,TIGRA Convertible,COMBO TOUR Mk II C F25,COMBO Mk II C Kasten\/Kombi F25; 0344152, 09196053, 09196054, 09196104, 09196105, 09196161, 09196162, 344043, 344044, 344096, 344097, 344267, 344340, 344345, 344346, 344347, 344348, 344368, 344369, 72119119, 72119120, 72119121, 72119122, 72119123, 72119124, 72119128, 72119129, 93177878, 93177879, 93183569, 93183570, 344043, 344044, 344096, 344097, 344267, 344340, 344368, 344369, 72119119, 72119120, 72119121, 72119122, 72119123, 72119124, 72119128, 72119129, 93177878, 93177879, 93183569, 93183570; Iskarit,Iskunvaimennin<\/p>\n","protected":false},"excerpt":{"rendered":"<p>RIDEX Iskunvaimentimet 854S1613 Iskarit,Iskunvaimennin OPEL,VAUXHALL,CORSA C F08, F68,MERIVA,TIGRA TwinTop,COMBO Kasten\/Kombi,COMBO Tour<\/p>\n","protected":false},"featured_media":0,"template":"","meta":{"site-sidebar-layout":"default","site-content-layout":"default","ast-global-header-display":"","ast-main-header-display":"","ast-hfb-above-header-display":"","ast-hfb-below-header-display":"","ast-hfb-mobile-header-display":"","site-post-title":"","ast-breadcrumbs-content":"","ast-featured-img":"","footer-sml-layout":"","theme-transparent-header-meta":"","adv-header-id-meta":"","stick-header-meta":"","header-above-stick-meta":"","header-main-stick-meta":"","header-below-stick-meta":""},"pwb-brand":[157],"product_cat":[80],"product_tag":[],"class_list":{"0":"post-17182","1":"product","2":"type-product","3":"status-publish","5":"pwb-brand-ridex","6":"product_cat-iskunvaimennin","7":"desktop-align-left","8":"tablet-align-left","9":"mobile-align-left","11":"first","12":"instock","13":"product-type-external"},"brands":[{"id":157,"name":"RIDEX","slug":"ridex"}],"_links":{"self":[{"href":"https:\/\/www.autonvaraosahaku.fi\/index.php?rest_route=\/wp\/v2\/product\/17182","targetHints":{"allow":["GET"]}}],"collection":[{"href":"https:\/\/www.autonvaraosahaku.fi\/index.php?rest_route=\/wp\/v2\/product"}],"about":[{"href":"https:\/\/www.autonvaraosahaku.fi\/index.php?rest_route=\/wp\/v2\/types\/product"}],"wp:attachment":[{"href":"https:\/\/www.autonvaraosahaku.fi\/index.php?rest_route=%2Fwp%2Fv2%2Fmedia&parent=17182"}],"wp:term":[{"taxonomy":"pwb-brand","embeddable":true,"href":"https:\/\/www.autonvaraosahaku.fi\/index.php?rest_route=%2Fwp%2Fv2%2Fpwb-brand&post=17182"},{"taxonomy":"product_cat","embeddable":true,"href":"https:\/\/www.autonvaraosahaku.fi\/index.php?rest_route=%2Fwp%2Fv2%2Fproduct_cat&post=17182"},{"taxonomy":"product_tag","embeddable":true,"href":"https:\/\/www.autonvaraosahaku.fi\/index.php?rest_route=%2Fwp%2Fv2%2Fproduct_tag&post=17182"}],"curies":[{"name":"wp","href":"https:\/\/api.w.org\/{rel}","templated":true}]}}