{"id":17187,"date":"2021-02-21T14:29:39","date_gmt":"2021-02-21T14:29:39","guid":{"rendered":"https:\/\/www.autonvaraosahaku.fi\/?product=ridex-2s0081-starttimoottori"},"modified":"2021-02-21T14:29:40","modified_gmt":"2021-02-21T14:29:40","slug":"ridex-2s0081-starttimoottori","status":"publish","type":"product","link":"https:\/\/www.autonvaraosahaku.fi\/?product=ridex-2s0081-starttimoottori","title":{"rendered":"RIDEX 2S0081 Starttimoottori"},"content":{"rendered":"<p>Vaihto-osa: ; Nimellisj\u00e4nnite (V): 12; K\u00e4ynnistinmoottori teho (kW): 0,85; Kiinnitysreikien lukum\u00e4\u00e4r\u00e4: 0; kierrereiki\u00e4 [kpl]: 3; Hammasluku: 8; Liitin: 50, 30; Laippa \u00d8(mm): 64,5; Py\u00f6rimissuunta: Py\u00f6rimissuunta my\u00f6t\u00e4p\u00e4iv\u00e4\u00e4n; Hammaspy\u00f6r\u00e4n perusasento [mm]: -2; K\u00e4ynnistintyyppi: Itselaakeroitu; Kierremitta: M10; Kierre 1: M10; kierre 2: M10; Pituus (mm): 183; Asento \/ aste: rechts; Asennuskulma [Astetta]: 50; Kulmamitta, kitav\u00e4li [aste]: 142; Kulmamitta, kiinnitysreik\u00e4 [aste]: 50; Valmistaja rajaus: Bosch; NISSAN: KUBISTAR Kasten X80; DACIA: DUSTER,SANDERO,LOGAN MCV KS_,SANDERO II,LODGY,LOGAN MCV II,DOKKER,LOGAN LS_,DOKKER Express,LOGAN EXPRESS FS_,LOGAN Pick-up US_,LOGAN II,DUSTER Kasten; RENAULT: CLIO II BB0\/1\/2_, CB0\/1\/2_,SC\u00c9NIC II JM0\/1_,KANGOO KC0\/1_,MEGANE III Grandtour KZ0\/1,LAGUNA II Grandtour KG0\/1_,MEGANE II Kombi KM0\/1_,SC\u00c9NIC I JA0\/1_,MEGANE II Coup\u00e9-Cabriolet EM0\/1_,MEGANE Scenic JA0\/1_,MEGANE III Schr\u00e4gheck BZ0_,LAGUNA II BG0\/1_,MEGANE II BM0\/1_, CM0\/1_,MEGANE I BA0\/1_,MEGANE III Coupe DZ0\/1_,KANGOO \/ GRAND KANGOO KW0\/1_,KANGOO Express FC0\/1_,GRAND SC\u00c9NIC II JM0\/1_,MEGANE I Grandtour KA0\/1_,MEGANE I Cabriolet EA0\/1_,LAGUNA I B56_, 556_,LAGUNA I Grandtour K56_,KANGOO Express FW0\/1_,MEGANE II Stufenheck LM0\/1_,MEGANE I Classic LA0\/1_,MEGANE I Coach DA0\/1_,KANGOO BE BOP KW0\/1_,MEGANE CC EZ0\/1_,CLIO II Kasten SB0\/1\/2_,FLUENCE L30_,THALIA I LB0\/1\/2_,SANDERO\/STEPWAY I,DUSTER,LOGAN I Kombi KS_,LOGAN I LS_,THALIA II LU1\/2_,LOGAN EXPRESS,MEGANE II Kasten\/Kombi KM_,SANDERO\/STEPWAY II,LOGAN II Kombi,LOGAN II; 6001549012, 8200266777, 8200781939, M000T46371, M000T46371ZT, M0T46371, M0T46371ZT, 2330000QAX, 23300AZ71A, 7711135335, 7711135849, 7711497421, 7711497547, 8200049826, 8200182178, 8200266777, 8200781939, 8200815079, 8200815083; Startti,K\u00e4ynnistinmoottori<\/p>\n","protected":false},"excerpt":{"rendered":"<p>RIDEX Starttimoottori 2S0081 Startti,K\u00e4ynnistinmoottori NISSAN,DACIA,RENAULT,KUBISTAR Kasten X80,DUSTER,SANDERO,LOGAN MCV KS_,SANDERO II,LODGY<\/p>\n","protected":false},"featured_media":0,"template":"","meta":{"site-sidebar-layout":"default","site-content-layout":"default","ast-global-header-display":"","ast-main-header-display":"","ast-hfb-above-header-display":"","ast-hfb-below-header-display":"","ast-hfb-mobile-header-display":"","site-post-title":"","ast-breadcrumbs-content":"","ast-featured-img":"","footer-sml-layout":"","theme-transparent-header-meta":"","adv-header-id-meta":"","stick-header-meta":"","header-above-stick-meta":"","header-main-stick-meta":"","header-below-stick-meta":""},"pwb-brand":[157],"product_cat":[295],"product_tag":[],"class_list":{"0":"post-17187","1":"product","2":"type-product","3":"status-publish","5":"pwb-brand-ridex","6":"product_cat-starttimoottori","7":"desktop-align-left","8":"tablet-align-left","9":"mobile-align-left","11":"first","12":"instock","13":"product-type-external"},"brands":[{"id":157,"name":"RIDEX","slug":"ridex"}],"_links":{"self":[{"href":"https:\/\/www.autonvaraosahaku.fi\/index.php?rest_route=\/wp\/v2\/product\/17187","targetHints":{"allow":["GET"]}}],"collection":[{"href":"https:\/\/www.autonvaraosahaku.fi\/index.php?rest_route=\/wp\/v2\/product"}],"about":[{"href":"https:\/\/www.autonvaraosahaku.fi\/index.php?rest_route=\/wp\/v2\/types\/product"}],"wp:attachment":[{"href":"https:\/\/www.autonvaraosahaku.fi\/index.php?rest_route=%2Fwp%2Fv2%2Fmedia&parent=17187"}],"wp:term":[{"taxonomy":"pwb-brand","embeddable":true,"href":"https:\/\/www.autonvaraosahaku.fi\/index.php?rest_route=%2Fwp%2Fv2%2Fpwb-brand&post=17187"},{"taxonomy":"product_cat","embeddable":true,"href":"https:\/\/www.autonvaraosahaku.fi\/index.php?rest_route=%2Fwp%2Fv2%2Fproduct_cat&post=17187"},{"taxonomy":"product_tag","embeddable":true,"href":"https:\/\/www.autonvaraosahaku.fi\/index.php?rest_route=%2Fwp%2Fv2%2Fproduct_tag&post=17187"}],"curies":[{"name":"wp","href":"https:\/\/api.w.org\/{rel}","templated":true}]}}