{"id":17224,"date":"2021-02-21T14:29:46","date_gmt":"2021-02-21T14:29:46","guid":{"rendered":"https:\/\/www.autonvaraosahaku.fi\/?product=elring-705-708-muut-luokat"},"modified":"2021-02-21T14:29:47","modified_gmt":"2021-02-21T14:29:47","slug":"elring-705-708-muut-luokat","status":"publish","type":"product","link":"https:\/\/www.autonvaraosahaku.fi\/?product=elring-705-708-muut-luokat","title":{"rendered":"ELRING 705.708 Muut luokat"},"content":{"rendered":"<p>Kemialliset ominaisuudet: Kestoelastinen, Ei liuotusainepitoinen, UV-kest\u00e4v\u00e4; Pakkaustyyppi: Tuubi; Sis\u00e4lt\u00f6 [ml]: 70; Materiaali: Silikoni; L\u00e4mp\u00f6alue alkaen [\u00b0C]: -60; L\u00e4mp\u00f6tila-alue korkeintaan [\u00b0C]: 315; V\u00e4ri: Punainen; A0049890820, MD974421, KP71000150, 7711236470, 9369180030, 9369180030000, 9900031280000, 0029501281<\/p>\n","protected":false},"excerpt":{"rendered":"<p>ELRING Tiivistysaine Dirko HT 705.708<\/p>\n","protected":false},"featured_media":0,"template":"","meta":{"site-sidebar-layout":"default","site-content-layout":"default","ast-global-header-display":"","ast-main-header-display":"","ast-hfb-above-header-display":"","ast-hfb-below-header-display":"","ast-hfb-mobile-header-display":"","site-post-title":"","ast-breadcrumbs-content":"","ast-featured-img":"","footer-sml-layout":"","theme-transparent-header-meta":"","adv-header-id-meta":"","stick-header-meta":"","header-above-stick-meta":"","header-main-stick-meta":"","header-below-stick-meta":""},"pwb-brand":[26],"product_cat":[37],"product_tag":[],"class_list":{"0":"post-17224","1":"product","2":"type-product","3":"status-publish","5":"pwb-brand-elring","6":"product_cat-muut-luokat","7":"desktop-align-left","8":"tablet-align-left","9":"mobile-align-left","11":"first","12":"instock","13":"product-type-external"},"brands":[{"id":26,"name":"ELRING","slug":"elring"}],"_links":{"self":[{"href":"https:\/\/www.autonvaraosahaku.fi\/index.php?rest_route=\/wp\/v2\/product\/17224","targetHints":{"allow":["GET"]}}],"collection":[{"href":"https:\/\/www.autonvaraosahaku.fi\/index.php?rest_route=\/wp\/v2\/product"}],"about":[{"href":"https:\/\/www.autonvaraosahaku.fi\/index.php?rest_route=\/wp\/v2\/types\/product"}],"wp:attachment":[{"href":"https:\/\/www.autonvaraosahaku.fi\/index.php?rest_route=%2Fwp%2Fv2%2Fmedia&parent=17224"}],"wp:term":[{"taxonomy":"pwb-brand","embeddable":true,"href":"https:\/\/www.autonvaraosahaku.fi\/index.php?rest_route=%2Fwp%2Fv2%2Fpwb-brand&post=17224"},{"taxonomy":"product_cat","embeddable":true,"href":"https:\/\/www.autonvaraosahaku.fi\/index.php?rest_route=%2Fwp%2Fv2%2Fproduct_cat&post=17224"},{"taxonomy":"product_tag","embeddable":true,"href":"https:\/\/www.autonvaraosahaku.fi\/index.php?rest_route=%2Fwp%2Fv2%2Fproduct_tag&post=17224"}],"curies":[{"name":"wp","href":"https:\/\/api.w.org\/{rel}","templated":true}]}}