{"id":17226,"date":"2021-02-21T14:29:46","date_gmt":"2021-02-21T14:29:46","guid":{"rendered":"https:\/\/www.autonvaraosahaku.fi\/?product=master-sport-sz-16-pcs-ms-hehkutulppa"},"modified":"2021-02-21T14:29:47","modified_gmt":"2021-02-21T14:29:47","slug":"master-sport-sz-16-pcs-ms-hehkutulppa","status":"publish","type":"product","link":"https:\/\/www.autonvaraosahaku.fi\/?product=master-sport-sz-16-pcs-ms-hehkutulppa","title":{"rendered":"MASTER-SPORT SZ-16-PCS-MS Hehkutulppa"},"content":{"rendered":"<p>Hehkutulppatyyppi: Hehkutulppa, puikko, j\u00e4lkihehkutuksenkest\u00e4v\u00e4; Nimellisj\u00e4nnite (V): 11; Nettopaino [kg]: 0,05; Bruttopaino [kg]: 0,05; Valmistusvuosi alkaen: 03\/1999; OPEL: ARENA Kasten TB, TF; RENAULT: CLIO II BB0\/1\/2_, CB0\/1\/2_,KANGOO KC0\/1_,MEGANE Scenic JA0\/1_,KANGOO Express FC0\/1_,CLIO II Kasten SB0\/1\/2_,TRAFIC Kasten TXX,TRAFIC Bus TXW,THALIA I LB0\/1\/2_; 09110945, 4402945, 9110945, 7700100558, 8200423224, 8200423227<\/p>\n","protected":false},"excerpt":{"rendered":"<p>MASTER-SPORT Hehkutulppa SZ-16-PCS-MS  OPEL,RENAULT,ARENA Kasten TB, TF,CLIO II BB0\/1\/2_, CB0\/1\/2_,KANGOO KC0\/1_,MEGANE Scenic JA0\/1_<\/p>\n","protected":false},"featured_media":0,"template":"","meta":{"site-sidebar-layout":"default","site-content-layout":"default","ast-global-header-display":"","ast-main-header-display":"","ast-hfb-above-header-display":"","ast-hfb-below-header-display":"","ast-hfb-mobile-header-display":"","site-post-title":"","ast-breadcrumbs-content":"","ast-featured-img":"","footer-sml-layout":"","theme-transparent-header-meta":"","adv-header-id-meta":"","stick-header-meta":"","header-above-stick-meta":"","header-main-stick-meta":"","header-below-stick-meta":""},"pwb-brand":[61],"product_cat":[52],"product_tag":[],"class_list":{"0":"post-17226","1":"product","2":"type-product","3":"status-publish","5":"pwb-brand-master-sport","6":"product_cat-hehkutulppa","7":"desktop-align-left","8":"tablet-align-left","9":"mobile-align-left","11":"first","12":"instock","13":"product-type-external"},"brands":[{"id":61,"name":"MASTER-SPORT","slug":"master-sport"}],"_links":{"self":[{"href":"https:\/\/www.autonvaraosahaku.fi\/index.php?rest_route=\/wp\/v2\/product\/17226","targetHints":{"allow":["GET"]}}],"collection":[{"href":"https:\/\/www.autonvaraosahaku.fi\/index.php?rest_route=\/wp\/v2\/product"}],"about":[{"href":"https:\/\/www.autonvaraosahaku.fi\/index.php?rest_route=\/wp\/v2\/types\/product"}],"wp:attachment":[{"href":"https:\/\/www.autonvaraosahaku.fi\/index.php?rest_route=%2Fwp%2Fv2%2Fmedia&parent=17226"}],"wp:term":[{"taxonomy":"pwb-brand","embeddable":true,"href":"https:\/\/www.autonvaraosahaku.fi\/index.php?rest_route=%2Fwp%2Fv2%2Fpwb-brand&post=17226"},{"taxonomy":"product_cat","embeddable":true,"href":"https:\/\/www.autonvaraosahaku.fi\/index.php?rest_route=%2Fwp%2Fv2%2Fproduct_cat&post=17226"},{"taxonomy":"product_tag","embeddable":true,"href":"https:\/\/www.autonvaraosahaku.fi\/index.php?rest_route=%2Fwp%2Fv2%2Fproduct_tag&post=17226"}],"curies":[{"name":"wp","href":"https:\/\/api.w.org\/{rel}","templated":true}]}}