{"id":17240,"date":"2021-02-21T14:29:50","date_gmt":"2021-02-21T14:29:50","guid":{"rendered":"https:\/\/www.autonvaraosahaku.fi\/?product=metzger-6490276-jousijalan-tukilaakeri"},"modified":"2021-02-21T14:29:50","modified_gmt":"2021-02-21T14:29:50","slug":"metzger-6490276-jousijalan-tukilaakeri","status":"publish","type":"product","link":"https:\/\/www.autonvaraosahaku.fi\/?product=metzger-6490276-jousijalan-tukilaakeri","title":{"rendered":"METZGER 6490276 Jousijalan tukilaakeri"},"content":{"rendered":"<p>Asennuspuoli: etuakseli molemminpuoleinen; Kiinnitysmalli: Kumimetallilaakeri; Korvaava tuote\/korvaava tiedote 2: Vierint\u00e4laakerilla; Asennussyvyys (mm): 20; Lukum\u00e4\u00e4r\u00e4 akselille: 2; Vaihtoehtoinen korjaussarja: 6490275; Valmistusvuoteen: 06\/1995; VW: GOLF III 1H1,GOLF II 19E, 1G1,GOLF III Variant 1H5,VENTO 1H2,JETTA II 19E, 1G2, 165; SEAT: IBIZA II 6K1,CORDOBA 6K1, 6K2,TOLEDO I 1L; Iskarin Yl\u00e4p\u00e4\u00e4,Iskunvaimentimen Yl\u00e4p\u00e4\u00e4<\/p>\n","protected":false},"excerpt":{"rendered":"<p>METZGER Jousijalan Tukilaakeri 6490276 Iskarin Yl\u00e4p\u00e4\u00e4,Iskunvaimentimen Yl\u00e4p\u00e4\u00e4 VW,SEAT,GOLF III 1H1,GOLF II 19E, 1G1,GOLF III Variant 1H5,VENTO 1H2<\/p>\n","protected":false},"featured_media":0,"template":"","meta":{"site-sidebar-layout":"default","site-content-layout":"default","ast-global-header-display":"","ast-main-header-display":"","ast-hfb-above-header-display":"","ast-hfb-below-header-display":"","ast-hfb-mobile-header-display":"","site-post-title":"","ast-breadcrumbs-content":"","ast-featured-img":"","footer-sml-layout":"","theme-transparent-header-meta":"","adv-header-id-meta":"","stick-header-meta":"","header-above-stick-meta":"","header-main-stick-meta":"","header-below-stick-meta":""},"pwb-brand":[69],"product_cat":[45],"product_tag":[],"class_list":{"0":"post-17240","1":"product","2":"type-product","3":"status-publish","5":"pwb-brand-metzger","6":"product_cat-jousijalan-tukilaakeri","7":"desktop-align-left","8":"tablet-align-left","9":"mobile-align-left","11":"first","12":"instock","13":"product-type-external"},"brands":[{"id":69,"name":"METZGER","slug":"metzger"}],"_links":{"self":[{"href":"https:\/\/www.autonvaraosahaku.fi\/index.php?rest_route=\/wp\/v2\/product\/17240","targetHints":{"allow":["GET"]}}],"collection":[{"href":"https:\/\/www.autonvaraosahaku.fi\/index.php?rest_route=\/wp\/v2\/product"}],"about":[{"href":"https:\/\/www.autonvaraosahaku.fi\/index.php?rest_route=\/wp\/v2\/types\/product"}],"wp:attachment":[{"href":"https:\/\/www.autonvaraosahaku.fi\/index.php?rest_route=%2Fwp%2Fv2%2Fmedia&parent=17240"}],"wp:term":[{"taxonomy":"pwb-brand","embeddable":true,"href":"https:\/\/www.autonvaraosahaku.fi\/index.php?rest_route=%2Fwp%2Fv2%2Fpwb-brand&post=17240"},{"taxonomy":"product_cat","embeddable":true,"href":"https:\/\/www.autonvaraosahaku.fi\/index.php?rest_route=%2Fwp%2Fv2%2Fproduct_cat&post=17240"},{"taxonomy":"product_tag","embeddable":true,"href":"https:\/\/www.autonvaraosahaku.fi\/index.php?rest_route=%2Fwp%2Fv2%2Fproduct_tag&post=17240"}],"curies":[{"name":"wp","href":"https:\/\/api.w.org\/{rel}","templated":true}]}}