{"id":17250,"date":"2021-02-21T14:29:50","date_gmt":"2021-02-21T14:29:50","guid":{"rendered":"https:\/\/www.autonvaraosahaku.fi\/?product=brembo-p-24-175-jarrupalat"},"modified":"2021-02-21T14:29:51","modified_gmt":"2021-02-21T14:29:51","slug":"brembo-p-24-175-jarrupalat","status":"publish","type":"product","link":"https:\/\/www.autonvaraosahaku.fi\/?product=brembo-p-24-175-jarrupalat","title":{"rendered":"BREMBO P 24 175 Jarrupalat"},"content":{"rendered":"<p>WVA-numero: 22531, 22231; Jarruj\u00e4rjestelm\u00e4: Teves; Kulumisenilmaisimen liitos: Ilman kulumisenilmaisinta; Korkeus 2 (mm): 53,2; Korkeus 1 (mm): 47,9; Leveys (mm): 123,25; Paksuus [mm]: 15,9; M\u00e4\u00e4r\u00e4yksikk\u00f6: Akselisarja; Asennuspuoli: Hinterachse; FORD USA: EDGE; FORD: KUGA II DM2,MONDEO V Turnier,S-MAX,MONDEO V Stufenheck,GALAXY,MONDEO V Schr\u00e4gheck,KUGA II Van; 2018449, 2110582, 2211284, 5302023, 5341206, BRF1579, DF9Z2200F, DF9Z2200Z, DG9C2M0007AB, DG9C2M007AB, DG9C2M007CB, DG9C2M007GA, DG9Z2200A, DG9Z2200D, DG9Z2200E, KTJ1GC2M007AA, KTJ1GC2M007AB, MEDG9J2M007HA, 5302023, BRF1497, BRF30, BRF35, DG9C2M007CB, DG9Z2200C, DG9Z2200F; Jarrupalasarja,Jarrupala, Levyjarru<\/p>\n","protected":false},"excerpt":{"rendered":"<p>BREMBO Jarrupalat P 24 175 Jarrupalasarja,Jarrupala, Levyjarru FORD USA,FORD,EDGE,KUGA II DM2,MONDEO V Turnier,S-MAX,MONDEO V Stufenheck,GALAXY<\/p>\n","protected":false},"featured_media":0,"template":"","meta":{"site-sidebar-layout":"default","site-content-layout":"default","ast-global-header-display":"","ast-main-header-display":"","ast-hfb-above-header-display":"","ast-hfb-below-header-display":"","ast-hfb-mobile-header-display":"","site-post-title":"","ast-breadcrumbs-content":"","ast-featured-img":"","footer-sml-layout":"","theme-transparent-header-meta":"","adv-header-id-meta":"","stick-header-meta":"","header-above-stick-meta":"","header-main-stick-meta":"","header-below-stick-meta":""},"pwb-brand":[146],"product_cat":[100],"product_tag":[],"class_list":{"0":"post-17250","1":"product","2":"type-product","3":"status-publish","5":"pwb-brand-brembo","6":"product_cat-jarrupalat","7":"desktop-align-left","8":"tablet-align-left","9":"mobile-align-left","11":"first","12":"instock","13":"product-type-external"},"brands":[{"id":146,"name":"BREMBO","slug":"brembo"}],"_links":{"self":[{"href":"https:\/\/www.autonvaraosahaku.fi\/index.php?rest_route=\/wp\/v2\/product\/17250","targetHints":{"allow":["GET"]}}],"collection":[{"href":"https:\/\/www.autonvaraosahaku.fi\/index.php?rest_route=\/wp\/v2\/product"}],"about":[{"href":"https:\/\/www.autonvaraosahaku.fi\/index.php?rest_route=\/wp\/v2\/types\/product"}],"wp:attachment":[{"href":"https:\/\/www.autonvaraosahaku.fi\/index.php?rest_route=%2Fwp%2Fv2%2Fmedia&parent=17250"}],"wp:term":[{"taxonomy":"pwb-brand","embeddable":true,"href":"https:\/\/www.autonvaraosahaku.fi\/index.php?rest_route=%2Fwp%2Fv2%2Fpwb-brand&post=17250"},{"taxonomy":"product_cat","embeddable":true,"href":"https:\/\/www.autonvaraosahaku.fi\/index.php?rest_route=%2Fwp%2Fv2%2Fproduct_cat&post=17250"},{"taxonomy":"product_tag","embeddable":true,"href":"https:\/\/www.autonvaraosahaku.fi\/index.php?rest_route=%2Fwp%2Fv2%2Fproduct_tag&post=17250"}],"curies":[{"name":"wp","href":"https:\/\/api.w.org\/{rel}","templated":true}]}}