{"id":17254,"date":"2021-02-21T14:29:50","date_gmt":"2021-02-21T14:29:50","guid":{"rendered":"https:\/\/www.autonvaraosahaku.fi\/?product=aisin-atf-91005-automaattivaihteistooljy"},"modified":"2021-02-21T14:29:52","modified_gmt":"2021-02-21T14:29:52","slug":"aisin-atf-91005-automaattivaihteistooljy","status":"publish","type":"product","link":"https:\/\/www.autonvaraosahaku.fi\/?product=aisin-atf-91005-automaattivaihteistooljy","title":{"rendered":"AISIN ATF-91005 Automaattivaihteisto\u00f6ljy"},"content":{"rendered":"<p>Tilavuus (litra): 5; ylitt\u00e4\u00e4 vaatimukset: Aisin Warner JWS3324, Ford Mercon LV\/SP, GM Dextron VI, Honda ATF DW1, Hyundai\/Kia SPIV, Mazda FZ, Mercedes MB 236.41, Nissan Matic K\/S, Toyota\/Lexus ATF WS; Tuotelinja: ATF 6+ Fuel Economy; Vaihteistonumero: RE1F61A; MAZDA: CX-5 KE, GH,3 BM,6 Kombi GJ, GH,6 Stufenheck GJ, GH,3 Stufenheck BM,2 DL, DJ,CX-3 DK; NISSAN: QASHQAI \/ QASHQAI +2 J10, JJ10,NAVARA D40,PATHFINDER R51,X-TRAIL T31,MICRA IV K13,NAVARA Pritsche\/Fahrgestell D40,MURANO Z51,370 Z Z34,LEAF,370 Z Roadster Z34; JEEP: COMPASS MK49; LADA: GRANTA 2190,KALINA Kombi 2194,KALINA Schr\u00e4gheck 2192; CHEVROLET: CAPTIVA C100, C140,ORLANDO J309,CRUZE J300,CRUZE Station Wagon J308,AVEO Schr\u00e4gheck T300,EPICA KL1_,CRUZE Schr\u00e4gheck J305,CAMARO GMX511,TRAX,CORVETTE C6,AVEO Stufenheck T300,MALIBU V300,CORVETTE Convertible C6,VOLT,CORVETTE C7,CORVETTE Convertible C7; KIA: SPORTAGE SL,SORENTO II XM,CEE&#8217;D JD,CARNIVAL \/ GRAND CARNIVAL III VQ,CEE`D Sportswagon JD,CARENS IV,SOUL AM,PRO CEE\u00b4D JD,OPTIMA,SPORTAGE QL,SORENTO III,SOUL II PS; HONDA: CR-V IV RE,ACCORD VIII CU,CIVIC IX FK,ACCORD VIII Kombi,CIVIC IX Stufenheck FB, FG,CIVIC IX Tourer FK; LEXUS: IS II GSE2_, ALE2_, USE2_,RX MHU3_, GSU3_, MCU3_,GS GRS19_, UZS19_, GWS19_,RX GYL1_, GGL15, AGL10,CT ZWA1_,IS III GSE3_, AVE3_,LS UVF4_, USF4_,GS GRL1_, GWL1_,SC UZZ40_,LS UCF30,IS C GSE2_,NX ZGZ1_, AGZ1_, AYZ1_,RX _L2_,RC GSC1_, USC1_; FORD USA: MUSTANG Coupe,MUSTANG Convertible; SUBARU: BRZ<\/p>\n","protected":false},"excerpt":{"rendered":"<p>AISIN Automaattivaihteisto\u00f6ljy ATF-91005  MAZDA,NISSAN,JEEP,CX-5 KE, GH,3 BM,6 Kombi GJ, GH,6 Stufenheck GJ, GH,3 Stufenheck BM,2 DL, DJ,CX-3 DK<\/p>\n","protected":false},"featured_media":0,"template":"","meta":{"site-sidebar-layout":"default","site-content-layout":"default","ast-global-header-display":"","ast-main-header-display":"","ast-hfb-above-header-display":"","ast-hfb-below-header-display":"","ast-hfb-mobile-header-display":"","site-post-title":"","ast-breadcrumbs-content":"","ast-featured-img":"","footer-sml-layout":"","theme-transparent-header-meta":"","adv-header-id-meta":"","stick-header-meta":"","header-above-stick-meta":"","header-main-stick-meta":"","header-below-stick-meta":""},"pwb-brand":[399],"product_cat":[143],"product_tag":[],"class_list":{"0":"post-17254","1":"product","2":"type-product","3":"status-publish","5":"pwb-brand-aisin","6":"product_cat-automaattivaihteistooljy","7":"desktop-align-left","8":"tablet-align-left","9":"mobile-align-left","11":"first","12":"instock","13":"product-type-external"},"brands":[{"id":399,"name":"AISIN","slug":"aisin"}],"_links":{"self":[{"href":"https:\/\/www.autonvaraosahaku.fi\/index.php?rest_route=\/wp\/v2\/product\/17254","targetHints":{"allow":["GET"]}}],"collection":[{"href":"https:\/\/www.autonvaraosahaku.fi\/index.php?rest_route=\/wp\/v2\/product"}],"about":[{"href":"https:\/\/www.autonvaraosahaku.fi\/index.php?rest_route=\/wp\/v2\/types\/product"}],"wp:attachment":[{"href":"https:\/\/www.autonvaraosahaku.fi\/index.php?rest_route=%2Fwp%2Fv2%2Fmedia&parent=17254"}],"wp:term":[{"taxonomy":"pwb-brand","embeddable":true,"href":"https:\/\/www.autonvaraosahaku.fi\/index.php?rest_route=%2Fwp%2Fv2%2Fpwb-brand&post=17254"},{"taxonomy":"product_cat","embeddable":true,"href":"https:\/\/www.autonvaraosahaku.fi\/index.php?rest_route=%2Fwp%2Fv2%2Fproduct_cat&post=17254"},{"taxonomy":"product_tag","embeddable":true,"href":"https:\/\/www.autonvaraosahaku.fi\/index.php?rest_route=%2Fwp%2Fv2%2Fproduct_tag&post=17254"}],"curies":[{"name":"wp","href":"https:\/\/api.w.org\/{rel}","templated":true}]}}