{"id":17261,"date":"2021-02-21T14:29:53","date_gmt":"2021-02-21T14:29:53","guid":{"rendered":"https:\/\/www.autonvaraosahaku.fi\/?product=ridex-3922l0007-lambda-anturi"},"modified":"2021-02-21T14:29:54","modified_gmt":"2021-02-21T14:29:54","slug":"ridex-3922l0007-lambda-anturi","status":"publish","type":"product","link":"https:\/\/www.autonvaraosahaku.fi\/?product=ridex-3922l0007-lambda-anturi","title":{"rendered":"RIDEX 3922L0007 Lambda anturi"},"content":{"rendered":"<p>Johtimien m\u00e4\u00e4r\u00e4: 4; Kokonaispituus (mm): 325; Moottorinumero: 312 A3.000; ABARTH: 500 \/ 595 312_,500C \/ 595C 312_,PUNTO EVO 199_; IVECO: DAILY V Kasten\/Kombi,DAILY V Pritsche\/Fahrgestell,DAILY VI Kasten\/Kombi,DAILY VI Pritsche\/Fahrgestell,DAILY VI Bus,DAILY CITYS,EUROCARGO I-III,EuroCargo V,STRALIS,URBANWAY; LANCIA: YPSILON 843,DELTA III 844,Y 840A,MUSA 350,THESIS 841AX,LYBRA SW 839BX,LYBRA 839AX; FIAT: GRANDE PUNTO 199,PUNTO 188,PANDA 169,500 312,STILO 192,BRAVO II 198,PUNTO EVO 199,DOBLO Cargo 223,500 C 312,STILO Multi Wagon 192,DOBLO 119,DOBLO Kasten\/Kombi 263,PANDA Van 169,PUNTO 199,IDEA,STRADA Pick-up 178E,QUBO 225,DOBLO Gro\u00dfraumlimousine 152, 263,PUNTO Van 188AX,BRAVO I 182,BRAVA 182,MAREA Weekend 185,FIORINO Kasten\/Kombi 225,PALIO Weekend 178DX,LINEA 323,PUNTO Van 199,DOBLO Pritsche\/Fahrgestell 263,MAREA 185,PALIO 178BX,SIENA 178_,PUNTO EVO Van 199_; ALFA ROMEO: 147 937,GIULIETTA 940,MITO 955,GT 937,SPIDER 916S_,166 936,GTV 916C_; 46751082, 0046751082, 00467510820, 46750245, 46751052, 46751082, 467510820, 504083015, K0046751082, 05040830150, 5001834021, 504083015, 46751082, 467510820; Lambdatunnistin,Happianturi<\/p>\n","protected":false},"excerpt":{"rendered":"<p>RIDEX Lambda Anturi 3922L0007 Lambdatunnistin,Happianturi ABARTH,IVECO,LANCIA,500 \/ 595 312_,500C \/ 595C 312_,PUNTO EVO 199_,DAILY V Kasten\/Kombi<\/p>\n","protected":false},"featured_media":0,"template":"","meta":{"site-sidebar-layout":"default","site-content-layout":"default","ast-global-header-display":"","ast-main-header-display":"","ast-hfb-above-header-display":"","ast-hfb-below-header-display":"","ast-hfb-mobile-header-display":"","site-post-title":"","ast-breadcrumbs-content":"","ast-featured-img":"","footer-sml-layout":"","theme-transparent-header-meta":"","adv-header-id-meta":"","stick-header-meta":"","header-above-stick-meta":"","header-main-stick-meta":"","header-below-stick-meta":""},"pwb-brand":[157],"product_cat":[264],"product_tag":[],"class_list":{"0":"post-17261","1":"product","2":"type-product","3":"status-publish","5":"pwb-brand-ridex","6":"product_cat-lambda-anturi","7":"desktop-align-left","8":"tablet-align-left","9":"mobile-align-left","11":"first","12":"instock","13":"product-type-external"},"brands":[{"id":157,"name":"RIDEX","slug":"ridex"}],"_links":{"self":[{"href":"https:\/\/www.autonvaraosahaku.fi\/index.php?rest_route=\/wp\/v2\/product\/17261","targetHints":{"allow":["GET"]}}],"collection":[{"href":"https:\/\/www.autonvaraosahaku.fi\/index.php?rest_route=\/wp\/v2\/product"}],"about":[{"href":"https:\/\/www.autonvaraosahaku.fi\/index.php?rest_route=\/wp\/v2\/types\/product"}],"wp:attachment":[{"href":"https:\/\/www.autonvaraosahaku.fi\/index.php?rest_route=%2Fwp%2Fv2%2Fmedia&parent=17261"}],"wp:term":[{"taxonomy":"pwb-brand","embeddable":true,"href":"https:\/\/www.autonvaraosahaku.fi\/index.php?rest_route=%2Fwp%2Fv2%2Fpwb-brand&post=17261"},{"taxonomy":"product_cat","embeddable":true,"href":"https:\/\/www.autonvaraosahaku.fi\/index.php?rest_route=%2Fwp%2Fv2%2Fproduct_cat&post=17261"},{"taxonomy":"product_tag","embeddable":true,"href":"https:\/\/www.autonvaraosahaku.fi\/index.php?rest_route=%2Fwp%2Fv2%2Fproduct_tag&post=17261"}],"curies":[{"name":"wp","href":"https:\/\/api.w.org\/{rel}","templated":true}]}}