{"id":17266,"date":"2021-02-21T14:29:53","date_gmt":"2021-02-21T14:29:53","guid":{"rendered":"https:\/\/www.autonvaraosahaku.fi\/?product=brembo-p-79-032-jarrupalat"},"modified":"2021-02-21T14:29:54","modified_gmt":"2021-02-21T14:29:54","slug":"brembo-p-79-032-jarrupalat","status":"publish","type":"product","link":"https:\/\/www.autonvaraosahaku.fi\/?product=brembo-p-79-032-jarrupalat","title":{"rendered":"BREMBO P 79 032 Jarrupalat"},"content":{"rendered":"<p>WVA-numero: 25979; Jarruj\u00e4rjestelm\u00e4: Sumitomo; Kulumisenilmaisimen liitos: akustisella kulumavaroittimella; Kulumisvaroittimia [pro Achse]: 2; Korkeus (mm): 55,1; Leveys (mm): 142; Paksuus [mm]: 15,7; M\u00e4\u00e4r\u00e4yksikk\u00f6: Akselisarja; Asennuspuoli: Vorderachse; SUZUKI: SX4 S-Cross,VITARA LY; 5581061M00, 5581061M01, 5581061M01000, 5581061M02, 5581061M02000, 5581061M50, 5581061M50000, 5581061M52, 5581061M52000; Jarrupalasarja,Jarrupala, Levyjarru<\/p>\n","protected":false},"excerpt":{"rendered":"<p>BREMBO Jarrupalat P 79 032 Jarrupalasarja,Jarrupala, Levyjarru SUZUKI,SX4 S-Cross,VITARA LY<\/p>\n","protected":false},"featured_media":0,"template":"","meta":{"site-sidebar-layout":"default","site-content-layout":"default","ast-global-header-display":"","ast-main-header-display":"","ast-hfb-above-header-display":"","ast-hfb-below-header-display":"","ast-hfb-mobile-header-display":"","site-post-title":"","ast-breadcrumbs-content":"","ast-featured-img":"","footer-sml-layout":"","theme-transparent-header-meta":"","adv-header-id-meta":"","stick-header-meta":"","header-above-stick-meta":"","header-main-stick-meta":"","header-below-stick-meta":""},"pwb-brand":[146],"product_cat":[100],"product_tag":[],"class_list":{"0":"post-17266","1":"product","2":"type-product","3":"status-publish","5":"pwb-brand-brembo","6":"product_cat-jarrupalat","7":"desktop-align-left","8":"tablet-align-left","9":"mobile-align-left","11":"first","12":"instock","13":"product-type-external"},"brands":[{"id":146,"name":"BREMBO","slug":"brembo"}],"_links":{"self":[{"href":"https:\/\/www.autonvaraosahaku.fi\/index.php?rest_route=\/wp\/v2\/product\/17266","targetHints":{"allow":["GET"]}}],"collection":[{"href":"https:\/\/www.autonvaraosahaku.fi\/index.php?rest_route=\/wp\/v2\/product"}],"about":[{"href":"https:\/\/www.autonvaraosahaku.fi\/index.php?rest_route=\/wp\/v2\/types\/product"}],"wp:attachment":[{"href":"https:\/\/www.autonvaraosahaku.fi\/index.php?rest_route=%2Fwp%2Fv2%2Fmedia&parent=17266"}],"wp:term":[{"taxonomy":"pwb-brand","embeddable":true,"href":"https:\/\/www.autonvaraosahaku.fi\/index.php?rest_route=%2Fwp%2Fv2%2Fpwb-brand&post=17266"},{"taxonomy":"product_cat","embeddable":true,"href":"https:\/\/www.autonvaraosahaku.fi\/index.php?rest_route=%2Fwp%2Fv2%2Fproduct_cat&post=17266"},{"taxonomy":"product_tag","embeddable":true,"href":"https:\/\/www.autonvaraosahaku.fi\/index.php?rest_route=%2Fwp%2Fv2%2Fproduct_tag&post=17266"}],"curies":[{"name":"wp","href":"https:\/\/api.w.org\/{rel}","templated":true}]}}