{"id":17281,"date":"2021-02-21T14:29:57","date_gmt":"2021-02-21T14:29:57","guid":{"rendered":"https:\/\/www.autonvaraosahaku.fi\/?product=denso-dcf583p-raitisilmasuodatin"},"modified":"2021-02-21T14:29:57","modified_gmt":"2021-02-21T14:29:57","slug":"denso-dcf583p-raitisilmasuodatin","status":"publish","type":"product","link":"https:\/\/www.autonvaraosahaku.fi\/?product=denso-dcf583p-raitisilmasuodatin","title":{"rendered":"DENSO DCF583P Raitisilmasuodatin"},"content":{"rendered":"<p>Pituus (mm): 255; Leveys (mm): 182; Korkeus (mm): 35; Paino [g]: 80; Suodatintyyppi: Hiukkassuodatin; Varusteet: f\u00fcr Fahrzeuge mit Klimaanlage; VW: UP,LOAD UP; SKODA: CITIGO; SEAT: Mii KF1_; Sis\u00e4ilmansuodatin,Suodatin, Sis\u00e4ilma<\/p>\n","protected":false},"excerpt":{"rendered":"<p>DENSO Raitisilmasuodatin DCF583P Sis\u00e4ilmansuodatin,Suodatin, Sis\u00e4ilma VW,SKODA,SEAT,UP,LOAD UP,CITIGO,Mii KF1_<\/p>\n","protected":false},"featured_media":0,"template":"","meta":{"site-sidebar-layout":"default","site-content-layout":"default","ast-global-header-display":"","ast-main-header-display":"","ast-hfb-above-header-display":"","ast-hfb-below-header-display":"","ast-hfb-mobile-header-display":"","site-post-title":"","ast-breadcrumbs-content":"","ast-featured-img":"","footer-sml-layout":"","theme-transparent-header-meta":"","adv-header-id-meta":"","stick-header-meta":"","header-above-stick-meta":"","header-main-stick-meta":"","header-below-stick-meta":""},"pwb-brand":[278],"product_cat":[19],"product_tag":[],"class_list":{"0":"post-17281","1":"product","2":"type-product","3":"status-publish","5":"pwb-brand-denso","6":"product_cat-raitisilmasuodatin","7":"desktop-align-left","8":"tablet-align-left","9":"mobile-align-left","11":"first","12":"instock","13":"product-type-external"},"brands":[{"id":278,"name":"DENSO","slug":"denso"}],"_links":{"self":[{"href":"https:\/\/www.autonvaraosahaku.fi\/index.php?rest_route=\/wp\/v2\/product\/17281","targetHints":{"allow":["GET"]}}],"collection":[{"href":"https:\/\/www.autonvaraosahaku.fi\/index.php?rest_route=\/wp\/v2\/product"}],"about":[{"href":"https:\/\/www.autonvaraosahaku.fi\/index.php?rest_route=\/wp\/v2\/types\/product"}],"wp:attachment":[{"href":"https:\/\/www.autonvaraosahaku.fi\/index.php?rest_route=%2Fwp%2Fv2%2Fmedia&parent=17281"}],"wp:term":[{"taxonomy":"pwb-brand","embeddable":true,"href":"https:\/\/www.autonvaraosahaku.fi\/index.php?rest_route=%2Fwp%2Fv2%2Fpwb-brand&post=17281"},{"taxonomy":"product_cat","embeddable":true,"href":"https:\/\/www.autonvaraosahaku.fi\/index.php?rest_route=%2Fwp%2Fv2%2Fproduct_cat&post=17281"},{"taxonomy":"product_tag","embeddable":true,"href":"https:\/\/www.autonvaraosahaku.fi\/index.php?rest_route=%2Fwp%2Fv2%2Fproduct_tag&post=17281"}],"curies":[{"name":"wp","href":"https:\/\/api.w.org\/{rel}","templated":true}]}}