{"id":17285,"date":"2021-02-21T14:29:57","date_gmt":"2021-02-21T14:29:57","guid":{"rendered":"https:\/\/www.autonvaraosahaku.fi\/?product=ferodo-fdb1394w-jarrupalat"},"modified":"2021-02-21T14:29:58","modified_gmt":"2021-02-21T14:29:58","slug":"ferodo-fdb1394w-jarrupalat","status":"publish","type":"product","link":"https:\/\/www.autonvaraosahaku.fi\/?product=ferodo-fdb1394w-jarrupalat","title":{"rendered":"FERODO FDB1394W Jarrupalat"},"content":{"rendered":"<p>Paksuus [mm]: 18,5; Tarkistuskilpi: R90 Homologated; Pituus (mm): 152; Leveys (mm): 62; Paino [kg]: 1,3; Korkeus 1 (mm): 62; Kulumisenilmaisimen liitos: Ei kulumisenilmaisimelle; Jarruj\u00e4rjestelm\u00e4: ATE; Korvaava tuote\/korvaava tiedote 2: M\u00e4nn\u00e4n lukoilla; WVA-numero: 23202, 23203; Pakkauspituus [cm]: 20,5; Pakkausleveys [cm]: 12,2; Pakkauskorkeus [mm]: 7,9; M\u00e4\u00e4r\u00e4yksikk\u00f6: Akselisarja; lis\u00e4tieto: PREMIER; Valmistusvuosi alkaen: 02\/2000; MAZDA: 2 DY,121 III JASM, JBSM; FORD: FIESTA V JH_, JD_,FIESTA IV JA_, JB_,FUSION JU_,KA RB_,STREET KA RL2,PUMA EC_,FIESTA V Van,FIESTA Kasten J5_, J3_,FIESTA Kasten JV_,KA Van RB; 1101462, 1101463, 1101464, 1128463, 1145299, 1206064, 1236880, 1359884, 1521328, 1783839, 1911169, 4M5J2K021AA, 5S6Y2K021AA, MEYS6J2K021DD, MEYS6J2K021DE, MEYS6J2K021DF, YS612K021DA, YS6J2K021DB, YS6J2K021DC, 1E073323Z, 1E073323ZA, 1E073323ZB, 1E103323Z, DDY23328Z, DDY23328ZA9C, 44060AL588, D4060045VA, D40609N00C, D4060JA00JRV; Jarrupalasarja,Jarrupala, Levyjarru<\/p>\n","protected":false},"excerpt":{"rendered":"<p>FERODO Jarrupalat FDB1394W Jarrupalasarja,Jarrupala, Levyjarru MAZDA,FORD,2 DY,121 III JASM, JBSM,FIESTA V JH_, JD_,FIESTA IV JA_, JB_,FUSION JU_<\/p>\n","protected":false},"featured_media":0,"template":"","meta":{"site-sidebar-layout":"default","site-content-layout":"default","ast-global-header-display":"","ast-main-header-display":"","ast-hfb-above-header-display":"","ast-hfb-below-header-display":"","ast-hfb-mobile-header-display":"","site-post-title":"","ast-breadcrumbs-content":"","ast-featured-img":"","footer-sml-layout":"","theme-transparent-header-meta":"","adv-header-id-meta":"","stick-header-meta":"","header-above-stick-meta":"","header-main-stick-meta":"","header-below-stick-meta":""},"pwb-brand":[298],"product_cat":[100],"product_tag":[],"class_list":{"0":"post-17285","1":"product","2":"type-product","3":"status-publish","5":"pwb-brand-ferodo","6":"product_cat-jarrupalat","7":"desktop-align-left","8":"tablet-align-left","9":"mobile-align-left","11":"first","12":"instock","13":"product-type-external"},"brands":[{"id":298,"name":"FERODO","slug":"ferodo"}],"_links":{"self":[{"href":"https:\/\/www.autonvaraosahaku.fi\/index.php?rest_route=\/wp\/v2\/product\/17285","targetHints":{"allow":["GET"]}}],"collection":[{"href":"https:\/\/www.autonvaraosahaku.fi\/index.php?rest_route=\/wp\/v2\/product"}],"about":[{"href":"https:\/\/www.autonvaraosahaku.fi\/index.php?rest_route=\/wp\/v2\/types\/product"}],"wp:attachment":[{"href":"https:\/\/www.autonvaraosahaku.fi\/index.php?rest_route=%2Fwp%2Fv2%2Fmedia&parent=17285"}],"wp:term":[{"taxonomy":"pwb-brand","embeddable":true,"href":"https:\/\/www.autonvaraosahaku.fi\/index.php?rest_route=%2Fwp%2Fv2%2Fpwb-brand&post=17285"},{"taxonomy":"product_cat","embeddable":true,"href":"https:\/\/www.autonvaraosahaku.fi\/index.php?rest_route=%2Fwp%2Fv2%2Fproduct_cat&post=17285"},{"taxonomy":"product_tag","embeddable":true,"href":"https:\/\/www.autonvaraosahaku.fi\/index.php?rest_route=%2Fwp%2Fv2%2Fproduct_tag&post=17285"}],"curies":[{"name":"wp","href":"https:\/\/api.w.org\/{rel}","templated":true}]}}