{"id":17324,"date":"2021-02-21T14:30:04","date_gmt":"2021-02-21T14:30:04","guid":{"rendered":"https:\/\/www.autonvaraosahaku.fi\/?product=brembo-p-85-109x-jarrupalat"},"modified":"2021-02-21T14:30:05","modified_gmt":"2021-02-21T14:30:05","slug":"brembo-p-85-109x-jarrupalat","status":"publish","type":"product","link":"https:\/\/www.autonvaraosahaku.fi\/?product=brembo-p-85-109x-jarrupalat","title":{"rendered":"BREMBO P 85 109X Jarrupalat"},"content":{"rendered":"<p>WVA-numero: 24483; Korvaava tuote\/korvaava tiedote 2: Jarrusatulan ruuveilla; Jarruj\u00e4rjestelm\u00e4: Lucas; Lis\u00e4tarvike\/lis\u00e4tieto: Tarvikkeilla; Kulumisenilmaisimen liitos: Ilman kulumisenilmaisinta; Korkeus (mm): 56,3; Leveys (mm): 105,5; Paksuus [mm]: 17,2; M\u00e4\u00e4r\u00e4yksikk\u00f6: Akselisarja; Asennuspuoli: Hinterachse; VW: GOLF V 1K1,PASSAT Variant 3C5,PASSAT 3C2,TIGUAN 5N_,PASSAT Variant 365,PASSAT CC 357,SHARAN 7N1, 7N2,PASSAT 362,CC 358,PASSAT ALLTRACK 365,PASSAT A32; AUDI: Q3 8U; SEAT: ALHAMBRA 710, 711; 1K0698451L, 3AA698451, 3C0698451E, 3C0698451F, 5N0698451, JZW698451E, JZW698451G, 1K0698451L, 3AA698451, 3C0698451E, 3C0698451F, 5N0698451, JZW698451E, JZW698451G, 1K0698451L, 3AA698451, 3C0698451E, 3C0698451F, 5N0698451, JZW698451E, JZW698451G, 1K0698451L, 3AA698451, 3AA698451A, 3C0698451E, 3C0698451F, 5N0698451, JZW698451E, JZW698451G; Jarrupalasarja,Jarrupala, Levyjarru<\/p>\n","protected":false},"excerpt":{"rendered":"<p>BREMBO Jarrupalat XTRA LINE P 85 109X Jarrupalasarja,Jarrupala, Levyjarru VW,AUDI,SEAT,GOLF V 1K1,PASSAT Variant 3C5,PASSAT 3C2,TIGUAN 5N_<\/p>\n","protected":false},"featured_media":0,"template":"","meta":{"site-sidebar-layout":"default","site-content-layout":"default","ast-global-header-display":"","ast-main-header-display":"","ast-hfb-above-header-display":"","ast-hfb-below-header-display":"","ast-hfb-mobile-header-display":"","site-post-title":"","ast-breadcrumbs-content":"","ast-featured-img":"","footer-sml-layout":"","theme-transparent-header-meta":"","adv-header-id-meta":"","stick-header-meta":"","header-above-stick-meta":"","header-main-stick-meta":"","header-below-stick-meta":""},"pwb-brand":[146],"product_cat":[100],"product_tag":[],"class_list":{"0":"post-17324","1":"product","2":"type-product","3":"status-publish","5":"pwb-brand-brembo","6":"product_cat-jarrupalat","7":"desktop-align-left","8":"tablet-align-left","9":"mobile-align-left","11":"first","12":"instock","13":"product-type-external"},"brands":[{"id":146,"name":"BREMBO","slug":"brembo"}],"_links":{"self":[{"href":"https:\/\/www.autonvaraosahaku.fi\/index.php?rest_route=\/wp\/v2\/product\/17324","targetHints":{"allow":["GET"]}}],"collection":[{"href":"https:\/\/www.autonvaraosahaku.fi\/index.php?rest_route=\/wp\/v2\/product"}],"about":[{"href":"https:\/\/www.autonvaraosahaku.fi\/index.php?rest_route=\/wp\/v2\/types\/product"}],"wp:attachment":[{"href":"https:\/\/www.autonvaraosahaku.fi\/index.php?rest_route=%2Fwp%2Fv2%2Fmedia&parent=17324"}],"wp:term":[{"taxonomy":"pwb-brand","embeddable":true,"href":"https:\/\/www.autonvaraosahaku.fi\/index.php?rest_route=%2Fwp%2Fv2%2Fpwb-brand&post=17324"},{"taxonomy":"product_cat","embeddable":true,"href":"https:\/\/www.autonvaraosahaku.fi\/index.php?rest_route=%2Fwp%2Fv2%2Fproduct_cat&post=17324"},{"taxonomy":"product_tag","embeddable":true,"href":"https:\/\/www.autonvaraosahaku.fi\/index.php?rest_route=%2Fwp%2Fv2%2Fproduct_tag&post=17324"}],"curies":[{"name":"wp","href":"https:\/\/api.w.org\/{rel}","templated":true}]}}