{"id":17341,"date":"2021-02-21T14:30:08","date_gmt":"2021-02-21T14:30:08","guid":{"rendered":"https:\/\/www.autonvaraosahaku.fi\/?product=maxgear-66-0012-hehkutulppa"},"modified":"2021-02-21T14:30:09","modified_gmt":"2021-02-21T14:30:09","slug":"maxgear-66-0012-hehkutulppa","status":"publish","type":"product","link":"https:\/\/www.autonvaraosahaku.fi\/?product=maxgear-66-0012-hehkutulppa","title":{"rendered":"MAXGEAR 66-0012 Hehkutulppa"},"content":{"rendered":"<p>Hehkutulppatyyppi: j\u00e4lkihehkutuksenkest\u00e4v\u00e4, Hehkutulppa, puikko; Avainv\u00e4li: 12; Kierremitta: M10 x 1,25; L\u00e4pimitta [mm]: 5; Liittimet: M4; J\u00e4nnite (V): 11; Nimellisvirta [A]: 15; Asennussyvyys (mm): 18; Kokonaispituus (mm): 84; Kartionousu: 123; Moottorinumero: 4D56; MITSUBISHI: L 200 K7_T, K6_T,L 300 Bus P0_W, P1_W, P2_W,PAJERO SPORT K90,L 300 Pritsche\/Fahrgestell L03_P,L 300 Kasten P0_W, P1_W,L 200 K3_T, K2_T, K1_T, K0_T; MD301950, MD344469, MR577131, MD197511<\/p>\n","protected":false},"excerpt":{"rendered":"<p>MAXGEAR Hehkutulppa 66-0012  MITSUBISHI,L 200 K7_T, K6_T,L 300 Bus P0_W, P1_W, P2_W,PAJERO SPORT K90,L 300 Pritsche\/Fahrgestell L03_P<\/p>\n","protected":false},"featured_media":0,"template":"","meta":{"site-sidebar-layout":"default","site-content-layout":"default","ast-global-header-display":"","ast-main-header-display":"","ast-hfb-above-header-display":"","ast-hfb-below-header-display":"","ast-hfb-mobile-header-display":"","site-post-title":"","ast-breadcrumbs-content":"","ast-featured-img":"","footer-sml-layout":"","theme-transparent-header-meta":"","adv-header-id-meta":"","stick-header-meta":"","header-above-stick-meta":"","header-main-stick-meta":"","header-below-stick-meta":""},"pwb-brand":[48],"product_cat":[52],"product_tag":[],"class_list":{"0":"post-17341","1":"product","2":"type-product","3":"status-publish","5":"pwb-brand-maxgear","6":"product_cat-hehkutulppa","7":"desktop-align-left","8":"tablet-align-left","9":"mobile-align-left","11":"first","12":"instock","13":"product-type-external"},"brands":[{"id":48,"name":"MAXGEAR","slug":"maxgear"}],"_links":{"self":[{"href":"https:\/\/www.autonvaraosahaku.fi\/index.php?rest_route=\/wp\/v2\/product\/17341","targetHints":{"allow":["GET"]}}],"collection":[{"href":"https:\/\/www.autonvaraosahaku.fi\/index.php?rest_route=\/wp\/v2\/product"}],"about":[{"href":"https:\/\/www.autonvaraosahaku.fi\/index.php?rest_route=\/wp\/v2\/types\/product"}],"wp:attachment":[{"href":"https:\/\/www.autonvaraosahaku.fi\/index.php?rest_route=%2Fwp%2Fv2%2Fmedia&parent=17341"}],"wp:term":[{"taxonomy":"pwb-brand","embeddable":true,"href":"https:\/\/www.autonvaraosahaku.fi\/index.php?rest_route=%2Fwp%2Fv2%2Fpwb-brand&post=17341"},{"taxonomy":"product_cat","embeddable":true,"href":"https:\/\/www.autonvaraosahaku.fi\/index.php?rest_route=%2Fwp%2Fv2%2Fproduct_cat&post=17341"},{"taxonomy":"product_tag","embeddable":true,"href":"https:\/\/www.autonvaraosahaku.fi\/index.php?rest_route=%2Fwp%2Fv2%2Fproduct_tag&post=17341"}],"curies":[{"name":"wp","href":"https:\/\/api.w.org\/{rel}","templated":true}]}}