{"id":17343,"date":"2021-02-21T14:30:08","date_gmt":"2021-02-21T14:30:08","guid":{"rendered":"https:\/\/www.autonvaraosahaku.fi\/?product=heyner-031000-pyyhkijansulat"},"modified":"2021-02-21T14:30:09","modified_gmt":"2021-02-21T14:30:09","slug":"heyner-031000-pyyhkijansulat","status":"publish","type":"product","link":"https:\/\/www.autonvaraosahaku.fi\/?product=heyner-031000-pyyhkijansulat","title":{"rendered":"HEYNER 031000 Pyyhkij\u00e4nsulat"},"content":{"rendered":"<p>Pituus (mm): 530; Pituus (tuumaa): 21; M\u00e4\u00e4r\u00e4: 1; M\u00e4\u00e4r\u00e4yksikk\u00f6: Kappale; Lis\u00e4adapteri: B1; Pyyhkij\u00e4nsulkatyyppi: Hybridipyyhinsulka; Asennuspuoli: fahrerseitig; VW: GOLF IV 1J1,POLO 9N_,TRANSPORTER IV Bus 70XB, 70XC, 7DB, 7DW,POLO 6R, 6C,TIGUAN 5N_,TRANSPORTER V Bus 7HB, 7HJ, 7EB, 7EJ, 7EF,FOX 5Z1, 5Z3,MULTIVAN V 7HM, 7HN, 7HF, 7EF, 7EM, 7EN,TRANSPORTER IV Kasten 70XA,TRANSPORTER V Kasten 7HA, 7HH, 7EA, 7EH,BORA Kombi 1J6,NEW BEETLE Cabriolet 1Y7,LT 28-35 II Bus 2DB, 2DE, 2DK,POLO Stufenheck 9A4,BEETLE Cabriolet 5C7,TIGUAN AD1; AUDI: A4 Avant 8E5, B6,A6 Avant 4B5, C5,A4 8E2, B6,A6 4B2, C5,A4 Cabriolet 8H7, B6, 8HE, B7,A8 4H_; MAZDA: 6 Hatchback GG,626 V Hatchback GF,3 Stufenheck BK,626 V Station Wagon GW; NISSAN: MICRA IV K13,PRIMERA Hatchback P11,PRIMASTAR Kasten X83; JEEP: GRAND CHEROKEE III WH, WK,GRAND CHEROKEE IV WK, WK2,CHEROKEE KL; SKODA: FABIA 6Y2,OCTAVIA 1U2,FABIA Stufenheck 6Y3,KODIAQ NS7; SUZUKI: SWIFT IV FZ, NZ,ALTO HA25, HA35; SEAT: IBIZA IV 6L1; CHEVROLET: LACETTI J200,CORVETTE Convertible C6,LACETTI Kombi J200,LACETTI Stufenheck; MERCEDES-BENZ: C-CLASS Coupe CL203,M-CLASS W166,CLK Cabriolet A209,SPRINTER 3-t Kasten 903,SPRINTER 2-t Bus 901, 902,SPRINTER 2-t Kasten 901, 902,SPRINTER 3-t Bus 903,SPRINTER 3-t Pritsche\/Fahrgestell 903,CITAN Kasten 415,SPRINTER 4-t Pritsche\/Fahrgestell 904,SPRINTER 2-t Pritsche\/Fahrgestell 901, 902,SPRINTER 4-t Kasten 904,CITAN Kombi 415,C-CLASS W205,E-CLASS Coupe C238,E-CLASS Cabriolet A238; Tuulilasinpyyhkimet,Pyyhkij\u00e4t,Pyyhkij\u00e4nsulka<\/p>\n","protected":false},"excerpt":{"rendered":"<p>HEYNER Pyyhkij\u00e4nsulat HYBRID 031000 Tuulilasinpyyhkimet,Pyyhkij\u00e4t VW,AUDI,MAZDA,GOLF IV 1J1,POLO 9N_,TRANSPORTER IV Bus 70XB, 70XC, 7DB, 7DW<\/p>\n","protected":false},"featured_media":0,"template":"","meta":{"site-sidebar-layout":"default","site-content-layout":"default","ast-global-header-display":"","ast-main-header-display":"","ast-hfb-above-header-display":"","ast-hfb-below-header-display":"","ast-hfb-mobile-header-display":"","site-post-title":"","ast-breadcrumbs-content":"","ast-featured-img":"","footer-sml-layout":"","theme-transparent-header-meta":"","adv-header-id-meta":"","stick-header-meta":"","header-above-stick-meta":"","header-main-stick-meta":"","header-below-stick-meta":""},"pwb-brand":[377],"product_cat":[33],"product_tag":[],"class_list":{"0":"post-17343","1":"product","2":"type-product","3":"status-publish","5":"pwb-brand-heyner","6":"product_cat-pyyhkijansulat","7":"desktop-align-left","8":"tablet-align-left","9":"mobile-align-left","11":"first","12":"instock","13":"product-type-external"},"brands":[{"id":377,"name":"HEYNER","slug":"heyner"}],"_links":{"self":[{"href":"https:\/\/www.autonvaraosahaku.fi\/index.php?rest_route=\/wp\/v2\/product\/17343","targetHints":{"allow":["GET"]}}],"collection":[{"href":"https:\/\/www.autonvaraosahaku.fi\/index.php?rest_route=\/wp\/v2\/product"}],"about":[{"href":"https:\/\/www.autonvaraosahaku.fi\/index.php?rest_route=\/wp\/v2\/types\/product"}],"wp:attachment":[{"href":"https:\/\/www.autonvaraosahaku.fi\/index.php?rest_route=%2Fwp%2Fv2%2Fmedia&parent=17343"}],"wp:term":[{"taxonomy":"pwb-brand","embeddable":true,"href":"https:\/\/www.autonvaraosahaku.fi\/index.php?rest_route=%2Fwp%2Fv2%2Fpwb-brand&post=17343"},{"taxonomy":"product_cat","embeddable":true,"href":"https:\/\/www.autonvaraosahaku.fi\/index.php?rest_route=%2Fwp%2Fv2%2Fproduct_cat&post=17343"},{"taxonomy":"product_tag","embeddable":true,"href":"https:\/\/www.autonvaraosahaku.fi\/index.php?rest_route=%2Fwp%2Fv2%2Fproduct_tag&post=17343"}],"curies":[{"name":"wp","href":"https:\/\/api.w.org\/{rel}","templated":true}]}}