{"id":17374,"date":"2021-02-21T14:30:12","date_gmt":"2021-02-21T14:30:12","guid":{"rendered":"https:\/\/www.autonvaraosahaku.fi\/?product=monroe-376195sp-iskunvaimennin"},"modified":"2021-02-21T14:30:14","modified_gmt":"2021-02-21T14:30:14","slug":"monroe-376195sp-iskunvaimennin","status":"publish","type":"product","link":"https:\/\/www.autonvaraosahaku.fi\/?product=monroe-376195sp-iskunvaimennin","title":{"rendered":"MONROE 376195SP Iskunvaimennin"},"content":{"rendered":"<p>Iskunvaimennin tyyppi: Kaasupaine; Iskunvaimennusj\u00e4rjestelm\u00e4: Kaksiputki; Iskunvaimennin asennustapa: Silmukka alhaalla, Tappi ylh\u00e4\u00e4ll\u00e4; Paino [kg]: 1,930; Reik\u00e4-\u00d8 [mm]: 25,4; Pakkauspituus [cm]: 50,5; Pakkausleveys [cm]: 6,5; Pakkauskorkeus [mm]: 6,5; Tullitariffinumero: 87088035; Tappil\u00e4pimitta [mm]: 12,4; Asennuspuoli: Hinterachse; VW: GOLF VII 5G1, BE1,GOLF VII Kombi BA5,GOLF SPORTSVAN AM1; AUDI: A3 Sportback 8VA,A3 Cabriolet 8V7; SKODA: OCTAVIA Combi 5E5,OCTAVIA 5E3; SEAT: LEON 5F1,LEON ST 5F8,LEON SC 5F5; 5Q0513029AS, 5Q0513029BK, 5Q0513029CJ, 5Q0513029CK, 5Q0513029CM, 5Q0513029EB, 5Q0513029EC, 5Q0513029EK, 5Q0513029EL, 5Q0513029ER, 5Q0513029ES, 5Q0513029ET, 5Q0513029FA, 5Q0513029GM, 5Q0513029GN, 5Q0513029GR, 5Q0513029HH, 5Q0513029HQ, 5Q0513029HR, 5Q0513029JE, 8V0513029, 8V0513029AC, 8V0513029F, 8V0513029H, 8V0513029J, 5Q0513029CT, 5Q0513029DP, 5Q0513029DQ, 5Q0513029EM, 5Q0513029EN, 5Q0513029EP, 5Q0513029EQ, 5Q0513029FE, 5Q0513029FF, 5Q0513029GL, 5E0513029C, 5Q0513029DD, 5Q0513029DE, 5Q0513029DF, 5Q0513029DL, 5Q0513029DN, 5Q0513029DT, 5Q0513029ED, 5Q0513029EE, 5Q0513029EF, 5Q0513029FB, 5Q0513029FC, 5Q0513029FD, 5Q0513029FL, 5Q0513029FN, 5Q0513029FP, 5Q0513029FQ, 5Q0513029GC, 5Q0513029GD, 5Q0513029JT, 5Q0513029KA, 5Q0513029KB, 5Q0513029KC, 5Q0513029KF, 5Q0513029KK, 5Q0513029AP, 5Q0513029AQ, 5Q0513029AR, 5Q0513029BQ, 5Q0513029DA, 5Q0513029DB, 5Q0513029DG, 5Q0513029DH, 5Q0513029DP, 5Q0513029DQ, 5Q0513029DR, 5Q0513029DS, 5Q0513029EG, 5Q0513029EH, 5Q0513029EM, 5Q0513029EN, 5Q0513029EP, 5Q0&#8230;; Iskarit,Iskunvaimennin<\/p>\n","protected":false},"excerpt":{"rendered":"<p>MONROE Iskunvaimentimet OESpectrum Premium 376195SP Iskarit,Iskunvaimennin VW,AUDI,SKODA,GOLF VII 5G1, BE1,GOLF VII Kombi BA5,GOLF SPORTSVAN AM1<\/p>\n","protected":false},"featured_media":0,"template":"","meta":{"site-sidebar-layout":"default","site-content-layout":"default","ast-global-header-display":"","ast-main-header-display":"","ast-hfb-above-header-display":"","ast-hfb-below-header-display":"","ast-hfb-mobile-header-display":"","site-post-title":"","ast-breadcrumbs-content":"","ast-featured-img":"","footer-sml-layout":"","theme-transparent-header-meta":"","adv-header-id-meta":"","stick-header-meta":"","header-above-stick-meta":"","header-main-stick-meta":"","header-below-stick-meta":""},"pwb-brand":[79],"product_cat":[80],"product_tag":[],"class_list":{"0":"post-17374","1":"product","2":"type-product","3":"status-publish","5":"pwb-brand-monroe","6":"product_cat-iskunvaimennin","7":"desktop-align-left","8":"tablet-align-left","9":"mobile-align-left","11":"first","12":"instock","13":"product-type-external"},"brands":[{"id":79,"name":"MONROE","slug":"monroe"}],"_links":{"self":[{"href":"https:\/\/www.autonvaraosahaku.fi\/index.php?rest_route=\/wp\/v2\/product\/17374","targetHints":{"allow":["GET"]}}],"collection":[{"href":"https:\/\/www.autonvaraosahaku.fi\/index.php?rest_route=\/wp\/v2\/product"}],"about":[{"href":"https:\/\/www.autonvaraosahaku.fi\/index.php?rest_route=\/wp\/v2\/types\/product"}],"wp:attachment":[{"href":"https:\/\/www.autonvaraosahaku.fi\/index.php?rest_route=%2Fwp%2Fv2%2Fmedia&parent=17374"}],"wp:term":[{"taxonomy":"pwb-brand","embeddable":true,"href":"https:\/\/www.autonvaraosahaku.fi\/index.php?rest_route=%2Fwp%2Fv2%2Fpwb-brand&post=17374"},{"taxonomy":"product_cat","embeddable":true,"href":"https:\/\/www.autonvaraosahaku.fi\/index.php?rest_route=%2Fwp%2Fv2%2Fproduct_cat&post=17374"},{"taxonomy":"product_tag","embeddable":true,"href":"https:\/\/www.autonvaraosahaku.fi\/index.php?rest_route=%2Fwp%2Fv2%2Fproduct_tag&post=17374"}],"curies":[{"name":"wp","href":"https:\/\/api.w.org\/{rel}","templated":true}]}}