{"id":17379,"date":"2021-02-21T14:30:15","date_gmt":"2021-02-21T14:30:15","guid":{"rendered":"https:\/\/www.autonvaraosahaku.fi\/?product=febi-bilstein-103075-vesipumppu"},"modified":"2021-02-21T14:30:16","modified_gmt":"2021-02-21T14:30:16","slug":"febi-bilstein-103075-vesipumppu","status":"publish","type":"product","link":"https:\/\/www.autonvaraosahaku.fi\/?product=febi-bilstein-103075-vesipumppu","title":{"rendered":"FEBI BILSTEIN 103075 Vesipumppu"},"content":{"rendered":"<p>Materiaali vesipumpun siipipy\u00f6r\u00e4: Metalli; Materiaali tiiviste: Kumi; Materiaali: Alumiini; K\u00e4ytt\u00f6: Mekaaninen; Siipien m\u00e4\u00e4r\u00e4: 7; Paino [kg]: 1,3, 1,3; Huomioi huolto-ohjeet: , ; Huomioi tekniset tiedot: ; MERCEDES-BENZ: C-CLASS W204,C-CLASS T-Model S204,E-CLASS W212,E-CLASS T-Model S212,GLK-CLASS X204,S-CLASS W221,E-CLASS Coupe C207,C-CLASS Coupe C204,E-CLASS Cabriolet A207,V-CLASS W447,VITO Tourer W447,VITO Kasten W447; 6512000200, 6512000200SK1, 6512000300, 6512000300SK1, 6512001101, 6512001101SK1, 6512001301, 6512001301SK1, 6512001901, 6512001901SK1, 6512002100, 651200210080, 651200210080SK1, 6512002100SK1, 6512004801, 6512004801SK1, 6512006401, 6512006401SK1, 6512006501, 6512006501SK1, 6512006801, 6512006801SK1, 6512007701, 651200770180, 651200770180SK1, 6512007701SK1, 6512007801, 6512007801SK1, A651200770180<\/p>\n","protected":false},"excerpt":{"rendered":"<p>FEBI BILSTEIN Vesipumppu 103075  MERCEDES-BENZ,C-CLASS W204,C-CLASS T-Model S204,E-CLASS W212,E-CLASS T-Model S212,GLK-CLASS X204,S-CLASS W221<\/p>\n","protected":false},"featured_media":0,"template":"","meta":{"site-sidebar-layout":"default","site-content-layout":"default","ast-global-header-display":"","ast-main-header-display":"","ast-hfb-above-header-display":"","ast-hfb-below-header-display":"","ast-hfb-mobile-header-display":"","site-post-title":"","ast-breadcrumbs-content":"","ast-featured-img":"","footer-sml-layout":"","theme-transparent-header-meta":"","adv-header-id-meta":"","stick-header-meta":"","header-above-stick-meta":"","header-main-stick-meta":"","header-below-stick-meta":""},"pwb-brand":[50],"product_cat":[279],"product_tag":[],"class_list":{"0":"post-17379","1":"product","2":"type-product","3":"status-publish","5":"pwb-brand-febi-bilstein","6":"product_cat-vesipumppu","7":"desktop-align-left","8":"tablet-align-left","9":"mobile-align-left","11":"first","12":"instock","13":"product-type-external"},"brands":[{"id":50,"name":"FEBI BILSTEIN","slug":"febi-bilstein"}],"_links":{"self":[{"href":"https:\/\/www.autonvaraosahaku.fi\/index.php?rest_route=\/wp\/v2\/product\/17379","targetHints":{"allow":["GET"]}}],"collection":[{"href":"https:\/\/www.autonvaraosahaku.fi\/index.php?rest_route=\/wp\/v2\/product"}],"about":[{"href":"https:\/\/www.autonvaraosahaku.fi\/index.php?rest_route=\/wp\/v2\/types\/product"}],"wp:attachment":[{"href":"https:\/\/www.autonvaraosahaku.fi\/index.php?rest_route=%2Fwp%2Fv2%2Fmedia&parent=17379"}],"wp:term":[{"taxonomy":"pwb-brand","embeddable":true,"href":"https:\/\/www.autonvaraosahaku.fi\/index.php?rest_route=%2Fwp%2Fv2%2Fpwb-brand&post=17379"},{"taxonomy":"product_cat","embeddable":true,"href":"https:\/\/www.autonvaraosahaku.fi\/index.php?rest_route=%2Fwp%2Fv2%2Fproduct_cat&post=17379"},{"taxonomy":"product_tag","embeddable":true,"href":"https:\/\/www.autonvaraosahaku.fi\/index.php?rest_route=%2Fwp%2Fv2%2Fproduct_tag&post=17379"}],"curies":[{"name":"wp","href":"https:\/\/api.w.org\/{rel}","templated":true}]}}