{"id":17381,"date":"2021-02-21T14:30:15","date_gmt":"2021-02-21T14:30:15","guid":{"rendered":"https:\/\/www.autonvaraosahaku.fi\/?product=febi-bilstein-102792-tiivisteet"},"modified":"2021-02-21T14:30:16","modified_gmt":"2021-02-21T14:30:16","slug":"febi-bilstein-102792-tiivisteet","status":"publish","type":"product","link":"https:\/\/www.autonvaraosahaku.fi\/?product=febi-bilstein-102792-tiivisteet","title":{"rendered":"FEBI BILSTEIN 102792 Tiivisteet"},"content":{"rendered":"<p>Paksuus [mm]: 2,0; Sis\u00e4l\u00e4pimitta [mm]: 7,7; Ulkol\u00e4pimitta [mm]: 15,0; Materiaali: Kupari; Paino [kg]: 0,001, 0,001; Moottorinumerosta: 6260381; BMW: 3 E46,5 E39,3 Touring E46,5 Touring E39,X5 E53,7 E38; OPEL: ZAFIRA TOURER C P12,ANTARA,VIVARO Kasten F7,VIVARO Combi J7,CASCADA W13,MOVANO B Kasten,MOVANO B Bus,VIVARO Pritsche\/Fahrgestell E7,MOVANO B Pritsche\/Fahrgestell,CROSSLAND X,GRANDLAND X A18,INSIGNIA Caravan,INSIGNIA CC; FORD: FOCUS II Kombi DA_,FIESTA VI,FOCUS II DA_,FOCUS III Turnier,FOCUS C-MAX,FOCUS III,C-MAX II,KUGA II DM2,FOCUS II Stufenheck DA_,B-MAX JK,ECOSPORT,FOCUS III Stufenheck,TOURNEO CONNECT \/ GRAND TOURNEO CONNECT Kombi,FIESTA V Van,FIESTA VI Van,TRANSIT CONNECT Kasten,MONDEO V Turnier,MONDEO V Stufenheck,FIESTA VII,MONDEO V Schr\u00e4gheck,C-MAX II Van,TOURNEO COURIER Kombi,B-MAX Van,TRANSIT CONNECT Kombi,TRANSIT COURIER Kasten,FOCUS III Kasten\/Schr\u00e4gheck,TRANSIT COURIER Kombi; RENAULT: TRAFIC II Bus JL,TRAFIC II Kasten FL,MASTER III Kasten FV,MASTER III Bus JV,MASTER III Pritsche\/Fahrgestell EV, HV, UV,TRAFIC II Pritsche\/Fahrgestell EL; FIAT: DUCATO Kasten 250,STILO 192,BRAVO II 198,DUCATO Pritsche\/Fahrgestell 250,FREEMONT JF_,PUNTO EVO 199,DUCATO Bus 250,DOBLO Cargo 223,STILO Multi Wagon 192,DOBLO 119,CROMA 194,DOBLO Kasten\/Kombi 263,SEDICI,MULTIPLA 186,500L,DOBLO Gro\u00dfraumlimousine 152, 263,DOBLO Pritsche\/Fahrgestell 263,500X,TIPO Schr\u00e4gheck 356_,TIPO Kombi 356_,TIPO Stufenheck 356_; PEUGEOT: 207 WA_, WC_,308 SW,208,206+ T3E,308 4A_, 4C_,5008,508 SW,3008,PARTNER Tepee,2008,PARTNER Kasten 5,508,EXPERT Tepee VF3V_,EXPERT Kasten VF3A_, VF3U_, VF3X_,PARTNER Kasten,308 II,301,308 SW II,207 Van,EXPERT Pritsche\/Fahrgestell,PARTNER Pritsche\/Fahrgestell,3008 SUV,EXPERT Kasten,5008 II,TRAVELLER,208 Kasten; CITRO\u00cbN: BERLINGO B9,DS3,C3 Picasso,C3 II,C4 II B7,BERLINGO Kasten B9,JUMPY Kasten,C4 Grand Picasso II,C4 Picasso II,DS4,DS5,DS3 Cabriolet,BERLINGO Pritsche\/Fahrgestell B9,C-ELYSEE,C4 CACTUS,C3 III SX,C3 AIRCROSS II,JUMPY,JUMPY Pritsche\/Fahrgestell; ALFA ROMEO: 147 937,159 Sportwagon 939,GIULIETTA 940,159 939,SPIDER 939,GIULIA 952_,STELVIO 949_; LANCIA: DELTA III 844; DS: DS 3; 55221016, 13537785722, 198195, 9804220580, 198195, 9804220580, 55221016, 1432205, 55221016, 055565375, 55565375, 198195, 9804220580, 8200895280, 055565375, 55565375<\/p>\n","protected":false},"excerpt":{"rendered":"<p>FEBI BILSTEIN Tiiviste, Suuttimen Pidin 102792  BMW,OPEL,FORD,3 E46,5 E39,3 Touring E46,5 Touring E39,X5 E53,7 E38,ZAFIRA TOURER C P12,ANTARA<\/p>\n","protected":false},"featured_media":0,"template":"","meta":{"site-sidebar-layout":"default","site-content-layout":"default","ast-global-header-display":"","ast-main-header-display":"","ast-hfb-above-header-display":"","ast-hfb-below-header-display":"","ast-hfb-mobile-header-display":"","site-post-title":"","ast-breadcrumbs-content":"","ast-featured-img":"","footer-sml-layout":"","theme-transparent-header-meta":"","adv-header-id-meta":"","stick-header-meta":"","header-above-stick-meta":"","header-main-stick-meta":"","header-below-stick-meta":""},"pwb-brand":[50],"product_cat":[27],"product_tag":[],"class_list":{"0":"post-17381","1":"product","2":"type-product","3":"status-publish","5":"pwb-brand-febi-bilstein","6":"product_cat-tiivisteet","7":"desktop-align-left","8":"tablet-align-left","9":"mobile-align-left","11":"first","12":"instock","13":"product-type-external"},"brands":[{"id":50,"name":"FEBI BILSTEIN","slug":"febi-bilstein"}],"_links":{"self":[{"href":"https:\/\/www.autonvaraosahaku.fi\/index.php?rest_route=\/wp\/v2\/product\/17381","targetHints":{"allow":["GET"]}}],"collection":[{"href":"https:\/\/www.autonvaraosahaku.fi\/index.php?rest_route=\/wp\/v2\/product"}],"about":[{"href":"https:\/\/www.autonvaraosahaku.fi\/index.php?rest_route=\/wp\/v2\/types\/product"}],"wp:attachment":[{"href":"https:\/\/www.autonvaraosahaku.fi\/index.php?rest_route=%2Fwp%2Fv2%2Fmedia&parent=17381"}],"wp:term":[{"taxonomy":"pwb-brand","embeddable":true,"href":"https:\/\/www.autonvaraosahaku.fi\/index.php?rest_route=%2Fwp%2Fv2%2Fpwb-brand&post=17381"},{"taxonomy":"product_cat","embeddable":true,"href":"https:\/\/www.autonvaraosahaku.fi\/index.php?rest_route=%2Fwp%2Fv2%2Fproduct_cat&post=17381"},{"taxonomy":"product_tag","embeddable":true,"href":"https:\/\/www.autonvaraosahaku.fi\/index.php?rest_route=%2Fwp%2Fv2%2Fproduct_tag&post=17381"}],"curies":[{"name":"wp","href":"https:\/\/api.w.org\/{rel}","templated":true}]}}