{"id":17391,"date":"2021-02-21T14:30:15","date_gmt":"2021-02-21T14:30:15","guid":{"rendered":"https:\/\/www.autonvaraosahaku.fi\/?product=contitech-ct1077k2-jakohihna"},"modified":"2021-02-21T14:30:17","modified_gmt":"2021-02-21T14:30:17","slug":"contitech-ct1077k2-jakohihna","status":"publish","type":"product","link":"https:\/\/www.autonvaraosahaku.fi\/?product=contitech-ct1077k2-jakohihna","title":{"rendered":"CONTITECH CT1077K2 Jakohihna"},"content":{"rendered":"<p>Pakkauspituus [cm]: 26,5; Pakkausleveys [cm]: 16,5; Pakkauskorkeus [mm]: 9,5; Paino [kg]: 1,36; Hammasluku: 146; Leveys (mm): 24; Apulaitteet: angetr. Agg.: Nockenwelle; CHEVROLET: ORLANDO J309,CRUZE J300,AVEO Schr\u00e4gheck T250, T255,CRUZE Station Wagon J308,AVEO Schr\u00e4gheck T300,CRUZE Schr\u00e4gheck J305,TRAX,AVEO Stufenheck T250, T255,AVEO Stufenheck T300; SAAB: 9-5 YS3G; OPEL: CORSA D,ZAFIRA B A05,ASTRA H Caravan L35,MERIVA,ZAFIRA A F75_,ASTRA G CC F48_, F08_,ASTRA H L48,ASTRA J Sports Tourer,ASTRA G Caravan F35_,INSIGNIA Caravan,VECTRA C Caravan,ASTRA J,ASTRA H GTC L08,SIGNUM,VECTRA C,ZAFIRA TOURER C P12,MOKKA,VECTRA C GTS,ASTRA H TwinTop L67,INSIGNIA,ASTRA G Cabriolet F67,INSIGNIA Stufenheck,ASTRA G Coupe F07_,ASTRA G Stufenheck F69_,ZAFIRA B Van,ASTRA GTC J,ASTRA J Stufenheck,CORSA D Van,ASTRA H Stufenheck L69,ASTRA H Kasten L70,ASTRA G Kasten F70,CORSA E,ASTRA G CLASSIC Caravan F35,ASTRA CLASSIC Caravan,ASTRA CLASSIC L48,ASTRA CLASSIC Stufenheck; FIAT: STILO 192,STILO Multi Wagon 192,CROMA 194; ALFA ROMEO: 159 Sportwagon 939,159 939; VAUXHALL: CORSA Mk III D L_8,INSIGNIA Mk I A,ZAFIRA Mk II B M75,ASTRA Mk V H CC,VECTRA Mk II C CC,INSIGNIA Mk I A Estate,ASTRA Mk V H Estate,ZAFIRA Mk III P12,VECTRA Mk II C Estate,ASTRA Mk IV G CC,ASTRA Mk V H Convertible,VECTRA Mk II C,ASTRA Mk VI J CC,ASTRA Mk VI J,INSIGNIA Mk I A Sedan,SIGNUM,MERIVA Mk I A,ASTRA Mk VI J Sedan,ASTRA Mk VI J Estate,ASTRAVAN Mk IV G,MOKKA,ASTRAVAN Mk V H,ASTRA Mk IV G Coupe F67,CORSA Mk IV E,ASTRA Mk IV G Estate,ASTRA Mk IV G Convertible; 1606314, 1606355, 1606356, 1606426, 1629066, 1629067, 93185849, 93196786, 93196787, 95507809, 95516739, 95516740, 93185849, 93196786, 93196787, 95507809, 95516739, 95516740; Hammashihnasarja<\/p>\n","protected":false},"excerpt":{"rendered":"<p>CONTITECH Jakohihnasarja CT1077K2 Hammashihnasarja CHEVROLET,SAAB,OPEL,ORLANDO J309,CRUZE J300,AVEO Schr\u00e4gheck T250, T255,CRUZE Station Wagon J308<\/p>\n","protected":false},"featured_media":0,"template":"","meta":{"site-sidebar-layout":"default","site-content-layout":"default","ast-global-header-display":"","ast-main-header-display":"","ast-hfb-above-header-display":"","ast-hfb-below-header-display":"","ast-hfb-mobile-header-display":"","site-post-title":"","ast-breadcrumbs-content":"","ast-featured-img":"","footer-sml-layout":"","theme-transparent-header-meta":"","adv-header-id-meta":"","stick-header-meta":"","header-above-stick-meta":"","header-main-stick-meta":"","header-below-stick-meta":""},"pwb-brand":[187],"product_cat":[266],"product_tag":[],"class_list":{"0":"post-17391","1":"product","2":"type-product","3":"status-publish","5":"pwb-brand-contitech","6":"product_cat-jakohihna","7":"desktop-align-left","8":"tablet-align-left","9":"mobile-align-left","11":"first","12":"instock","13":"product-type-external"},"brands":[{"id":187,"name":"CONTITECH","slug":"contitech"}],"_links":{"self":[{"href":"https:\/\/www.autonvaraosahaku.fi\/index.php?rest_route=\/wp\/v2\/product\/17391","targetHints":{"allow":["GET"]}}],"collection":[{"href":"https:\/\/www.autonvaraosahaku.fi\/index.php?rest_route=\/wp\/v2\/product"}],"about":[{"href":"https:\/\/www.autonvaraosahaku.fi\/index.php?rest_route=\/wp\/v2\/types\/product"}],"wp:attachment":[{"href":"https:\/\/www.autonvaraosahaku.fi\/index.php?rest_route=%2Fwp%2Fv2%2Fmedia&parent=17391"}],"wp:term":[{"taxonomy":"pwb-brand","embeddable":true,"href":"https:\/\/www.autonvaraosahaku.fi\/index.php?rest_route=%2Fwp%2Fv2%2Fpwb-brand&post=17391"},{"taxonomy":"product_cat","embeddable":true,"href":"https:\/\/www.autonvaraosahaku.fi\/index.php?rest_route=%2Fwp%2Fv2%2Fproduct_cat&post=17391"},{"taxonomy":"product_tag","embeddable":true,"href":"https:\/\/www.autonvaraosahaku.fi\/index.php?rest_route=%2Fwp%2Fv2%2Fproduct_tag&post=17391"}],"curies":[{"name":"wp","href":"https:\/\/api.w.org\/{rel}","templated":true}]}}