{"id":17396,"date":"2021-02-21T14:30:15","date_gmt":"2021-02-21T14:30:15","guid":{"rendered":"https:\/\/www.autonvaraosahaku.fi\/?product=maxgear-66-0015-hehkutulppa"},"modified":"2021-02-21T14:30:17","modified_gmt":"2021-02-21T14:30:17","slug":"maxgear-66-0015-hehkutulppa","status":"publish","type":"product","link":"https:\/\/www.autonvaraosahaku.fi\/?product=maxgear-66-0015-hehkutulppa","title":{"rendered":"MAXGEAR 66-0015 Hehkutulppa"},"content":{"rendered":"<p>Hehkutulppatyyppi: Hehkutulppa, puikko, j\u00e4lkihehkutuksenkest\u00e4v\u00e4; Nimellisj\u00e4nnite (V): 11; Pituus (mm): 84; Kierremitta: M 10 x 1; Kartionousu: 63; Avainv\u00e4li: 10; Kiristysmomentti > [Nm]: 10; Kiristysmomentti enint\u00e4\u00e4n [Nm]: 15; Liittimet: M 4; Asennussyvyys (mm): 25; TECDOC-moottorinumero: 3301; HONDA: ACCORD VI CG, CK,ACCORD V CE, CF; LAND ROVER: FREELANDER LN,FREELANDER Soft Top; ROVER: 25 RF,200 RF,600 RH,400 RT,400 Hatchback RT; RENAULT: ESPACE III JE0_,LAGUNA I B56_, 556_,LAGUNA I Grandtour K56_,SAFRANE II B54_; 7700100586, 7700858208, 7700861906, NCC100050, NCC100050L, 30862690<\/p>\n","protected":false},"excerpt":{"rendered":"<p>MAXGEAR Hehkutulppa 66-0015  HONDA,LAND ROVER,ROVER,ACCORD VI CG, CK,ACCORD V CE, CF,FREELANDER LN,FREELANDER Soft Top,25 RF,200 RF,600 RH,400 RT<\/p>\n","protected":false},"featured_media":0,"template":"","meta":{"site-sidebar-layout":"default","site-content-layout":"default","ast-global-header-display":"","ast-main-header-display":"","ast-hfb-above-header-display":"","ast-hfb-below-header-display":"","ast-hfb-mobile-header-display":"","site-post-title":"","ast-breadcrumbs-content":"","ast-featured-img":"","footer-sml-layout":"","theme-transparent-header-meta":"","adv-header-id-meta":"","stick-header-meta":"","header-above-stick-meta":"","header-main-stick-meta":"","header-below-stick-meta":""},"pwb-brand":[48],"product_cat":[52],"product_tag":[],"class_list":{"0":"post-17396","1":"product","2":"type-product","3":"status-publish","5":"pwb-brand-maxgear","6":"product_cat-hehkutulppa","7":"desktop-align-left","8":"tablet-align-left","9":"mobile-align-left","11":"first","12":"instock","13":"product-type-external"},"brands":[{"id":48,"name":"MAXGEAR","slug":"maxgear"}],"_links":{"self":[{"href":"https:\/\/www.autonvaraosahaku.fi\/index.php?rest_route=\/wp\/v2\/product\/17396","targetHints":{"allow":["GET"]}}],"collection":[{"href":"https:\/\/www.autonvaraosahaku.fi\/index.php?rest_route=\/wp\/v2\/product"}],"about":[{"href":"https:\/\/www.autonvaraosahaku.fi\/index.php?rest_route=\/wp\/v2\/types\/product"}],"wp:attachment":[{"href":"https:\/\/www.autonvaraosahaku.fi\/index.php?rest_route=%2Fwp%2Fv2%2Fmedia&parent=17396"}],"wp:term":[{"taxonomy":"pwb-brand","embeddable":true,"href":"https:\/\/www.autonvaraosahaku.fi\/index.php?rest_route=%2Fwp%2Fv2%2Fpwb-brand&post=17396"},{"taxonomy":"product_cat","embeddable":true,"href":"https:\/\/www.autonvaraosahaku.fi\/index.php?rest_route=%2Fwp%2Fv2%2Fproduct_cat&post=17396"},{"taxonomy":"product_tag","embeddable":true,"href":"https:\/\/www.autonvaraosahaku.fi\/index.php?rest_route=%2Fwp%2Fv2%2Fproduct_tag&post=17396"}],"curies":[{"name":"wp","href":"https:\/\/api.w.org\/{rel}","templated":true}]}}