{"id":17406,"date":"2021-02-21T14:30:19","date_gmt":"2021-02-21T14:30:19","guid":{"rendered":"https:\/\/www.autonvaraosahaku.fi\/?product=brembo-p-68-050x-jarrupalat"},"modified":"2021-02-21T14:30:20","modified_gmt":"2021-02-21T14:30:20","slug":"brembo-p-68-050x-jarrupalat","status":"publish","type":"product","link":"https:\/\/www.autonvaraosahaku.fi\/?product=brembo-p-68-050x-jarrupalat","title":{"rendered":"BREMBO P 68 050X Jarrupalat"},"content":{"rendered":"<p>WVA-numero: 24914, 24538; Jarruj\u00e4rjestelm\u00e4: Teves; Kulumisenilmaisimen liitos: Ilman kulumisenilmaisinta; Korkeus 2 (mm): 64,7; Korkeus 1 (mm): 59,4; Leveys (mm): 155,3; Paksuus [mm]: 18; M\u00e4\u00e4r\u00e4yksikk\u00f6: Akselisarja; Asennuspuoli: Vorderachse; DACIA: DUSTER,LODGY,DOKKER,DOKKER Express,DUSTER Kasten; RENAULT: MEGANE III Grandtour KZ0\/1,SC\u00c9NIC III JZ0\/1_,MEGANE III Schr\u00e4gheck BZ0_,GRAND SC\u00c9NIC III JZ0\/1_,MEGANE III Coupe DZ0\/1_,CAPTUR,MEGANE CC EZ0\/1_,FLUENCE L30_,DUSTER; 8660000781, 8660004545, 4106000Q1B, 4106000Q1C, 4106000Q1L, 410300379R, 4106000Q1L, 410600379R, 410605961R, 410607115R, 410608364R, 440603905R, 8660000781, 8660004545; Jarrupalasarja,Jarrupala, Levyjarru<\/p>\n","protected":false},"excerpt":{"rendered":"<p>BREMBO Jarrupalat XTRA LINE P 68 050X Jarrupalasarja,Jarrupala, Levyjarru DACIA,RENAULT,DUSTER,LODGY,DOKKER,DOKKER Express,DUSTER Kasten<\/p>\n","protected":false},"featured_media":0,"template":"","meta":{"site-sidebar-layout":"default","site-content-layout":"default","ast-global-header-display":"","ast-main-header-display":"","ast-hfb-above-header-display":"","ast-hfb-below-header-display":"","ast-hfb-mobile-header-display":"","site-post-title":"","ast-breadcrumbs-content":"","ast-featured-img":"","footer-sml-layout":"","theme-transparent-header-meta":"","adv-header-id-meta":"","stick-header-meta":"","header-above-stick-meta":"","header-main-stick-meta":"","header-below-stick-meta":""},"pwb-brand":[146],"product_cat":[100],"product_tag":[],"class_list":{"0":"post-17406","1":"product","2":"type-product","3":"status-publish","5":"pwb-brand-brembo","6":"product_cat-jarrupalat","7":"desktop-align-left","8":"tablet-align-left","9":"mobile-align-left","11":"first","12":"instock","13":"product-type-external"},"brands":[{"id":146,"name":"BREMBO","slug":"brembo"}],"_links":{"self":[{"href":"https:\/\/www.autonvaraosahaku.fi\/index.php?rest_route=\/wp\/v2\/product\/17406","targetHints":{"allow":["GET"]}}],"collection":[{"href":"https:\/\/www.autonvaraosahaku.fi\/index.php?rest_route=\/wp\/v2\/product"}],"about":[{"href":"https:\/\/www.autonvaraosahaku.fi\/index.php?rest_route=\/wp\/v2\/types\/product"}],"wp:attachment":[{"href":"https:\/\/www.autonvaraosahaku.fi\/index.php?rest_route=%2Fwp%2Fv2%2Fmedia&parent=17406"}],"wp:term":[{"taxonomy":"pwb-brand","embeddable":true,"href":"https:\/\/www.autonvaraosahaku.fi\/index.php?rest_route=%2Fwp%2Fv2%2Fpwb-brand&post=17406"},{"taxonomy":"product_cat","embeddable":true,"href":"https:\/\/www.autonvaraosahaku.fi\/index.php?rest_route=%2Fwp%2Fv2%2Fproduct_cat&post=17406"},{"taxonomy":"product_tag","embeddable":true,"href":"https:\/\/www.autonvaraosahaku.fi\/index.php?rest_route=%2Fwp%2Fv2%2Fproduct_tag&post=17406"}],"curies":[{"name":"wp","href":"https:\/\/api.w.org\/{rel}","templated":true}]}}