{"id":17420,"date":"2021-02-21T14:30:23","date_gmt":"2021-02-21T14:30:23","guid":{"rendered":"https:\/\/www.autonvaraosahaku.fi\/?product=ridex-2s0062-starttimoottori"},"modified":"2021-02-21T14:30:23","modified_gmt":"2021-02-21T14:30:23","slug":"ridex-2s0062-starttimoottori","status":"publish","type":"product","link":"https:\/\/www.autonvaraosahaku.fi\/?product=ridex-2s0062-starttimoottori","title":{"rendered":"RIDEX 2S0062 Starttimoottori"},"content":{"rendered":"<p>Pituus 1 (mm): 82,5; Pituus 2 (mm): 26; K\u00e4ynnistinmoottori teho (kW): 2; J\u00e4nnite (V): 12; Kiinnitysreikien lukum\u00e4\u00e4r\u00e4: 2; kierrereiki\u00e4 [kpl]: 2; Py\u00f6rimissuunta: Py\u00f6rimissuunta my\u00f6t\u00e4p\u00e4iv\u00e4\u00e4n; Hammasluku: 10; Moottorinumero: 601.911; VW: PASSAT Variant 365,JETTA IV 162, 163,PASSAT ALLTRACK 365; DAEWOO: MUSSO FJ,KORANDO KJ,REXTON GAB_,KORANDO Cabrio KJ; MERCEDES-BENZ: C-CLASS W203,E-CLASS W211,C-CLASS W204,C-CLASS T-Model S204,C-CLASS T-Model S203,C-CLASS W202,E-CLASS T-Model S211,190 W201,E-CLASS W210,VIANO W639,C-CLASS Coupe CL203,M-CLASS W163,Stufenheck W124,E-CLASS Kombi S210,VITO Bus W639,SL R129,CLK C209,SL R107,C-CLASS Kombi S202,S-CLASS W220,VITO \/ MIXTO Kasten W639,SPRINTER 3,5-t Kasten 906,S-CLASS W126,KOMBI Kombi S124,E-CLASS W124,G-CLASS W463,VITO Bus 638,COUPE C124,S-CLASS W140,E-CLASS Kombi S124,SPRINTER 3-t Kasten 903,SPRINTER 3,5-t Bus 906,SPRINTER 2-t Bus 901, 902,SPRINTER 3-t Kasten 906,V-CLASS 638\/2,CLC-CLASS CL203,SPRINTER 2-t Kasten 901, 902,SPRINTER 3-t Bus 903,SPRINTER 3,5-t Pritsche\/Fahrgestell 906,SPRINTER 3-t Pritsche\/Fahrgestell 903,VITO Kasten 638,E-CLASS Cabriolet A124,E-CLASS Coupe C124,SPRINTER 3-t Bus 906,SPRINTER 4-t Pritsche\/Fahrgestell 904,VARIO Kasten\/Kombi,SPRINTER 2-t Pritsche\/Fahrgestell 901, 902,SPRINTER 5-t Kasten 906,SPRINTER 5-t Pritsche\/Fahrgestell 906,VARIO Pritsche\/Fahrgestell,S,UNIMOG; SSANGYONG: REXTON GAB_,KORANDO,KYRON,MUSSO FJ,RODIUS,ACTYON SPORTS I QJ,ACTYON I,KORANDO KJ,KORANDO Cabrio KJ; SCANIA: 2 &#8211; series,3 &#8211; series,3 &#8211; series bus; 0041518901, 0041519201, 0041519701, 0051511301, 005151130180, 0051516601, 0071518901, 0071519201, A0041518901, A0041519201, A0041519701, A0051511301, A0051516601, A0071518901, A0071519201; Startti,K\u00e4ynnistinmoottori<\/p>\n","protected":false},"excerpt":{"rendered":"<p>RIDEX Starttimoottori 2S0062 Startti,K\u00e4ynnistinmoottori VW,DAEWOO,MERCEDES-BENZ,PASSAT Variant 365,JETTA IV 162, 163,PASSAT ALLTRACK 365,MUSSO FJ<\/p>\n","protected":false},"featured_media":0,"template":"","meta":{"site-sidebar-layout":"default","site-content-layout":"default","ast-global-header-display":"","ast-main-header-display":"","ast-hfb-above-header-display":"","ast-hfb-below-header-display":"","ast-hfb-mobile-header-display":"","site-post-title":"","ast-breadcrumbs-content":"","ast-featured-img":"","footer-sml-layout":"","theme-transparent-header-meta":"","adv-header-id-meta":"","stick-header-meta":"","header-above-stick-meta":"","header-main-stick-meta":"","header-below-stick-meta":""},"pwb-brand":[157],"product_cat":[295],"product_tag":[],"class_list":{"0":"post-17420","1":"product","2":"type-product","3":"status-publish","5":"pwb-brand-ridex","6":"product_cat-starttimoottori","7":"desktop-align-left","8":"tablet-align-left","9":"mobile-align-left","11":"first","12":"instock","13":"product-type-external"},"brands":[{"id":157,"name":"RIDEX","slug":"ridex"}],"_links":{"self":[{"href":"https:\/\/www.autonvaraosahaku.fi\/index.php?rest_route=\/wp\/v2\/product\/17420","targetHints":{"allow":["GET"]}}],"collection":[{"href":"https:\/\/www.autonvaraosahaku.fi\/index.php?rest_route=\/wp\/v2\/product"}],"about":[{"href":"https:\/\/www.autonvaraosahaku.fi\/index.php?rest_route=\/wp\/v2\/types\/product"}],"wp:attachment":[{"href":"https:\/\/www.autonvaraosahaku.fi\/index.php?rest_route=%2Fwp%2Fv2%2Fmedia&parent=17420"}],"wp:term":[{"taxonomy":"pwb-brand","embeddable":true,"href":"https:\/\/www.autonvaraosahaku.fi\/index.php?rest_route=%2Fwp%2Fv2%2Fpwb-brand&post=17420"},{"taxonomy":"product_cat","embeddable":true,"href":"https:\/\/www.autonvaraosahaku.fi\/index.php?rest_route=%2Fwp%2Fv2%2Fproduct_cat&post=17420"},{"taxonomy":"product_tag","embeddable":true,"href":"https:\/\/www.autonvaraosahaku.fi\/index.php?rest_route=%2Fwp%2Fv2%2Fproduct_tag&post=17420"}],"curies":[{"name":"wp","href":"https:\/\/api.w.org\/{rel}","templated":true}]}}