{"id":17421,"date":"2021-02-21T14:30:23","date_gmt":"2021-02-21T14:30:23","guid":{"rendered":"https:\/\/www.autonvaraosahaku.fi\/?product=monroe-376194sp-iskunvaimennin"},"modified":"2021-02-21T14:30:23","modified_gmt":"2021-02-21T14:30:23","slug":"monroe-376194sp-iskunvaimennin","status":"publish","type":"product","link":"https:\/\/www.autonvaraosahaku.fi\/?product=monroe-376194sp-iskunvaimennin","title":{"rendered":"MONROE 376194SP Iskunvaimennin"},"content":{"rendered":"<p>Iskunvaimennin tyyppi: Kaasupaine; Iskunvaimennusj\u00e4rjestelm\u00e4: Kaksiputki; Iskunvaimennin asennustapa: Silmukka alhaalla, Tappi ylh\u00e4\u00e4ll\u00e4; Paino [kg]: 1,800; Reik\u00e4-\u00d8 [mm]: 25,4; Pakkauspituus [cm]: 50,5; Pakkausleveys [cm]: 6,5; Pakkauskorkeus [mm]: 6,5; Tullitariffinumero: 87088035; Tappil\u00e4pimitta [mm]: 12,4; Asennuspuoli: Hinterachse; VW: GOLF VII 5G1, BE1,GOLF VII Kombi BA5,GOLF SPORTSVAN AM1; AUDI: A3 Sportback 8VA,A3 Limousine 8VS,A3 8V1; SKODA: OCTAVIA Combi 5E5,OCTAVIA 5E3; SEAT: LEON 5F1,LEON ST 5F8,LEON SC 5F5; 5Q0513049BM, 5Q0513049BQ, 5Q0513049FE, 5Q0513049DM, 5Q0513049DN, 5Q0513029JC, 5Q0513029JG, 5Q0513029KJ, 5Q0513029KP, 5Q0513049CS, 5Q0513049CT, 5Q0513049DJ, 5Q0513049DK, 5Q0513049DL, 5Q0513049EA, 5Q0513049EM, 5Q0513049FC, 5Q0513049FD, 5Q0513049FF, 5Q0513049FJ, 5Q0513049CH, 5Q0513049CJ, 5Q0513049DG, 5Q0513049DH, 5Q0513049EJ; Iskarit,Iskunvaimennin<\/p>\n","protected":false},"excerpt":{"rendered":"<p>MONROE Iskunvaimentimet OESpectrum Premium 376194SP Iskarit,Iskunvaimennin VW,AUDI,SKODA,GOLF VII 5G1, BE1,GOLF VII Kombi BA5,GOLF SPORTSVAN AM1<\/p>\n","protected":false},"featured_media":0,"template":"","meta":{"site-sidebar-layout":"default","site-content-layout":"default","ast-global-header-display":"","ast-main-header-display":"","ast-hfb-above-header-display":"","ast-hfb-below-header-display":"","ast-hfb-mobile-header-display":"","site-post-title":"","ast-breadcrumbs-content":"","ast-featured-img":"","footer-sml-layout":"","theme-transparent-header-meta":"","adv-header-id-meta":"","stick-header-meta":"","header-above-stick-meta":"","header-main-stick-meta":"","header-below-stick-meta":""},"pwb-brand":[79],"product_cat":[80],"product_tag":[],"class_list":{"0":"post-17421","1":"product","2":"type-product","3":"status-publish","5":"pwb-brand-monroe","6":"product_cat-iskunvaimennin","7":"desktop-align-left","8":"tablet-align-left","9":"mobile-align-left","11":"first","12":"instock","13":"product-type-external"},"brands":[{"id":79,"name":"MONROE","slug":"monroe"}],"_links":{"self":[{"href":"https:\/\/www.autonvaraosahaku.fi\/index.php?rest_route=\/wp\/v2\/product\/17421","targetHints":{"allow":["GET"]}}],"collection":[{"href":"https:\/\/www.autonvaraosahaku.fi\/index.php?rest_route=\/wp\/v2\/product"}],"about":[{"href":"https:\/\/www.autonvaraosahaku.fi\/index.php?rest_route=\/wp\/v2\/types\/product"}],"wp:attachment":[{"href":"https:\/\/www.autonvaraosahaku.fi\/index.php?rest_route=%2Fwp%2Fv2%2Fmedia&parent=17421"}],"wp:term":[{"taxonomy":"pwb-brand","embeddable":true,"href":"https:\/\/www.autonvaraosahaku.fi\/index.php?rest_route=%2Fwp%2Fv2%2Fpwb-brand&post=17421"},{"taxonomy":"product_cat","embeddable":true,"href":"https:\/\/www.autonvaraosahaku.fi\/index.php?rest_route=%2Fwp%2Fv2%2Fproduct_cat&post=17421"},{"taxonomy":"product_tag","embeddable":true,"href":"https:\/\/www.autonvaraosahaku.fi\/index.php?rest_route=%2Fwp%2Fv2%2Fproduct_tag&post=17421"}],"curies":[{"name":"wp","href":"https:\/\/api.w.org\/{rel}","templated":true}]}}