{"id":17429,"date":"2021-02-21T14:30:23","date_gmt":"2021-02-21T14:30:23","guid":{"rendered":"https:\/\/www.autonvaraosahaku.fi\/?product=jp-group-1563700810-jarrupalat"},"modified":"2021-02-21T14:30:24","modified_gmt":"2021-02-21T14:30:24","slug":"jp-group-1563700810-jarrupalat","status":"publish","type":"product","link":"https:\/\/www.autonvaraosahaku.fi\/?product=jp-group-1563700810-jarrupalat","title":{"rendered":"JP GROUP 1563700810 Jarrupalat"},"content":{"rendered":"<p>Asennuspuoli: Taka-akseli; Paksuus [mm]: 16,9; Kulumisenilmaisimen liitos: Ei kulumisenilmaisimelle; Jarruj\u00e4rjestelm\u00e4: TRW; M\u00e4\u00e4r\u00e4yksikk\u00f6: Akselisarja; Alustanumerosta: DH000001; LAND ROVER: FREELANDER 2 FA_,RANGE ROVER EVOQUE LV,RANGE ROVER EVOQUE Cabriolet LV_; VOLVO: XC60,V70 III BW,V60,XC70 II,S80 II AS,S60 II,XC60 II; FORD: S-MAX WA6,GALAXY WA6; 1426143, 1426144, 1439866, 1459450, 1503969, 1566233, 1655233, 1752093, 6G912M008FA, 6G912M008FB, 6G912M008FC, 6G912M008FD, ME6G9J2M008FA, ME6GJ2M008FA, LR027129, LR043285, LR043714, 30671574, 30671575, 30674575, 30675174, 30742491, 30742516, 30794554, 30794555, 3079554, 31317482, 31317483, 31445796; Jarrupalasarja,Jarrupala, Levyjarru<\/p>\n","protected":false},"excerpt":{"rendered":"<p>JP GROUP Jarrupalat JP Group 1563700810 Jarrupalasarja,Jarrupala, Levyjarru LAND ROVER,VOLVO,FORD,FREELANDER 2 FA_,RANGE ROVER EVOQUE LV<\/p>\n","protected":false},"featured_media":0,"template":"","meta":{"site-sidebar-layout":"default","site-content-layout":"default","ast-global-header-display":"","ast-main-header-display":"","ast-hfb-above-header-display":"","ast-hfb-below-header-display":"","ast-hfb-mobile-header-display":"","site-post-title":"","ast-breadcrumbs-content":"","ast-featured-img":"","footer-sml-layout":"","theme-transparent-header-meta":"","adv-header-id-meta":"","stick-header-meta":"","header-above-stick-meta":"","header-main-stick-meta":"","header-below-stick-meta":""},"pwb-brand":[131],"product_cat":[100],"product_tag":[],"class_list":{"0":"post-17429","1":"product","2":"type-product","3":"status-publish","5":"pwb-brand-jp-group","6":"product_cat-jarrupalat","7":"desktop-align-left","8":"tablet-align-left","9":"mobile-align-left","11":"first","12":"instock","13":"product-type-external"},"brands":[{"id":131,"name":"JP GROUP","slug":"jp-group"}],"_links":{"self":[{"href":"https:\/\/www.autonvaraosahaku.fi\/index.php?rest_route=\/wp\/v2\/product\/17429","targetHints":{"allow":["GET"]}}],"collection":[{"href":"https:\/\/www.autonvaraosahaku.fi\/index.php?rest_route=\/wp\/v2\/product"}],"about":[{"href":"https:\/\/www.autonvaraosahaku.fi\/index.php?rest_route=\/wp\/v2\/types\/product"}],"wp:attachment":[{"href":"https:\/\/www.autonvaraosahaku.fi\/index.php?rest_route=%2Fwp%2Fv2%2Fmedia&parent=17429"}],"wp:term":[{"taxonomy":"pwb-brand","embeddable":true,"href":"https:\/\/www.autonvaraosahaku.fi\/index.php?rest_route=%2Fwp%2Fv2%2Fpwb-brand&post=17429"},{"taxonomy":"product_cat","embeddable":true,"href":"https:\/\/www.autonvaraosahaku.fi\/index.php?rest_route=%2Fwp%2Fv2%2Fproduct_cat&post=17429"},{"taxonomy":"product_tag","embeddable":true,"href":"https:\/\/www.autonvaraosahaku.fi\/index.php?rest_route=%2Fwp%2Fv2%2Fproduct_tag&post=17429"}],"curies":[{"name":"wp","href":"https:\/\/api.w.org\/{rel}","templated":true}]}}